{"id":786,"date":"2019-04-03T00:23:56","date_gmt":"2019-04-02T22:23:56","guid":{"rendered":"https:\/\/www.big-brokers.ch\/?page_id=786"},"modified":"2022-02-28T12:00:13","modified_gmt":"2022-02-28T11:00:13","slug":"tcm-e-key-man-2","status":"publish","type":"page","link":"https:\/\/big-brokers.ch\/it\/tcm-e-key-man-2\/","title":{"rendered":"TCM e Key Man"},"content":{"rendered":"<div class=\"wpb-content-wrapper\"><p>[vc_row][vc_column] \n    <section class=\"content\">\n  <div class=\"container\">\n    <div class=\"row\">\n      <div class=\"col-12\">\n        <div class=\"section-title\"> <span><\/span>\n          <h2>TCM<\/h2>\n          <h6><\/h6>\n        <\/div>\n        <!-- end section-title -->\n      <\/div>\n      <!-- end col-12 -->\n      <div class=\"col-12\">\n        <p class=\"lead\">Nelle Polizze temporanee caso morte, il rischio \u00e8 legato alla vita dell\u2019assicurato ed \u00e8 interamente preso in carico dalla compagnia. <\/p><br>\n      <\/div>\n      <!-- end col-12 -->\n      <div class=\"col-lg-6\">\n        \n        <p>Una copertura assicurativa che prevede l\u2019erogazione di un capitale in caso di morte o invalidit\u00e0 dell\u2019assicurato o indennit\u00e0 in caso di incapacit\u00e0 temporanea. La compagnia assicuratrice si impegna a corrispondere ai beneficiari, delle polizza un indennizzo definito in fase di stipula del contratto. Il costo del premio annuo o mensile che il contraente dovr\u00e0 corrispondere alla compagnia dipende sia dall\u2019et\u00e0 e dalle condizioni di salute dell\u2019assicurato, sia dall\u2019ammontare della cifra assicurata.<\/p>\n      <\/div>\n      <!-- end col-col-6 -->\n      <div class=\"col-lg-6\">\n        <p>La polizza temporanea caso morte pu\u00f2 prevedere due possibilit\u00e0 di pagamento dell\u2019indennizzo stabilito e quindi di risoluzione del contratto. Una modalit\u00e0 \u00e8 quella per cui il suddetto indennizzo viene erogato alla morte dell\u2019assicurato, un\u2019altra \u00e8 quella per cui si stabilisce una data in cui tale indennizzo verr\u00e0 erogato a prescindere dal fatto che l\u2019assicurato sia nel frattempo deceduto oppure no.  <\/p>\n        <br>\n                    <!-- end progress-bar --> \n          <\/div>\n          <!-- end progress -->\n      <\/div>\n      <!-- end col-6 -->\n    <\/div>\n    <!-- end row -->\n  <\/div>\n  <!-- end container -->\n<\/section>\n[\/vc_column][\/vc_row][vc_row css=&#8221;.vc_custom_1556491058843{margin-top: -2% !important;}&#8221;][vc_column][vc_single_image image=&#8221;970&#8243; img_size=&#8221;1920&#215;600&#8243;][\/vc_column][\/vc_row][vc_row][vc_column] \n    <section class=\"content\">\n  <div class=\"container\">\n    <div class=\"row\">\n      <div class=\"col-12\">\n        <div class=\"section-title\"> <span><\/span>\n          <h2>KEY-MAN<\/h2>\n          <h6><\/h6>\n        <\/div>\n        <!-- end section-title -->\n      <\/div>\n      <!-- end col-12 -->\n      <div class=\"col-12\">\n        <p class=\"lead\">La polizza Key man protegge l\u2019impresa dalla perdita del cos\u00ec detto \u201cuomo chiave\u201d. In ogni azienda c&#039;\u00e8 un uomo chiave attorno a cui si sviluppa il successo dell&#039;impresa. Dall&#039;amministratore delegato sino a chi ricopre ruoli strategici, le persone di valore meritano un&#039;attenta protezione per fare in modo che il business non si fermi in caso di imprevisti. <\/p><br>\n      <\/div>\n      <!-- end col-12 -->\n      <div class=\"col-lg-6\">\n        \n        <p>La compagnia assicuratrice si impegna a corrispondere ai beneficiari, delle polizza un indennizzo definito in fase di stipula del contratto. Il costo del premio annuo o mensile che il contraente dovr\u00e0 corrispondere alla compagnia dipende sia dall\u2019et\u00e0 e dalle condizioni di salute dell\u2019assicurato, sia dall\u2019ammontare della cifra assicurata. La polizza key man copre i seguenti rischi:<br \/>\nDecesso (D) \u2013 per qualsiasi causa;<br \/>\nInvalidit\u00e0 Permanente Totale (IPT) \u2013 da infortunio o malattia.<\/p>\n      <\/div>\n      <!-- end col-col-6 -->\n      <div class=\"col-lg-6\">\n        <p>L\u2019assicurato pu\u00f2 scegliere nel corso degli anni di validit\u00e0 della Polizza che il capitale assicurato sia costante ovvero decrescente. Il Contraente designa i Beneficiari e pu\u00f2 in qualsiasi momento revocare o modificare tale designazione comunicandola per iscritto alla Compagnia o per testamento.  <\/p>\n        <br>\n                    <!-- end progress-bar --> \n          <\/div>\n          <!-- end progress -->\n      <\/div>\n      <!-- end col-6 -->\n    <\/div>\n    <!-- end row -->\n  <\/div>\n  <!-- end container -->\n<\/section>\n[\/vc_column][\/vc_row][vc_row][vc_column][vc_column_text]<br \/>\n[\/vc_column_text][\/vc_column][\/vc_row][vc_row full_width=&#8221;stretch_row_content_no_spaces&#8221; content_placement=&#8221;middle&#8221;][vc_column] \n    <section class=\"image-content-box\">\n  <div class=\"container\">\n    <div class=\"row\">\n      <div class=\"col-12 wow fadeIn\">\n        <div class=\"section-title\"> <span><\/span>\n          <h2>Scegli e Contatta il tuo Referente<\/h2>\n          <h6>Informazioni e consulenze personalizzate in tutto il Mondo.<\/h6>\n        <\/div>\n        <!-- end section-title --> \n      <\/div>\n      <!-- end col-12 -->\n      <div class=\"col-12\">\n              <div class=\"content-box wow fadeIn\">\n          <figure><img decoding=\"async\" src=\"https:\/\/big-brokers.ch\/wp-content\/uploads\/2019\/03\/image-8.png\" alt=\"Image\"><\/figure>\n          <h4>Area <\/br> Italia<\/h4>\n          <p><\/p>\n                <a href=\"https:\/\/www.big-brokers.ch\/it\/area-italia\/\"><img decoding=\"async\" src=\"https:\/\/big-brokers.ch\/wp-content\/themes\/uoncorp\/images\/icon-right-arrow.svg\" alt=\"Image\"><\/a>\n              <\/div>\n        <!-- end content-box -->\n                <div class=\"content-box wow fadeIn\">\n          <figure><img decoding=\"async\" src=\"https:\/\/big-brokers.ch\/wp-content\/uploads\/2019\/03\/Cartina_svizzera_.jpg\" alt=\"Image\"><\/figure>\n          <h4>Area <\/br>Svizzera<\/h4>\n          <p><\/p>\n                <a href=\"https:\/\/www.big-brokers.ch\/it\/area-svizzera\/\"><img decoding=\"async\" src=\"https:\/\/big-brokers.ch\/wp-content\/themes\/uoncorp\/images\/icon-right-arrow.svg\" alt=\"Image\"><\/a>\n              <\/div>\n        <!-- end content-box -->\n                <div class=\"content-box wow fadeIn\">\n          <figure><img decoding=\"async\" src=\"https:\/\/big-brokers.ch\/wp-content\/uploads\/2019\/03\/france-header.jpg\" alt=\"Image\"><\/figure>\n          <h4>Area Francia <\/br>e Monaco<\/h4>\n          <p><\/p>\n                <a href=\"https:\/\/www.big-brokers.ch\/it\/france-monaco\/\"><img decoding=\"async\" src=\"https:\/\/big-brokers.ch\/wp-content\/themes\/uoncorp\/images\/icon-right-arrow.svg\" alt=\"Image\"><\/a>\n              <\/div>\n        <!-- end content-box -->\n                <div class=\"content-box wow fadeIn\">\n          <figure><img decoding=\"async\" src=\"https:\/\/big-brokers.ch\/wp-content\/uploads\/2019\/03\/uk-header.jpg\" alt=\"Image\"><\/figure>\n          <h4>Area <\/br>Regno Unito<\/h4>\n          <p><\/p>\n                <a href=\"https:\/\/www.big-brokers.ch\/it\/area-regno-unito\/\"><img decoding=\"async\" src=\"https:\/\/big-brokers.ch\/wp-content\/themes\/uoncorp\/images\/icon-right-arrow.svg\" alt=\"Image\"><\/a>\n              <\/div>\n        <!-- end content-box -->\n                <div class=\"content-box wow fadeIn\">\n          <figure><img decoding=\"async\" src=\"https:\/\/big-brokers.ch\/wp-content\/uploads\/2019\/03\/greece-header.jpg\" alt=\"Image\"><\/figure>\n          <h4>Area Grecia <\/br>e Middle East<\/h4>\n          <p><\/p>\n                <a href=\"https:\/\/www.big-brokers.ch\/it\/area-grecia-e-middle-east\/\"><img decoding=\"async\" src=\"https:\/\/big-brokers.ch\/wp-content\/themes\/uoncorp\/images\/icon-right-arrow.svg\" alt=\"Image\"><\/a>\n              <\/div>\n        <!-- end content-box -->\n                <div class=\"content-box wow fadeIn\">\n          <figure><img decoding=\"async\" src=\"https:\/\/big-brokers.ch\/wp-content\/uploads\/2019\/03\/latam-header.jpg\" alt=\"Image\"><\/figure>\n          <h4>Area <\/br>Spagna e LatAm<\/h4>\n          <p><\/p>\n                <a href=\"https:\/\/www.big-brokers.ch\/it\/area-spagna-e-latam\/\"><img decoding=\"async\" src=\"https:\/\/big-brokers.ch\/wp-content\/themes\/uoncorp\/images\/icon-right-arrow.svg\" alt=\"Image\"><\/a>\n              <\/div>\n        <!-- end content-box -->\n                <!-- end content-box --> \n      <\/div>\n      <!-- end col-12 --> \n    <\/div>\n    <!-- end row --> \n  <\/div>\n  <!-- end container --> \n<\/section>\n[\/vc_column][\/vc_row]<\/p>\n<\/div>","protected":false},"excerpt":{"rendered":"<p>[vc_row][vc_column][\/vc_column][\/vc_row][vc_row css=&#8221;.vc_custom_1556491058843{margin-top: -2% !important;}&#8221;][vc_column][vc_single_image image=&#8221;970&#8243; img_size=&#8221;1920&#215;600&#8243;][\/vc_column][\/vc_row][vc_row][vc_column][\/vc_column][\/vc_row][vc_row][vc_column][vc_column_text] [\/vc_column_text][\/vc_column][\/vc_row][vc_row full_width=&#8221;stretch_row_content_no_spaces&#8221; content_placement=&#8221;middle&#8221;][vc_column][\/vc_column][\/vc_row]<\/p>\n","protected":false},"author":3,"featured_media":0,"parent":0,"menu_order":0,"comment_status":"closed","ping_status":"closed","template":"page-templates\/other-page.php","meta":{"footnotes":""},"class_list":["post-786","page","type-page","status-publish","hentry"],"yoast_head":"<!-- This site is optimized with the Yoast SEO plugin v25.3.1 - https:\/\/yoast.com\/wordpress\/plugins\/seo\/ -->\n<title>TCM e Key Man - BIG Insurance Brokers<\/title>\n<meta name=\"robots\" content=\"index, follow, max-snippet:-1, max-image-preview:large, max-video-preview:-1\" \/>\n<link rel=\"canonical\" href=\"https:\/\/big-brokers.ch\/it\/tcm-e-key-man-2\/\" \/>\n<meta property=\"og:locale\" content=\"it_IT\" \/>\n<meta property=\"og:type\" content=\"article\" \/>\n<meta property=\"og:title\" content=\"TCM e Key Man - BIG Insurance Brokers\" \/>\n<meta property=\"og:description\" content=\"[vc_row][vc_column][\/vc_column][\/vc_row][vc_row css=&#8221;.vc_custom_1556491058843{margin-top: -2% !important;}&#8221;][vc_column][vc_single_image image=&#8221;970&#8243; img_size=&#8221;1920&#215;600&#8243;][\/vc_column][\/vc_row][vc_row][vc_column][\/vc_column][\/vc_row][vc_row][vc_column][vc_column_text] [\/vc_column_text][\/vc_column][\/vc_row][vc_row full_width=&#8221;stretch_row_content_no_spaces&#8221; content_placement=&#8221;middle&#8221;][vc_column][\/vc_column][\/vc_row]\" \/>\n<meta property=\"og:url\" content=\"https:\/\/big-brokers.ch\/it\/tcm-e-key-man-2\/\" \/>\n<meta property=\"og:site_name\" content=\"BIG Insurance Brokers\" \/>\n<meta property=\"article:modified_time\" content=\"2022-02-28T11:00:13+00:00\" \/>\n<meta name=\"twitter:card\" content=\"summary_large_image\" \/>\n<meta name=\"twitter:label1\" content=\"Tempo di lettura stimato\" \/>\n\t<meta name=\"twitter:data1\" content=\"3 minuti\" \/>\n<script type=\"application\/ld+json\" class=\"yoast-schema-graph\">{\"@context\":\"https:\/\/schema.org\",\"@graph\":[{\"@type\":\"WebPage\",\"@id\":\"https:\/\/big-brokers.ch\/it\/tcm-e-key-man-2\/\",\"url\":\"https:\/\/big-brokers.ch\/it\/tcm-e-key-man-2\/\",\"name\":\"TCM e Key Man - BIG Insurance Brokers\",\"isPartOf\":{\"@id\":\"https:\/\/big-brokers.ch\/it\/#website\"},\"datePublished\":\"2019-04-02T22:23:56+00:00\",\"dateModified\":\"2022-02-28T11:00:13+00:00\",\"breadcrumb\":{\"@id\":\"https:\/\/big-brokers.ch\/it\/tcm-e-key-man-2\/#breadcrumb\"},\"inLanguage\":\"it-IT\",\"potentialAction\":[{\"@type\":\"ReadAction\",\"target\":[\"https:\/\/big-brokers.ch\/it\/tcm-e-key-man-2\/\"]}]},{\"@type\":\"BreadcrumbList\",\"@id\":\"https:\/\/big-brokers.ch\/it\/tcm-e-key-man-2\/#breadcrumb\",\"itemListElement\":[{\"@type\":\"ListItem\",\"position\":1,\"name\":\"Home\",\"item\":\"https:\/\/big-brokers.ch\/it\/\"},{\"@type\":\"ListItem\",\"position\":2,\"name\":\"TCM e Key Man\"}]},{\"@type\":\"WebSite\",\"@id\":\"https:\/\/big-brokers.ch\/it\/#website\",\"url\":\"https:\/\/big-brokers.ch\/it\/\",\"name\":\"BIG Insurance Brokers\",\"description\":\"we are your international brokers\",\"publisher\":{\"@id\":\"https:\/\/big-brokers.ch\/it\/#organization\"},\"potentialAction\":[{\"@type\":\"SearchAction\",\"target\":{\"@type\":\"EntryPoint\",\"urlTemplate\":\"https:\/\/big-brokers.ch\/it\/?s={search_term_string}\"},\"query-input\":{\"@type\":\"PropertyValueSpecification\",\"valueRequired\":true,\"valueName\":\"search_term_string\"}}],\"inLanguage\":\"it-IT\"},{\"@type\":\"Organization\",\"@id\":\"https:\/\/big-brokers.ch\/it\/#organization\",\"name\":\"BIG Insurance Brokers\",\"url\":\"https:\/\/big-brokers.ch\/it\/\",\"logo\":{\"@type\":\"ImageObject\",\"inLanguage\":\"it-IT\",\"@id\":\"https:\/\/big-brokers.ch\/it\/#\/schema\/logo\/image\/\",\"url\":\"https:\/\/big-brokers.ch\/wp-content\/uploads\/2019\/08\/big-insurance-brokers-logo.png\",\"contentUrl\":\"https:\/\/big-brokers.ch\/wp-content\/uploads\/2019\/08\/big-insurance-brokers-logo.png\",\"width\":300,\"height\":143,\"caption\":\"BIG Insurance Brokers\"},\"image\":{\"@id\":\"https:\/\/big-brokers.ch\/it\/#\/schema\/logo\/image\/\"}}]}<\/script>\n<!-- \/ Yoast SEO plugin. -->","yoast_head_json":{"title":"TCM e Key Man - BIG Insurance Brokers","robots":{"index":"index","follow":"follow","max-snippet":"max-snippet:-1","max-image-preview":"max-image-preview:large","max-video-preview":"max-video-preview:-1"},"canonical":"https:\/\/big-brokers.ch\/it\/tcm-e-key-man-2\/","og_locale":"it_IT","og_type":"article","og_title":"TCM e Key Man - BIG Insurance Brokers","og_description":"[vc_row][vc_column][\/vc_column][\/vc_row][vc_row css=&#8221;.vc_custom_1556491058843{margin-top: -2% !important;}&#8221;][vc_column][vc_single_image image=&#8221;970&#8243; img_size=&#8221;1920&#215;600&#8243;][\/vc_column][\/vc_row][vc_row][vc_column][\/vc_column][\/vc_row][vc_row][vc_column][vc_column_text] [\/vc_column_text][\/vc_column][\/vc_row][vc_row full_width=&#8221;stretch_row_content_no_spaces&#8221; content_placement=&#8221;middle&#8221;][vc_column][\/vc_column][\/vc_row]","og_url":"https:\/\/big-brokers.ch\/it\/tcm-e-key-man-2\/","og_site_name":"BIG Insurance Brokers","article_modified_time":"2022-02-28T11:00:13+00:00","twitter_card":"summary_large_image","twitter_misc":{"Tempo di lettura stimato":"3 minuti"},"schema":{"@context":"https:\/\/schema.org","@graph":[{"@type":"WebPage","@id":"https:\/\/big-brokers.ch\/it\/tcm-e-key-man-2\/","url":"https:\/\/big-brokers.ch\/it\/tcm-e-key-man-2\/","name":"TCM e Key Man - BIG Insurance Brokers","isPartOf":{"@id":"https:\/\/big-brokers.ch\/it\/#website"},"datePublished":"2019-04-02T22:23:56+00:00","dateModified":"2022-02-28T11:00:13+00:00","breadcrumb":{"@id":"https:\/\/big-brokers.ch\/it\/tcm-e-key-man-2\/#breadcrumb"},"inLanguage":"it-IT","potentialAction":[{"@type":"ReadAction","target":["https:\/\/big-brokers.ch\/it\/tcm-e-key-man-2\/"]}]},{"@type":"BreadcrumbList","@id":"https:\/\/big-brokers.ch\/it\/tcm-e-key-man-2\/#breadcrumb","itemListElement":[{"@type":"ListItem","position":1,"name":"Home","item":"https:\/\/big-brokers.ch\/it\/"},{"@type":"ListItem","position":2,"name":"TCM e Key Man"}]},{"@type":"WebSite","@id":"https:\/\/big-brokers.ch\/it\/#website","url":"https:\/\/big-brokers.ch\/it\/","name":"BIG Insurance Brokers","description":"we are your international brokers","publisher":{"@id":"https:\/\/big-brokers.ch\/it\/#organization"},"potentialAction":[{"@type":"SearchAction","target":{"@type":"EntryPoint","urlTemplate":"https:\/\/big-brokers.ch\/it\/?s={search_term_string}"},"query-input":{"@type":"PropertyValueSpecification","valueRequired":true,"valueName":"search_term_string"}}],"inLanguage":"it-IT"},{"@type":"Organization","@id":"https:\/\/big-brokers.ch\/it\/#organization","name":"BIG Insurance Brokers","url":"https:\/\/big-brokers.ch\/it\/","logo":{"@type":"ImageObject","inLanguage":"it-IT","@id":"https:\/\/big-brokers.ch\/it\/#\/schema\/logo\/image\/","url":"https:\/\/big-brokers.ch\/wp-content\/uploads\/2019\/08\/big-insurance-brokers-logo.png","contentUrl":"https:\/\/big-brokers.ch\/wp-content\/uploads\/2019\/08\/big-insurance-brokers-logo.png","width":300,"height":143,"caption":"BIG Insurance Brokers"},"image":{"@id":"https:\/\/big-brokers.ch\/it\/#\/schema\/logo\/image\/"}}]}},"_links":{"self":[{"href":"https:\/\/big-brokers.ch\/it\/wp-json\/wp\/v2\/pages\/786","targetHints":{"allow":["GET"]}}],"collection":[{"href":"https:\/\/big-brokers.ch\/it\/wp-json\/wp\/v2\/pages"}],"about":[{"href":"https:\/\/big-brokers.ch\/it\/wp-json\/wp\/v2\/types\/page"}],"author":[{"embeddable":true,"href":"https:\/\/big-brokers.ch\/it\/wp-json\/wp\/v2\/users\/3"}],"replies":[{"embeddable":true,"href":"https:\/\/big-brokers.ch\/it\/wp-json\/wp\/v2\/comments?post=786"}],"version-history":[{"count":26,"href":"https:\/\/big-brokers.ch\/it\/wp-json\/wp\/v2\/pages\/786\/revisions"}],"predecessor-version":[{"id":4941,"href":"https:\/\/big-brokers.ch\/it\/wp-json\/wp\/v2\/pages\/786\/revisions\/4941"}],"wp:attachment":[{"href":"https:\/\/big-brokers.ch\/it\/wp-json\/wp\/v2\/media?parent=786"}],"curies":[{"name":"wp","href":"https:\/\/api.w.org\/{rel}","templated":true}]}}