{"id":763,"date":"2019-04-02T23:55:59","date_gmt":"2019-04-02T21:55:59","guid":{"rendered":"https:\/\/www.big-brokers.ch\/?page_id=763"},"modified":"2025-10-22T11:41:31","modified_gmt":"2025-10-22T09:41:31","slug":"offerta-integrata","status":"publish","type":"page","link":"https:\/\/big-brokers.ch\/it\/offerta-integrata\/","title":{"rendered":"Offerta Integrata"},"content":{"rendered":"<div class=\"wpb-content-wrapper\"><p>[vc_row][vc_column] \n    <section class=\"content\">\n  <div class=\"container\">\n    <div class=\"row\">\n      <div class=\"col-12\">\n        <div class=\"section-title\"> <span><\/span>\n          <h2>BIG Insurance Brokers e la sua offerta integrata<\/h2>\n          <h6>Perch\u00e9 siamo diversi?<\/h6>\n        <\/div>\n        <!-- end section-title -->\n      <\/div>\n      <!-- end col-12 -->\n      <div class=\"col-12\">\n        <p class=\"lead\">BIG Insurance Brokers \u00e8 l\u2019unica realt\u00e0 attiva in ben tre sedi dislocate nel cuore finanziario dell&#039;Europa (Svizzera, Monaco e Francia) a offrire una consulenza assicurativa alla clientela europea e internazionale su polizze vita di tipo finanziario e nel contempo sugli \u201caltri rischi individuali\u201d. <\/p><br>\n      <\/div>\n      <!-- end col-12 -->\n      <div class=\"col-lg-6\">\n        \n        <p>La societ\u00e0 nasce come consulente assicurativo, con una specializzazione mirata in polizze vita di tipo finanziario, e ha allargato il ventaglio delle proposte a coperture assicurative individuali offerte alla clientela tipica del private banking: oltre alle coperture assicurative vita e soluzioni di pianificazione successoria per garantire il passaggio generazionale dei beni ai figli, proponiamo soluzioni nel ramo properties - ville o case di lusso, yachting, supercar, collezioni preziose di vario tipo, in particolare gioielli e opere d\u2019arte. BIG Insurance Brokers \u00e8 inoltre in grado di coprire i cosiddetti rischi di ruolo, come ad esempio quelli collegati alla carica di amministratore delegato.<\/p>\n<p>Trasparenza e completa indipendenza dal mercato sono qualit\u00e0 che permettono a BIG Insurance Brokers di collaborare da sempre con i maggiori family office e le principali istituzioni bancarie.<\/p>\n      <\/div>\n      <!-- end col-col-6 -->\n      <div class=\"col-lg-6\">\n        <p>BIG Insurance Brokers, in quanto consulente, non ha dei monomandati, ma si mantiene completamente aperto al mercato. La societ\u00e0 agisce dunque nell\u2019interesse del cliente da cui riceve il mandato, trovando di volta in volta il prodotto a lui pi\u00f9 congeniale e pi\u00f9 idoneo a coprire i suoi rischi.<\/p>\n<p>Essere consulenti regolamentati ed indipendenti \u00e8 un fattore che fa la differenza nel mercato; la nostra presenza nel network Marsh, leader mondiale nell\u2019intermediazione assicurativa e nella consulenza sui rischi, il cui nome \u00e8 sinonimo di responsabilit\u00e0, ci consente di proporre i prodotti assicurativi pi\u00f9 affidabili ai prezzi migliori del mercato.  <\/p>\n        <br>\n                 <div class=\"progress-infos\"><small><strong><\/strong><\/small> \n         <small class=\"pull-right\"><\/small> <\/div>\n          <!-- end progress-infos -->\n          <div class=\"progress\">\n            <div class=\"progress-bar wow progress-one\" style=\"width:  !important;\"> <\/div>\n            <!-- end progress-bar --> \n          <\/div>\n          <!-- end progress -->\n                      <!-- end progress-bar --> \n          <\/div>\n          <!-- end progress -->\n      <\/div>\n      <!-- end col-6 -->\n    <\/div>\n    <!-- end row -->\n  <\/div>\n  <!-- end container -->\n<\/section>\n[\/vc_column][\/vc_row][vc_row full_width=&#8221;stretch_row_content_no_spaces&#8221; el_class=&#8221;nopadding&#8221;][vc_column] \n    <section class=\"side-image-content\" id=\"counter\">\n  <div class=\"sides bg-image wow fadeIn\" data-background=\"https:\/\/big-brokers.ch\/wp-content\/uploads\/2019\/03\/slide-2.jpg\"> <\/div>\n  <!-- end sides -->\n  <div class=\"sides bg-color wow fadeIn\" data-background=\"#405089\">\n    <div class=\"inner\">\n      <div class=\"section-title light\"> <span><\/span>\n        <h2>NORMATIVA E SANZIONI RELATIVE ALL\u2019INTERMEDIAZIONE ASSICURATIVA<\/h2>\n        <h6>Le soluzioni di BIG Insurance Brokers<\/h6>\n      <\/div>\n      <!-- end section-title -->\n      <p>A seguito dell\u2019introduzione della normativa IDD (Insurance Directive Distribution), l\u2019attivit\u00e0 di collocamento, assistenza, consulenza e, in generale, qualsiasi attivit\u00e0 avente per oggetto un contratto assicurativo e per soggetto un rischio ubicato in un paese europeo, richiede specificatamente una licenza simile a quella per l\u2019attivit\u00e0 finanziaria. BIG Insurance Brokers \u00e8 abilitata a operare sui mercati europei grazie alla licenza di libera prestazione di servizi svolgendo attivit\u00e0 cross-bording ed \u00e8 in grado di fornire soluzioni e risposte per individui High Net Worth (HNW) e per i loro family office in tutto il mondo.<\/p>\n      <img decoding=\"async\" src=\"https:\/\/big-brokers.ch\/wp-content\/uploads\/2019\/07\/BIG-Insurance-Brokers-white.png\" alt=\"Image\"> <\/div>\n    <!-- end inner --> \n  <\/div>\n  <!-- end sides --> \n<\/section>\n[\/vc_column][\/vc_row][vc_row full_width=&#8221;stretch_row_content_no_spaces&#8221; content_placement=&#8221;middle&#8221;][vc_column] \n    <section class=\"image-content-box\">\n  <div class=\"container\">\n    <div class=\"row\">\n      <div class=\"col-12 wow fadeIn\">\n        <div class=\"section-title\"> <span><\/span>\n          <h2>Scegli e Contatta il tuo Referente<\/h2>\n          <h6>Informazioni e consulenze personalizzate in tutto il Mondo.<\/h6>\n        <\/div>\n        <!-- end section-title --> \n      <\/div>\n      <!-- end col-12 -->\n      <div class=\"col-12\">\n              <div class=\"content-box wow fadeIn\">\n          <figure><img decoding=\"async\" src=\"https:\/\/big-brokers.ch\/wp-content\/uploads\/2019\/03\/image-8.png\" alt=\"Image\"><\/figure>\n          <h4>Area <\/br> Italia<\/h4>\n          <p><\/p>\n                <a href=\"https:\/\/www.big-brokers.ch\/it\/area-italia\/\"><img decoding=\"async\" src=\"https:\/\/big-brokers.ch\/wp-content\/themes\/uoncorp\/images\/icon-right-arrow.svg\" alt=\"Image\"><\/a>\n              <\/div>\n        <!-- end content-box -->\n                <div class=\"content-box wow fadeIn\">\n          <figure><img decoding=\"async\" src=\"https:\/\/big-brokers.ch\/wp-content\/uploads\/2019\/03\/Cartina_svizzera_.jpg\" alt=\"Image\"><\/figure>\n          <h4>Area <\/br>Svizzera<\/h4>\n          <p><\/p>\n                <a href=\"https:\/\/www.big-brokers.ch\/it\/area-svizzera\/\"><img decoding=\"async\" src=\"https:\/\/big-brokers.ch\/wp-content\/themes\/uoncorp\/images\/icon-right-arrow.svg\" alt=\"Image\"><\/a>\n              <\/div>\n        <!-- end content-box -->\n                <div class=\"content-box wow fadeIn\">\n          <figure><img decoding=\"async\" src=\"https:\/\/big-brokers.ch\/wp-content\/uploads\/2019\/03\/france-header.jpg\" alt=\"Image\"><\/figure>\n          <h4>Area Francia<\/br> e Monaco<\/h4>\n          <p><\/p>\n                <a href=\"https:\/\/www.big-brokers.ch\/it\/france-monaco\/\"><img decoding=\"async\" src=\"https:\/\/big-brokers.ch\/wp-content\/themes\/uoncorp\/images\/icon-right-arrow.svg\" alt=\"Image\"><\/a>\n              <\/div>\n        <!-- end content-box -->\n                <div class=\"content-box wow fadeIn\">\n          <figure><img decoding=\"async\" src=\"https:\/\/big-brokers.ch\/wp-content\/uploads\/2019\/03\/uk-header.jpg\" alt=\"Image\"><\/figure>\n          <h4>Area <\/br>Regno Unito<\/h4>\n          <p><\/p>\n                <a href=\"https:\/\/www.big-brokers.ch\/it\/area-regno-unito\/\"><img decoding=\"async\" src=\"https:\/\/big-brokers.ch\/wp-content\/themes\/uoncorp\/images\/icon-right-arrow.svg\" alt=\"Image\"><\/a>\n              <\/div>\n        <!-- end content-box -->\n                <div class=\"content-box wow fadeIn\">\n          <figure><img decoding=\"async\" src=\"https:\/\/big-brokers.ch\/wp-content\/uploads\/2019\/03\/greece-header.jpg\" alt=\"Image\"><\/figure>\n          <h4>Area Grecia <\/br>e Middle East<\/h4>\n          <p><\/p>\n                <a href=\"https:\/\/www.big-brokers.ch\/it\/area-grecia-e-middle-east\/\"><img decoding=\"async\" src=\"https:\/\/big-brokers.ch\/wp-content\/themes\/uoncorp\/images\/icon-right-arrow.svg\" alt=\"Image\"><\/a>\n              <\/div>\n        <!-- end content-box -->\n                <div class=\"content-box wow fadeIn\">\n          <figure><img decoding=\"async\" src=\"https:\/\/big-brokers.ch\/wp-content\/uploads\/2019\/03\/latam-header.jpg\" alt=\"Image\"><\/figure>\n          <h4>Area <\/br>Spagna e LatAm<\/h4>\n          <p><\/p>\n                <a href=\"https:\/\/www.big-brokers.ch\/it\/area-spagna-e-latam\/\"><img decoding=\"async\" src=\"https:\/\/big-brokers.ch\/wp-content\/themes\/uoncorp\/images\/icon-right-arrow.svg\" alt=\"Image\"><\/a>\n              <\/div>\n        <!-- end content-box -->\n                <!-- end content-box --> \n      <\/div>\n      <!-- end col-12 --> \n    <\/div>\n    <!-- end row --> \n  <\/div>\n  <!-- end container --> \n<\/section>\n[\/vc_column][\/vc_row]<\/p>\n<\/div>","protected":false},"excerpt":{"rendered":"<p>[vc_row][vc_column][\/vc_column][\/vc_row][vc_row full_width=&#8221;stretch_row_content_no_spaces&#8221; el_class=&#8221;nopadding&#8221;][vc_column][\/vc_column][\/vc_row][vc_row full_width=&#8221;stretch_row_content_no_spaces&#8221; content_placement=&#8221;middle&#8221;][vc_column][\/vc_column][\/vc_row]<\/p>\n","protected":false},"author":3,"featured_media":0,"parent":0,"menu_order":0,"comment_status":"closed","ping_status":"closed","template":"page-templates\/other-page.php","meta":{"footnotes":""},"class_list":["post-763","page","type-page","status-publish","hentry"],"yoast_head":"<!-- This site is optimized with the Yoast SEO plugin v25.3.1 - https:\/\/yoast.com\/wordpress\/plugins\/seo\/ -->\n<title>Offerta Integrata - BIG Insurance Brokers<\/title>\n<meta name=\"description\" content=\"Un\u2019offerta integrata di servizi assicurativi e finanziari per una protezione completa e coordinata di persone, aziende e patrimoni.\" \/>\n<meta name=\"robots\" content=\"index, follow, max-snippet:-1, max-image-preview:large, max-video-preview:-1\" \/>\n<link rel=\"canonical\" href=\"https:\/\/big-brokers.ch\/it\/offerta-integrata\/\" \/>\n<meta property=\"og:locale\" content=\"it_IT\" \/>\n<meta property=\"og:type\" content=\"article\" \/>\n<meta property=\"og:title\" content=\"Offerta Integrata - BIG Insurance Brokers\" \/>\n<meta property=\"og:description\" content=\"Un\u2019offerta integrata di servizi assicurativi e finanziari per una protezione completa e coordinata di persone, aziende e patrimoni.\" \/>\n<meta property=\"og:url\" content=\"https:\/\/big-brokers.ch\/it\/offerta-integrata\/\" \/>\n<meta property=\"og:site_name\" content=\"BIG Insurance Brokers\" \/>\n<meta property=\"article:modified_time\" content=\"2025-10-22T09:41:31+00:00\" \/>\n<meta name=\"twitter:card\" content=\"summary_large_image\" \/>\n<meta name=\"twitter:title\" content=\"Offerta Integrata - BIG Insurance Brokers\" \/>\n<meta name=\"twitter:description\" content=\"Un\u2019offerta integrata di servizi assicurativi e finanziari per una protezione completa e coordinata di persone, aziende e patrimoni.\" \/>\n<meta name=\"twitter:label1\" content=\"Tempo di lettura stimato\" \/>\n\t<meta name=\"twitter:data1\" content=\"3 minuti\" \/>\n<script type=\"application\/ld+json\" class=\"yoast-schema-graph\">{\"@context\":\"https:\/\/schema.org\",\"@graph\":[{\"@type\":\"WebPage\",\"@id\":\"https:\/\/big-brokers.ch\/it\/offerta-integrata\/\",\"url\":\"https:\/\/big-brokers.ch\/it\/offerta-integrata\/\",\"name\":\"Offerta Integrata - BIG Insurance Brokers\",\"isPartOf\":{\"@id\":\"https:\/\/big-brokers.ch\/it\/#website\"},\"datePublished\":\"2019-04-02T21:55:59+00:00\",\"dateModified\":\"2025-10-22T09:41:31+00:00\",\"description\":\"Un\u2019offerta integrata di servizi assicurativi e finanziari per una protezione completa e coordinata di persone, aziende e patrimoni.\",\"breadcrumb\":{\"@id\":\"https:\/\/big-brokers.ch\/it\/offerta-integrata\/#breadcrumb\"},\"inLanguage\":\"it-IT\",\"potentialAction\":[{\"@type\":\"ReadAction\",\"target\":[\"https:\/\/big-brokers.ch\/it\/offerta-integrata\/\"]}]},{\"@type\":\"BreadcrumbList\",\"@id\":\"https:\/\/big-brokers.ch\/it\/offerta-integrata\/#breadcrumb\",\"itemListElement\":[{\"@type\":\"ListItem\",\"position\":1,\"name\":\"Home\",\"item\":\"https:\/\/big-brokers.ch\/it\/\"},{\"@type\":\"ListItem\",\"position\":2,\"name\":\"Offerta Integrata\"}]},{\"@type\":\"WebSite\",\"@id\":\"https:\/\/big-brokers.ch\/it\/#website\",\"url\":\"https:\/\/big-brokers.ch\/it\/\",\"name\":\"BIG Insurance Brokers\",\"description\":\"we are your international brokers\",\"publisher\":{\"@id\":\"https:\/\/big-brokers.ch\/it\/#organization\"},\"potentialAction\":[{\"@type\":\"SearchAction\",\"target\":{\"@type\":\"EntryPoint\",\"urlTemplate\":\"https:\/\/big-brokers.ch\/it\/?s={search_term_string}\"},\"query-input\":{\"@type\":\"PropertyValueSpecification\",\"valueRequired\":true,\"valueName\":\"search_term_string\"}}],\"inLanguage\":\"it-IT\"},{\"@type\":\"Organization\",\"@id\":\"https:\/\/big-brokers.ch\/it\/#organization\",\"name\":\"BIG Insurance Brokers\",\"url\":\"https:\/\/big-brokers.ch\/it\/\",\"logo\":{\"@type\":\"ImageObject\",\"inLanguage\":\"it-IT\",\"@id\":\"https:\/\/big-brokers.ch\/it\/#\/schema\/logo\/image\/\",\"url\":\"https:\/\/big-brokers.ch\/wp-content\/uploads\/2019\/08\/big-insurance-brokers-logo.png\",\"contentUrl\":\"https:\/\/big-brokers.ch\/wp-content\/uploads\/2019\/08\/big-insurance-brokers-logo.png\",\"width\":300,\"height\":143,\"caption\":\"BIG Insurance Brokers\"},\"image\":{\"@id\":\"https:\/\/big-brokers.ch\/it\/#\/schema\/logo\/image\/\"}}]}<\/script>\n<!-- \/ Yoast SEO plugin. -->","yoast_head_json":{"title":"Offerta Integrata - BIG Insurance Brokers","description":"Un\u2019offerta integrata di servizi assicurativi e finanziari per una protezione completa e coordinata di persone, aziende e patrimoni.","robots":{"index":"index","follow":"follow","max-snippet":"max-snippet:-1","max-image-preview":"max-image-preview:large","max-video-preview":"max-video-preview:-1"},"canonical":"https:\/\/big-brokers.ch\/it\/offerta-integrata\/","og_locale":"it_IT","og_type":"article","og_title":"Offerta Integrata - BIG Insurance Brokers","og_description":"Un\u2019offerta integrata di servizi assicurativi e finanziari per una protezione completa e coordinata di persone, aziende e patrimoni.","og_url":"https:\/\/big-brokers.ch\/it\/offerta-integrata\/","og_site_name":"BIG Insurance Brokers","article_modified_time":"2025-10-22T09:41:31+00:00","twitter_card":"summary_large_image","twitter_title":"Offerta Integrata - BIG Insurance Brokers","twitter_description":"Un\u2019offerta integrata di servizi assicurativi e finanziari per una protezione completa e coordinata di persone, aziende e patrimoni.","twitter_misc":{"Tempo di lettura stimato":"3 minuti"},"schema":{"@context":"https:\/\/schema.org","@graph":[{"@type":"WebPage","@id":"https:\/\/big-brokers.ch\/it\/offerta-integrata\/","url":"https:\/\/big-brokers.ch\/it\/offerta-integrata\/","name":"Offerta Integrata - BIG Insurance Brokers","isPartOf":{"@id":"https:\/\/big-brokers.ch\/it\/#website"},"datePublished":"2019-04-02T21:55:59+00:00","dateModified":"2025-10-22T09:41:31+00:00","description":"Un\u2019offerta integrata di servizi assicurativi e finanziari per una protezione completa e coordinata di persone, aziende e patrimoni.","breadcrumb":{"@id":"https:\/\/big-brokers.ch\/it\/offerta-integrata\/#breadcrumb"},"inLanguage":"it-IT","potentialAction":[{"@type":"ReadAction","target":["https:\/\/big-brokers.ch\/it\/offerta-integrata\/"]}]},{"@type":"BreadcrumbList","@id":"https:\/\/big-brokers.ch\/it\/offerta-integrata\/#breadcrumb","itemListElement":[{"@type":"ListItem","position":1,"name":"Home","item":"https:\/\/big-brokers.ch\/it\/"},{"@type":"ListItem","position":2,"name":"Offerta Integrata"}]},{"@type":"WebSite","@id":"https:\/\/big-brokers.ch\/it\/#website","url":"https:\/\/big-brokers.ch\/it\/","name":"BIG Insurance Brokers","description":"we are your international brokers","publisher":{"@id":"https:\/\/big-brokers.ch\/it\/#organization"},"potentialAction":[{"@type":"SearchAction","target":{"@type":"EntryPoint","urlTemplate":"https:\/\/big-brokers.ch\/it\/?s={search_term_string}"},"query-input":{"@type":"PropertyValueSpecification","valueRequired":true,"valueName":"search_term_string"}}],"inLanguage":"it-IT"},{"@type":"Organization","@id":"https:\/\/big-brokers.ch\/it\/#organization","name":"BIG Insurance Brokers","url":"https:\/\/big-brokers.ch\/it\/","logo":{"@type":"ImageObject","inLanguage":"it-IT","@id":"https:\/\/big-brokers.ch\/it\/#\/schema\/logo\/image\/","url":"https:\/\/big-brokers.ch\/wp-content\/uploads\/2019\/08\/big-insurance-brokers-logo.png","contentUrl":"https:\/\/big-brokers.ch\/wp-content\/uploads\/2019\/08\/big-insurance-brokers-logo.png","width":300,"height":143,"caption":"BIG Insurance Brokers"},"image":{"@id":"https:\/\/big-brokers.ch\/it\/#\/schema\/logo\/image\/"}}]}},"_links":{"self":[{"href":"https:\/\/big-brokers.ch\/it\/wp-json\/wp\/v2\/pages\/763","targetHints":{"allow":["GET"]}}],"collection":[{"href":"https:\/\/big-brokers.ch\/it\/wp-json\/wp\/v2\/pages"}],"about":[{"href":"https:\/\/big-brokers.ch\/it\/wp-json\/wp\/v2\/types\/page"}],"author":[{"embeddable":true,"href":"https:\/\/big-brokers.ch\/it\/wp-json\/wp\/v2\/users\/3"}],"replies":[{"embeddable":true,"href":"https:\/\/big-brokers.ch\/it\/wp-json\/wp\/v2\/comments?post=763"}],"version-history":[{"count":18,"href":"https:\/\/big-brokers.ch\/it\/wp-json\/wp\/v2\/pages\/763\/revisions"}],"predecessor-version":[{"id":7143,"href":"https:\/\/big-brokers.ch\/it\/wp-json\/wp\/v2\/pages\/763\/revisions\/7143"}],"wp:attachment":[{"href":"https:\/\/big-brokers.ch\/it\/wp-json\/wp\/v2\/media?parent=763"}],"curies":[{"name":"wp","href":"https:\/\/api.w.org\/{rel}","templated":true}]}}