{"id":4533,"date":"2021-04-17T15:19:06","date_gmt":"2021-04-17T13:19:06","guid":{"rendered":"https:\/\/www.big-brokers.ch\/?page_id=4533"},"modified":"2025-07-03T16:46:10","modified_gmt":"2025-07-03T14:46:10","slug":"clientela-individuale-europea","status":"publish","type":"page","link":"https:\/\/big-brokers.ch\/it\/soluzioni-assicurative-europa\/clientela-individuale-europea\/","title":{"rendered":"Clientela Individuale Monaco ed Europea"},"content":{"rendered":"<div class=\"wpb-content-wrapper\"><p>[vc_row type_row=&#8221;contact&#8221; el_class=&#8221;nopadding&#8221; css=&#8221;.vc_custom_1646040201981{margin-top: -400px !important;}&#8221;][vc_column wap_class=&#8221;wow fadeIn&#8221;][vc_row_inner content_placement=&#8221;middle&#8221; el_class=&#8221;row&#8221; css=&#8221;.vc_custom_1646040596674{padding-right: 5% !important;padding-left: 5% !important;}&#8221;][vc_column_inner width=&#8221;2\/3&#8243;][vc_custom_heading text=&#8221;Soluzioni assicurative su misura per i residenti in Europa&#8221; font_container=&#8221;tag:h2|text_align:left|color:%23435185&#8243; css=&#8221;&#8221;][\/vc_column_inner][vc_column_inner width=&#8221;1\/3&#8243; css=&#8221;.vc_custom_1646041229104{border-top-width: 2px !important;border-right-width: 2px !important;border-bottom-width: 2px !important;border-left-width: 2px !important;padding-left: 20px !important;border-left-color: #ffffff !important;border-left-style: double !important;border-right-color: #ffffff !important;border-right-style: double !important;border-top-color: #ffffff !important;border-top-style: double !important;border-bottom-color: #ffffff !important;border-bottom-style: double !important;border-radius: 5px !important;}&#8221;][vc_single_image image=&#8221;4911&#8243; img_size=&#8221;medium&#8221; css_animation=&#8221;bounceIn&#8221;][vc_column_text css_animation=&#8221;bounceIn&#8221;]Siamo i maggiori collocatori a Monaco per seriet\u00e0, competenza, esperienza. Specializzati in Private Life Insurance, TCM e Sanitarie Internazionali.[\/vc_column_text][\/vc_column_inner][\/vc_row_inner][vc_row_inner][vc_column_inner][\/vc_column_inner][\/vc_row_inner][vc_separator align=&#8221;align_left&#8221; css=&#8221;.vc_custom_1618652508608{padding-top: 20px !important;padding-bottom: 20px !important;}&#8221;][vc_row_inner el_class=&#8221;row&#8221; css=&#8221;.vc_custom_1556493335412{padding-right: 5% !important;padding-left: 5% !important;}&#8221;][vc_column_inner width=&#8221;1\/3&#8243;][vc_custom_heading text=&#8221;Private Life Insurance&#8221; font_container=&#8221;tag:h3|text_align:left|color:%23a5a5a5&#8243; css=&#8221;&#8221;][vc_single_image image=&#8221;4921&#8243; img_size=&#8221;full&#8221; alignment=&#8221;center&#8221; onclick=&#8221;custom_link&#8221; link=&#8221;https:\/\/www.big-brokers.ch\/it\/cose-il-private-life-insurance\/&#8221;][vc_column_text]La Private Life Insurance a fini contrattuali e fiscali \u00e8 una polizza di assicurazione sulla vita intera che permette di soddisfare le esigenze di gestione patrimoniale di individui High Net Worth, imprese e trust.[\/vc_column_text][vc_btn title=&#8221;Scopri di pi\u00f9&#8221; style=&#8221;outline-custom&#8221; outline_custom_color=&#8221;#d66700&#8243; outline_custom_hover_background=&#8221;#435185&#8243; outline_custom_hover_text=&#8221;#ffffff&#8221; shape=&#8221;square&#8221; size=&#8221;lg&#8221; align=&#8221;center&#8221; button_block=&#8221;true&#8221; link=&#8221;url:https%3A%2F%2Fwww.big-brokers.ch%2Fit%2Fcose-il-private-life-insurance%2F|title:Scopri%20di%20pi%C3%B9&#8243;][\/vc_column_inner][vc_column_inner width=&#8221;1\/3&#8243;][vc_custom_heading text=&#8221;Copertura Sanitaria Privata&#8221; font_container=&#8221;tag:h3|text_align:left|color:%23a5a5a5&#8243; css=&#8221;&#8221;][vc_single_image image=&#8221;4534&#8243; img_size=&#8221;full&#8221; alignment=&#8221;center&#8221; onclick=&#8221;custom_link&#8221; link=&#8221;mailto:gca@big-brokers.ch&#8221;][vc_column_text]Copertura assicurativa sanitaria internazionale e pagamento diretto delle spese mediche. Questa soluzione permette al viaggiatore di partire, sia per affari che per piacere, con la certezza di essere completamente protetto.[\/vc_column_text][vc_btn title=&#8221;Scopri di pi\u00f9&#8221; style=&#8221;outline-custom&#8221; outline_custom_color=&#8221;#d66700&#8243; outline_custom_hover_background=&#8221;#435185&#8243; outline_custom_hover_text=&#8221;#ffffff&#8221; shape=&#8221;square&#8221; size=&#8221;lg&#8221; align=&#8221;center&#8221; button_block=&#8221;true&#8221; link=&#8221;url:https%3A%2F%2Fbig-brokers.ch%2Fit%2Frimborso-spese-mediche-internazionali%2F|title:Scopri%20di%20pi%C3%B9&#8243;][\/vc_column_inner][vc_column_inner width=&#8221;1\/3&#8243;][vc_custom_heading text=&#8221;TCM Temporanea Caso Morte&#8221; font_container=&#8221;tag:h3|text_align:left|color:%23a5a5a5&#8243; css=&#8221;&#8221;][vc_single_image image=&#8221;4378&#8243; img_size=&#8221;full&#8221; alignment=&#8221;center&#8221; onclick=&#8221;custom_link&#8221; link=&#8221;mailto:gca@big-brokers.ch&#8221;][vc_column_text]Una copertura assicurativa che prevede l\u2019erogazione di un capitale in caso di morte o invalidit\u00e0 permanente per qualsiasi causa. Il rischio \u00e8 legato alla vita dell&#8217;assicurato ed \u00e8 interamente coperto dalla compagnia.[\/vc_column_text][vc_btn title=&#8221;Scopri di pi\u00f9&#8221; style=&#8221;outline-custom&#8221; outline_custom_color=&#8221;#d66700&#8243; outline_custom_hover_background=&#8221;#435185&#8243; outline_custom_hover_text=&#8221;#ffffff&#8221; shape=&#8221;square&#8221; size=&#8221;lg&#8221; align=&#8221;center&#8221; button_block=&#8221;true&#8221; link=&#8221;url:https%3A%2F%2Fwww.big-brokers.ch%2Fit%2Ftcm-e-key-man-2%2F|title:Scopri%20di%20pi%C3%B9&#8243;][\/vc_column_inner][\/vc_row_inner][vc_row_inner el_class=&#8221;row&#8221; css=&#8221;.vc_custom_1618666642853{margin-top: 15px !important;padding-right: 5% !important;padding-left: 5% !important;}&#8221;][vc_column_inner width=&#8221;1\/3&#8243;][vc_custom_heading text=&#8221;Polizza Mutuo&#8221; font_container=&#8221;tag:h3|text_align:left|color:%23a5a5a5&#8243; css=&#8221;&#8221;][vc_single_image image=&#8221;4928&#8243; img_size=&#8221;full&#8221; alignment=&#8221;center&#8221; onclick=&#8221;custom_link&#8221; link=&#8221;mailto:gca@big-brokers.ch&#8221;][vc_column_text]Una polizza che protegge la tua famiglia dalle spiacevoli conseguenze degli imprevisti della vita, come l&#8217;incapacit\u00e0 temporanea, la perdita del lavoro o quelle pi\u00f9 gravi come l&#8217;invalidit\u00e0 permanente o la morte.[\/vc_column_text][vc_btn title=&#8221;Richiedi Informazioni&#8221; style=&#8221;outline-custom&#8221; outline_custom_color=&#8221;#d66700&#8243; outline_custom_hover_background=&#8221;#435185&#8243; outline_custom_hover_text=&#8221;#ffffff&#8221; shape=&#8221;square&#8221; size=&#8221;lg&#8221; align=&#8221;center&#8221; button_block=&#8221;true&#8221; link=&#8221;url:mailto%3Ajb%40big-brokers.mc|title:Richiedi%20informazioni|target:_blank&#8221;][\/vc_column_inner][vc_column_inner width=&#8221;1\/3&#8243;][vc_custom_heading text=&#8221;Luxury Lines&#8221; font_container=&#8221;tag:h3|text_align:left|color:%23a5a5a5&#8243; css=&#8221;&#8221;][vc_single_image image=&#8221;4434&#8243; img_size=&#8221;full&#8221; alignment=&#8221;center&#8221; onclick=&#8221;custom_link&#8221; link=&#8221;mailto:gca@big-brokers.ch&#8221;][vc_column_text]Proposte di assicurazione su misura per la protezione dei tuoi beni e valori. Un prodotto che copre la perdita totale o parziale del valore di un oggetto artistico o di una collezione o di beni particolarmente preziosi.[\/vc_column_text][vc_btn title=&#8221;Scopri di pi\u00f9&#8221; style=&#8221;outline-custom&#8221; outline_custom_color=&#8221;#d66700&#8243; outline_custom_hover_background=&#8221;#435185&#8243; outline_custom_hover_text=&#8221;#ffffff&#8221; shape=&#8221;square&#8221; size=&#8221;lg&#8221; align=&#8221;center&#8221; button_block=&#8221;true&#8221; link=&#8221;url:https%3A%2F%2Fbig-brokers.ch%2Fit%2Ffine-art-properties-e-yachting%2F|title:Scopri%20di%20pi%C3%B9&#8243;][\/vc_column_inner][vc_column_inner width=&#8221;1\/3&#8243;][vc_custom_heading text=&#8221;Rimborso Viaggi&#8221; font_container=&#8221;tag:h3|text_align:left|color:%23a5a5a5&#8243; css=&#8221;&#8221;][vc_single_image image=&#8221;4537&#8243; img_size=&#8221;full&#8221; alignment=&#8221;center&#8221; onclick=&#8221;custom_link&#8221; link=&#8221;mailto:gca@big-brokers.ch&#8221;][vc_column_text]Sentirsi a proprio agio con la scelta di viaggiare. Le nostre soluzioni assicurative su misura sono adattate al paese di destinazione e alla durata del soggiorno, in modo che siate tutelati e protetti anche lontano da casa.[\/vc_column_text][vc_btn title=&#8221;Richiedi Informazioni&#8221; style=&#8221;outline-custom&#8221; outline_custom_color=&#8221;#d66700&#8243; outline_custom_hover_background=&#8221;#435185&#8243; outline_custom_hover_text=&#8221;#ffffff&#8221; shape=&#8221;square&#8221; size=&#8221;lg&#8221; align=&#8221;center&#8221; button_block=&#8221;true&#8221; link=&#8221;url:mailto%3Ajb%40big-brokers.mc|title:Richiedi%20informazioni|target:_blank&#8221;][\/vc_column_inner][\/vc_row_inner][vc_row_inner el_class=&#8221;row&#8221; css=&#8221;.vc_custom_1618666642853{margin-top: 15px !important;padding-right: 5% !important;padding-left: 5% !important;}&#8221;][vc_column_inner width=&#8221;1\/3&#8243;][vc_custom_heading text=&#8221;Expat&#8221; font_container=&#8221;tag:h3|text_align:left|color:%23a5a5a5&#8243; css=&#8221;&#8221;][vc_single_image image=&#8221;4540&#8243; img_size=&#8221;full&#8221; alignment=&#8221;center&#8221; onclick=&#8221;custom_link&#8221; link=&#8221;mailto:gca@big-brokers.ch&#8221;][vc_column_text]Coperture assicurative per chi vive e lavora all&#8217;estero (residente) per un certo periodo di tempo.[\/vc_column_text][vc_btn title=&#8221;Richiedi Informazioni&#8221; style=&#8221;outline-custom&#8221; outline_custom_color=&#8221;#d66700&#8243; outline_custom_hover_background=&#8221;#435185&#8243; outline_custom_hover_text=&#8221;#ffffff&#8221; shape=&#8221;square&#8221; size=&#8221;lg&#8221; align=&#8221;center&#8221; button_block=&#8221;true&#8221; link=&#8221;url:mailto%3Ajb%40big-brokers.mc|title:Richiedi%20informazioni|target:_blank&#8221;][\/vc_column_inner][vc_column_inner width=&#8221;1\/3&#8243;][vc_custom_heading text=&#8221;Polizze Cauzionali&#8221; font_container=&#8221;tag:h3|text_align:left|color:%23a5a5a5&#8243; css=&#8221;&#8221;][vc_single_image image=&#8221;4543&#8243; img_size=&#8221;full&#8221; alignment=&#8221;center&#8221; onclick=&#8221;custom_link&#8221; link=&#8221;mailto:gca@big-brokers.ch&#8221;][vc_column_text]Polizze fideiussorie assicurative atte a garantire il pieno adempimento degli accordi e impegni assunti.[\/vc_column_text][vc_btn title=&#8221;Scopri di pi\u00f9&#8221; style=&#8221;outline-custom&#8221; outline_custom_color=&#8221;#d66700&#8243; outline_custom_hover_background=&#8221;#435185&#8243; outline_custom_hover_text=&#8221;#ffffff&#8221; shape=&#8221;square&#8221; size=&#8221;lg&#8221; align=&#8221;center&#8221; button_block=&#8221;true&#8221; link=&#8221;url:https%3A%2F%2Fbig-brokers.ch%2Fit%2Fpolizze-cauzionali%2F|title:Scopri%20di%20pi%C3%B9&#8243;][\/vc_column_inner][vc_column_inner width=&#8221;1\/3&#8243;][\/vc_column_inner][\/vc_row_inner][\/vc_column][\/vc_row][vc_row][vc_column][vc_separator color=&#8221;white&#8221; css=&#8221;.vc_custom_1553788527480{padding-top: 100px !important;}&#8221;][\/vc_column][\/vc_row]<\/p>\n<\/div>","protected":false},"excerpt":{"rendered":"<p>[vc_row type_row=&#8221;contact&#8221; el_class=&#8221;nopadding&#8221; css=&#8221;.vc_custom_1646040201981{margin-top: -400px !important;}&#8221;][vc_column wap_class=&#8221;wow fadeIn&#8221;][vc_row_inner content_placement=&#8221;middle&#8221; el_class=&#8221;row&#8221; css=&#8221;.vc_custom_1646040596674{padding-right: 5% !important;padding-left: 5% !important;}&#8221;][vc_column_inner width=&#8221;2\/3&#8243;][vc_custom_heading text=&#8221;Soluzioni assicurative su misura per i residenti in Europa&#8221; font_container=&#8221;tag:h2|text_align:left|color:%23435185&#8243; css=&#8221;&#8221;][\/vc_column_inner][vc_column_inner width=&#8221;1\/3&#8243; css=&#8221;.vc_custom_1646041229104{border-top-width: 2px !important;border-right-width: 2px !important;border-bottom-width: 2px !important;border-left-width: 2px !important;padding-left: 20px !important;border-left-color: #ffffff !important;border-left-style: double !important;border-right-color: #ffffff !important;border-right-style: double !important;border-top-color: #ffffff !important;border-top-style: double !important;border-bottom-color: #ffffff !important;border-bottom-style: double !important;border-radius: [&hellip;]<\/p>\n","protected":false},"author":3,"featured_media":0,"parent":4690,"menu_order":0,"comment_status":"closed","ping_status":"closed","template":"page-templates\/other-page.php","meta":{"footnotes":""},"class_list":["post-4533","page","type-page","status-publish","hentry"],"yoast_head":"<!-- This site is optimized with the Yoast SEO plugin v25.3.1 - https:\/\/yoast.com\/wordpress\/plugins\/seo\/ -->\n<title>Clientela Individuale Monaco ed Europea - BIG Insurance Brokers<\/title>\n<meta name=\"description\" content=\"Soluzioni assicurative personalizzate per clienti privati in Europa. Protezione su misura per salute, patrimonio e mobilit\u00e0 internazionale.\" \/>\n<meta name=\"robots\" content=\"index, follow, max-snippet:-1, max-image-preview:large, max-video-preview:-1\" \/>\n<link rel=\"canonical\" href=\"https:\/\/www.big-brokers.ch\/it\/soluzioni-assicurative-europa\/clientela-individuale-europea\/\" \/>\n<meta property=\"og:locale\" content=\"it_IT\" \/>\n<meta property=\"og:type\" content=\"article\" \/>\n<meta property=\"og:title\" content=\"Clientela Individuale Monaco ed Europea - BIG Insurance Brokers\" \/>\n<meta property=\"og:description\" content=\"Soluzioni assicurative personalizzate per clienti privati in Europa. Protezione su misura per salute, patrimonio e mobilit\u00e0 internazionale.\" \/>\n<meta property=\"og:url\" content=\"https:\/\/www.big-brokers.ch\/it\/soluzioni-assicurative-europa\/clientela-individuale-europea\/\" \/>\n<meta property=\"og:site_name\" content=\"BIG Insurance Brokers\" \/>\n<meta property=\"article:modified_time\" content=\"2025-07-03T14:46:10+00:00\" \/>\n<meta name=\"twitter:card\" content=\"summary_large_image\" \/>\n<meta name=\"twitter:title\" content=\"Clientela Individuale Monaco ed Europea - BIG Insurance Brokers\" \/>\n<meta name=\"twitter:description\" content=\"Soluzioni assicurative personalizzate per clienti privati in Europa. Protezione su misura per salute, patrimonio e mobilit\u00e0 internazionale.\" \/>\n<meta name=\"twitter:label1\" content=\"Tempo di lettura stimato\" \/>\n\t<meta name=\"twitter:data1\" content=\"3 minuti\" \/>\n<script type=\"application\/ld+json\" class=\"yoast-schema-graph\">{\"@context\":\"https:\/\/schema.org\",\"@graph\":[{\"@type\":\"WebPage\",\"@id\":\"https:\/\/www.big-brokers.ch\/it\/soluzioni-assicurative-europa\/clientela-individuale-europea\/\",\"url\":\"https:\/\/www.big-brokers.ch\/it\/soluzioni-assicurative-europa\/clientela-individuale-europea\/\",\"name\":\"Clientela Individuale Monaco ed Europea - BIG Insurance Brokers\",\"isPartOf\":{\"@id\":\"https:\/\/www.big-brokers.ch\/en\/#website\"},\"datePublished\":\"2021-04-17T13:19:06+00:00\",\"dateModified\":\"2025-07-03T14:46:10+00:00\",\"description\":\"Soluzioni assicurative personalizzate per clienti privati in Europa. Protezione su misura per salute, patrimonio e mobilit\u00e0 internazionale.\",\"breadcrumb\":{\"@id\":\"https:\/\/www.big-brokers.ch\/it\/soluzioni-assicurative-europa\/clientela-individuale-europea\/#breadcrumb\"},\"inLanguage\":\"it-IT\",\"potentialAction\":[{\"@type\":\"ReadAction\",\"target\":[\"https:\/\/www.big-brokers.ch\/it\/soluzioni-assicurative-europa\/clientela-individuale-europea\/\"]}]},{\"@type\":\"BreadcrumbList\",\"@id\":\"https:\/\/www.big-brokers.ch\/it\/soluzioni-assicurative-europa\/clientela-individuale-europea\/#breadcrumb\",\"itemListElement\":[{\"@type\":\"ListItem\",\"position\":1,\"name\":\"Home\",\"item\":\"https:\/\/www.big-brokers.ch\/it\/\"},{\"@type\":\"ListItem\",\"position\":2,\"name\":\"Soluzioni Assicurative Europa\",\"item\":\"https:\/\/www.big-brokers.ch\/it\/soluzioni-assicurative-europa\/\"},{\"@type\":\"ListItem\",\"position\":3,\"name\":\"Clientela Individuale Monaco ed Europea\"}]},{\"@type\":\"WebSite\",\"@id\":\"https:\/\/www.big-brokers.ch\/en\/#website\",\"url\":\"https:\/\/www.big-brokers.ch\/en\/\",\"name\":\"BIG Insurance Brokers\",\"description\":\"we are your international brokers\",\"publisher\":{\"@id\":\"https:\/\/www.big-brokers.ch\/en\/#organization\"},\"potentialAction\":[{\"@type\":\"SearchAction\",\"target\":{\"@type\":\"EntryPoint\",\"urlTemplate\":\"https:\/\/www.big-brokers.ch\/en\/?s={search_term_string}\"},\"query-input\":{\"@type\":\"PropertyValueSpecification\",\"valueRequired\":true,\"valueName\":\"search_term_string\"}}],\"inLanguage\":\"it-IT\"},{\"@type\":\"Organization\",\"@id\":\"https:\/\/www.big-brokers.ch\/en\/#organization\",\"name\":\"BIG Insurance Brokers\",\"url\":\"https:\/\/www.big-brokers.ch\/en\/\",\"logo\":{\"@type\":\"ImageObject\",\"inLanguage\":\"it-IT\",\"@id\":\"https:\/\/www.big-brokers.ch\/en\/#\/schema\/logo\/image\/\",\"url\":\"https:\/\/big-brokers.ch\/wp-content\/uploads\/2019\/08\/big-insurance-brokers-logo.png\",\"contentUrl\":\"https:\/\/big-brokers.ch\/wp-content\/uploads\/2019\/08\/big-insurance-brokers-logo.png\",\"width\":300,\"height\":143,\"caption\":\"BIG Insurance Brokers\"},\"image\":{\"@id\":\"https:\/\/www.big-brokers.ch\/en\/#\/schema\/logo\/image\/\"}}]}<\/script>\n<!-- \/ Yoast SEO plugin. -->","yoast_head_json":{"title":"Clientela Individuale Monaco ed Europea - BIG Insurance Brokers","description":"Soluzioni assicurative personalizzate per clienti privati in Europa. Protezione su misura per salute, patrimonio e mobilit\u00e0 internazionale.","robots":{"index":"index","follow":"follow","max-snippet":"max-snippet:-1","max-image-preview":"max-image-preview:large","max-video-preview":"max-video-preview:-1"},"canonical":"https:\/\/www.big-brokers.ch\/it\/soluzioni-assicurative-europa\/clientela-individuale-europea\/","og_locale":"it_IT","og_type":"article","og_title":"Clientela Individuale Monaco ed Europea - BIG Insurance Brokers","og_description":"Soluzioni assicurative personalizzate per clienti privati in Europa. Protezione su misura per salute, patrimonio e mobilit\u00e0 internazionale.","og_url":"https:\/\/www.big-brokers.ch\/it\/soluzioni-assicurative-europa\/clientela-individuale-europea\/","og_site_name":"BIG Insurance Brokers","article_modified_time":"2025-07-03T14:46:10+00:00","twitter_card":"summary_large_image","twitter_title":"Clientela Individuale Monaco ed Europea - BIG Insurance Brokers","twitter_description":"Soluzioni assicurative personalizzate per clienti privati in Europa. Protezione su misura per salute, patrimonio e mobilit\u00e0 internazionale.","twitter_misc":{"Tempo di lettura stimato":"3 minuti"},"schema":{"@context":"https:\/\/schema.org","@graph":[{"@type":"WebPage","@id":"https:\/\/www.big-brokers.ch\/it\/soluzioni-assicurative-europa\/clientela-individuale-europea\/","url":"https:\/\/www.big-brokers.ch\/it\/soluzioni-assicurative-europa\/clientela-individuale-europea\/","name":"Clientela Individuale Monaco ed Europea - BIG Insurance Brokers","isPartOf":{"@id":"https:\/\/www.big-brokers.ch\/en\/#website"},"datePublished":"2021-04-17T13:19:06+00:00","dateModified":"2025-07-03T14:46:10+00:00","description":"Soluzioni assicurative personalizzate per clienti privati in Europa. Protezione su misura per salute, patrimonio e mobilit\u00e0 internazionale.","breadcrumb":{"@id":"https:\/\/www.big-brokers.ch\/it\/soluzioni-assicurative-europa\/clientela-individuale-europea\/#breadcrumb"},"inLanguage":"it-IT","potentialAction":[{"@type":"ReadAction","target":["https:\/\/www.big-brokers.ch\/it\/soluzioni-assicurative-europa\/clientela-individuale-europea\/"]}]},{"@type":"BreadcrumbList","@id":"https:\/\/www.big-brokers.ch\/it\/soluzioni-assicurative-europa\/clientela-individuale-europea\/#breadcrumb","itemListElement":[{"@type":"ListItem","position":1,"name":"Home","item":"https:\/\/www.big-brokers.ch\/it\/"},{"@type":"ListItem","position":2,"name":"Soluzioni Assicurative Europa","item":"https:\/\/www.big-brokers.ch\/it\/soluzioni-assicurative-europa\/"},{"@type":"ListItem","position":3,"name":"Clientela Individuale Monaco ed Europea"}]},{"@type":"WebSite","@id":"https:\/\/www.big-brokers.ch\/en\/#website","url":"https:\/\/www.big-brokers.ch\/en\/","name":"BIG Insurance Brokers","description":"we are your international brokers","publisher":{"@id":"https:\/\/www.big-brokers.ch\/en\/#organization"},"potentialAction":[{"@type":"SearchAction","target":{"@type":"EntryPoint","urlTemplate":"https:\/\/www.big-brokers.ch\/en\/?s={search_term_string}"},"query-input":{"@type":"PropertyValueSpecification","valueRequired":true,"valueName":"search_term_string"}}],"inLanguage":"it-IT"},{"@type":"Organization","@id":"https:\/\/www.big-brokers.ch\/en\/#organization","name":"BIG Insurance Brokers","url":"https:\/\/www.big-brokers.ch\/en\/","logo":{"@type":"ImageObject","inLanguage":"it-IT","@id":"https:\/\/www.big-brokers.ch\/en\/#\/schema\/logo\/image\/","url":"https:\/\/big-brokers.ch\/wp-content\/uploads\/2019\/08\/big-insurance-brokers-logo.png","contentUrl":"https:\/\/big-brokers.ch\/wp-content\/uploads\/2019\/08\/big-insurance-brokers-logo.png","width":300,"height":143,"caption":"BIG Insurance Brokers"},"image":{"@id":"https:\/\/www.big-brokers.ch\/en\/#\/schema\/logo\/image\/"}}]}},"_links":{"self":[{"href":"https:\/\/big-brokers.ch\/it\/wp-json\/wp\/v2\/pages\/4533","targetHints":{"allow":["GET"]}}],"collection":[{"href":"https:\/\/big-brokers.ch\/it\/wp-json\/wp\/v2\/pages"}],"about":[{"href":"https:\/\/big-brokers.ch\/it\/wp-json\/wp\/v2\/types\/page"}],"author":[{"embeddable":true,"href":"https:\/\/big-brokers.ch\/it\/wp-json\/wp\/v2\/users\/3"}],"replies":[{"embeddable":true,"href":"https:\/\/big-brokers.ch\/it\/wp-json\/wp\/v2\/comments?post=4533"}],"version-history":[{"count":35,"href":"https:\/\/big-brokers.ch\/it\/wp-json\/wp\/v2\/pages\/4533\/revisions"}],"predecessor-version":[{"id":5168,"href":"https:\/\/big-brokers.ch\/it\/wp-json\/wp\/v2\/pages\/4533\/revisions\/5168"}],"up":[{"embeddable":true,"href":"https:\/\/big-brokers.ch\/it\/wp-json\/wp\/v2\/pages\/4690"}],"wp:attachment":[{"href":"https:\/\/big-brokers.ch\/it\/wp-json\/wp\/v2\/media?parent=4533"}],"curies":[{"name":"wp","href":"https:\/\/api.w.org\/{rel}","templated":true}]}}