{"id":4366,"date":"2021-04-17T11:43:07","date_gmt":"2021-04-17T09:43:07","guid":{"rendered":"https:\/\/www.big-brokers.ch\/?page_id=4366"},"modified":"2025-07-16T11:18:05","modified_gmt":"2025-07-16T09:18:05","slug":"clientela-individuale","status":"publish","type":"page","link":"https:\/\/big-brokers.ch\/it\/soluzioni-assicurazione-svizzera\/clientela-individuale\/","title":{"rendered":"Clientela Individuale"},"content":{"rendered":"<div class=\"wpb-content-wrapper\"><p>[vc_row type_row=&#8221;contact&#8221; el_class=&#8221;nopadding&#8221; css=&#8221;.vc_custom_1618651504266{margin-top: -200px !important;}&#8221;][vc_column wap_class=&#8221;wow fadeIn&#8221;][vc_row_inner][vc_column_inner][vc_custom_heading text=&#8221;Soluzioni assicurative su misura per i residenti in Svizzera&#8221; font_container=&#8221;tag:h2|text_align:center|color:%23435185&#8243; css=&#8221;&#8221;][\/vc_column_inner][\/vc_row_inner][vc_separator align=&#8221;align_left&#8221; css=&#8221;.vc_custom_1618652508608{padding-top: 20px !important;padding-bottom: 20px !important;}&#8221;][vc_row_inner el_class=&#8221;row&#8221; css=&#8221;.vc_custom_1556493335412{padding-right: 5% !important;padding-left: 5% !important;}&#8221;][vc_column_inner width=&#8221;1\/3&#8243;][vc_custom_heading text=&#8221;Ramo Vita&#8221; font_container=&#8221;tag:h3|text_align:left|color:%23a5a5a5&#8243; css=&#8221;&#8221;][vc_single_image image=&#8221;4368&#8243; img_size=&#8221;full&#8221; alignment=&#8221;center&#8221; onclick=&#8221;custom_link&#8221; link=&#8221;mailto: gca@big-brokers.ch&#8221;][vc_column_text]La soluzione assicurativa per tutelare l&#8217;assicurato e i suoi familiari dalla non conoscenza della durata della vita umana, ma anche dall&#8217;invalidit\u00e0 e dalla vecchiaia.[\/vc_column_text][vc_btn title=&#8221;Richiedi Informazioni&#8221; style=&#8221;outline-custom&#8221; outline_custom_color=&#8221;#d66700&#8243; outline_custom_hover_background=&#8221;#435185&#8243; outline_custom_hover_text=&#8221;#ffffff&#8221; shape=&#8221;square&#8221; size=&#8221;lg&#8221; align=&#8221;center&#8221; button_block=&#8221;true&#8221; link=&#8221;url:mailto%3Agca%40big-brokers.ch%20|title:Richiedi%20informazioni|target:_blank&#8221;][\/vc_column_inner][vc_column_inner width=&#8221;1\/3&#8243;][vc_custom_heading text=&#8221;Cassa Malati Individuale&#8221; font_container=&#8221;tag:h3|text_align:left|color:%23a5a5a5&#8243; css=&#8221;&#8221;][vc_single_image image=&#8221;4381&#8243; img_size=&#8221;full&#8221; alignment=&#8221;center&#8221; onclick=&#8221;custom_link&#8221; link=&#8221;mailto: gca@big-brokers.ch&#8221;][vc_column_text]La soluzione assicurativa per residenti in Svizzera che necessitano di un\u2019assicurazione di base, integrabile con servizi aggiuntivi per le singole esigenze.[\/vc_column_text][vc_btn title=&#8221;Richiedi Informazioni&#8221; style=&#8221;outline-custom&#8221; outline_custom_color=&#8221;#d66700&#8243; outline_custom_hover_background=&#8221;#435185&#8243; outline_custom_hover_text=&#8221;#ffffff&#8221; shape=&#8221;square&#8221; size=&#8221;lg&#8221; align=&#8221;center&#8221; button_block=&#8221;true&#8221; link=&#8221;url:mailto%3Agca%40big-brokers.ch%20|title:Richiedi%20informazioni|target:_blank&#8221;][\/vc_column_inner][vc_column_inner width=&#8221;1\/3&#8243;][vc_custom_heading text=&#8221;TCM Temporanea Caso Morte&#8221; font_container=&#8221;tag:h3|text_align:left|color:%23a5a5a5&#8243; css=&#8221;&#8221;][vc_single_image image=&#8221;4378&#8243; img_size=&#8221;full&#8221; alignment=&#8221;center&#8221; onclick=&#8221;custom_link&#8221; link=&#8221;mailto:gca@big-brokers.ch&#8221;][vc_column_text]Una copertura assicurativa per i residenti in Svizzera che prevede l&#8217;erogazione di un capitale in caso di morte dell\u2019assicurato dovuta a qualsiasi causa.[\/vc_column_text][vc_btn title=&#8221;Richiedi Informazioni&#8221; style=&#8221;outline-custom&#8221; outline_custom_color=&#8221;#d66700&#8243; outline_custom_hover_background=&#8221;#435185&#8243; outline_custom_hover_text=&#8221;#ffffff&#8221; shape=&#8221;square&#8221; size=&#8221;lg&#8221; align=&#8221;center&#8221; button_block=&#8221;true&#8221; link=&#8221;url:mailto%3Agca%40big-brokers.ch|title:Richiedi%20Informazioni&#8221;][\/vc_column_inner][\/vc_row_inner][vc_row_inner el_class=&#8221;row&#8221; css=&#8221;.vc_custom_1556493335412{padding-right: 5% !important;padding-left: 5% !important;}&#8221;][vc_column_inner width=&#8221;1\/3&#8243;][vc_custom_heading text=&#8221;Terzo Pilastro&#8221; font_container=&#8221;tag:h3|text_align:left|color:%23a5a5a5&#8243; css=&#8221;&#8221;][vc_single_image image=&#8221;4372&#8243; img_size=&#8221;full&#8221; alignment=&#8221;center&#8221; onclick=&#8221;custom_link&#8221; link=&#8221;mailto:gca@big-brokers.ch&#8221;][vc_column_text]<em>3A \u2013 PREVIDENZA VINCOLATA<\/em><br \/>\nIn aggiunta all&#8217;AVS (primo pilastro) e alla previdenza professionale (secondo pilastro), la previdenza privata (terzo pilastro) promuove il risparmio personale per la vecchiaia e viene premiato con agevolazioni fiscali.<br \/>\n<em>3B \u2013 PREVIDENZA LIBERA<\/em><br \/>\nNon \u00e8 legato al pensionamento, ma pu\u00f2 essere stipulato anche come un risparmio a medio-lungo termine, \u00e8 definito anche non vincolato.[\/vc_column_text][vc_btn title=&#8221;Richiedi Informazioni&#8221; style=&#8221;outline-custom&#8221; outline_custom_color=&#8221;#d66700&#8243; outline_custom_hover_background=&#8221;#435185&#8243; outline_custom_hover_text=&#8221;#ffffff&#8221; shape=&#8221;square&#8221; size=&#8221;lg&#8221; align=&#8221;center&#8221; button_block=&#8221;true&#8221; link=&#8221;url:mailto%3Agca%40big-brokers.ch%20|title:Richiedi%20informazioni|target:_blank&#8221;][\/vc_column_inner][vc_column_inner width=&#8221;1\/3&#8243;][\/vc_column_inner][vc_column_inner width=&#8221;1\/3&#8243;][\/vc_column_inner][\/vc_row_inner][\/vc_column][\/vc_row][vc_row][vc_column][vc_separator color=&#8221;white&#8221; css=&#8221;.vc_custom_1553788527480{padding-top: 100px !important;}&#8221;][\/vc_column][\/vc_row]<\/p>\n<\/div>","protected":false},"excerpt":{"rendered":"<p>[vc_row type_row=&#8221;contact&#8221; el_class=&#8221;nopadding&#8221; css=&#8221;.vc_custom_1618651504266{margin-top: -200px !important;}&#8221;][vc_column wap_class=&#8221;wow fadeIn&#8221;][vc_row_inner][vc_column_inner][vc_custom_heading text=&#8221;Soluzioni assicurative su misura per i residenti in Svizzera&#8221; font_container=&#8221;tag:h2|text_align:center|color:%23435185&#8243; css=&#8221;&#8221;][\/vc_column_inner][\/vc_row_inner][vc_separator align=&#8221;align_left&#8221; css=&#8221;.vc_custom_1618652508608{padding-top: 20px !important;padding-bottom: 20px !important;}&#8221;][vc_row_inner el_class=&#8221;row&#8221; css=&#8221;.vc_custom_1556493335412{padding-right: 5% !important;padding-left: 5% !important;}&#8221;][vc_column_inner width=&#8221;1\/3&#8243;][vc_custom_heading text=&#8221;Ramo Vita&#8221; font_container=&#8221;tag:h3|text_align:left|color:%23a5a5a5&#8243; css=&#8221;&#8221;][vc_single_image image=&#8221;4368&#8243; img_size=&#8221;full&#8221; alignment=&#8221;center&#8221; onclick=&#8221;custom_link&#8221; link=&#8221;mailto: gca@big-brokers.ch&#8221;][vc_column_text]La soluzione assicurativa per tutelare l&#8217;assicurato e i suoi familiari dalla non conoscenza della [&hellip;]<\/p>\n","protected":false},"author":3,"featured_media":0,"parent":4317,"menu_order":0,"comment_status":"closed","ping_status":"closed","template":"page-templates\/other-page.php","meta":{"footnotes":""},"class_list":["post-4366","page","type-page","status-publish","hentry"],"yoast_head":"<!-- This site is optimized with the Yoast SEO plugin v25.3.1 - https:\/\/yoast.com\/wordpress\/plugins\/seo\/ -->\n<title>Clientela Individuale - BIG Insurance Brokers<\/title>\n<meta name=\"description\" content=\"Assicurazioni su misura per residenti in Svizzera: vita, malattia, copertura temporanea e terzo pilastro con BIG Insurance Brokers.\" \/>\n<meta name=\"robots\" content=\"index, follow, max-snippet:-1, max-image-preview:large, max-video-preview:-1\" \/>\n<link rel=\"canonical\" href=\"https:\/\/www.big-brokers.ch\/it\/soluzioni-assicurazione-svizzera\/clientela-individuale\/\" \/>\n<meta property=\"og:locale\" content=\"it_IT\" \/>\n<meta property=\"og:type\" content=\"article\" \/>\n<meta property=\"og:title\" content=\"Clientela Individuale - BIG Insurance Brokers\" \/>\n<meta property=\"og:description\" content=\"Assicurazioni su misura per residenti in Svizzera: vita, malattia, copertura temporanea e terzo pilastro con BIG Insurance Brokers.\" \/>\n<meta property=\"og:url\" content=\"https:\/\/www.big-brokers.ch\/it\/soluzioni-assicurazione-svizzera\/clientela-individuale\/\" \/>\n<meta property=\"og:site_name\" content=\"BIG Insurance Brokers\" \/>\n<meta property=\"article:modified_time\" content=\"2025-07-16T09:18:05+00:00\" \/>\n<meta name=\"twitter:card\" content=\"summary_large_image\" \/>\n<meta name=\"twitter:label1\" content=\"Tempo di lettura stimato\" \/>\n\t<meta name=\"twitter:data1\" content=\"2 minuti\" \/>\n<script type=\"application\/ld+json\" class=\"yoast-schema-graph\">{\"@context\":\"https:\/\/schema.org\",\"@graph\":[{\"@type\":\"WebPage\",\"@id\":\"https:\/\/www.big-brokers.ch\/it\/soluzioni-assicurazione-svizzera\/clientela-individuale\/\",\"url\":\"https:\/\/www.big-brokers.ch\/it\/soluzioni-assicurazione-svizzera\/clientela-individuale\/\",\"name\":\"Clientela Individuale - BIG Insurance Brokers\",\"isPartOf\":{\"@id\":\"https:\/\/www.big-brokers.ch\/it\/#website\"},\"datePublished\":\"2021-04-17T09:43:07+00:00\",\"dateModified\":\"2025-07-16T09:18:05+00:00\",\"description\":\"Assicurazioni su misura per residenti in Svizzera: vita, malattia, copertura temporanea e terzo pilastro con BIG Insurance Brokers.\",\"breadcrumb\":{\"@id\":\"https:\/\/www.big-brokers.ch\/it\/soluzioni-assicurazione-svizzera\/clientela-individuale\/#breadcrumb\"},\"inLanguage\":\"it-IT\",\"potentialAction\":[{\"@type\":\"ReadAction\",\"target\":[\"https:\/\/www.big-brokers.ch\/it\/soluzioni-assicurazione-svizzera\/clientela-individuale\/\"]}]},{\"@type\":\"BreadcrumbList\",\"@id\":\"https:\/\/www.big-brokers.ch\/it\/soluzioni-assicurazione-svizzera\/clientela-individuale\/#breadcrumb\",\"itemListElement\":[{\"@type\":\"ListItem\",\"position\":1,\"name\":\"Home\",\"item\":\"https:\/\/www.big-brokers.ch\/it\/\"},{\"@type\":\"ListItem\",\"position\":2,\"name\":\"Soluzioni Assicurazione Svizzera\",\"item\":\"https:\/\/www.big-brokers.ch\/it\/soluzioni-assicurazione-svizzera\/\"},{\"@type\":\"ListItem\",\"position\":3,\"name\":\"Clientela Individuale\"}]},{\"@type\":\"WebSite\",\"@id\":\"https:\/\/www.big-brokers.ch\/it\/#website\",\"url\":\"https:\/\/www.big-brokers.ch\/it\/\",\"name\":\"BIG Insurance Brokers\",\"description\":\"we are your international brokers\",\"publisher\":{\"@id\":\"https:\/\/www.big-brokers.ch\/it\/#organization\"},\"potentialAction\":[{\"@type\":\"SearchAction\",\"target\":{\"@type\":\"EntryPoint\",\"urlTemplate\":\"https:\/\/www.big-brokers.ch\/it\/?s={search_term_string}\"},\"query-input\":{\"@type\":\"PropertyValueSpecification\",\"valueRequired\":true,\"valueName\":\"search_term_string\"}}],\"inLanguage\":\"it-IT\"},{\"@type\":\"Organization\",\"@id\":\"https:\/\/www.big-brokers.ch\/it\/#organization\",\"name\":\"BIG Insurance Brokers\",\"url\":\"https:\/\/www.big-brokers.ch\/it\/\",\"logo\":{\"@type\":\"ImageObject\",\"inLanguage\":\"it-IT\",\"@id\":\"https:\/\/www.big-brokers.ch\/it\/#\/schema\/logo\/image\/\",\"url\":\"https:\/\/big-brokers.ch\/wp-content\/uploads\/2019\/08\/big-insurance-brokers-logo.png\",\"contentUrl\":\"https:\/\/big-brokers.ch\/wp-content\/uploads\/2019\/08\/big-insurance-brokers-logo.png\",\"width\":300,\"height\":143,\"caption\":\"BIG Insurance Brokers\"},\"image\":{\"@id\":\"https:\/\/www.big-brokers.ch\/it\/#\/schema\/logo\/image\/\"}}]}<\/script>\n<!-- \/ Yoast SEO plugin. -->","yoast_head_json":{"title":"Clientela Individuale - BIG Insurance Brokers","description":"Assicurazioni su misura per residenti in Svizzera: vita, malattia, copertura temporanea e terzo pilastro con BIG Insurance Brokers.","robots":{"index":"index","follow":"follow","max-snippet":"max-snippet:-1","max-image-preview":"max-image-preview:large","max-video-preview":"max-video-preview:-1"},"canonical":"https:\/\/www.big-brokers.ch\/it\/soluzioni-assicurazione-svizzera\/clientela-individuale\/","og_locale":"it_IT","og_type":"article","og_title":"Clientela Individuale - BIG Insurance Brokers","og_description":"Assicurazioni su misura per residenti in Svizzera: vita, malattia, copertura temporanea e terzo pilastro con BIG Insurance Brokers.","og_url":"https:\/\/www.big-brokers.ch\/it\/soluzioni-assicurazione-svizzera\/clientela-individuale\/","og_site_name":"BIG Insurance Brokers","article_modified_time":"2025-07-16T09:18:05+00:00","twitter_card":"summary_large_image","twitter_misc":{"Tempo di lettura stimato":"2 minuti"},"schema":{"@context":"https:\/\/schema.org","@graph":[{"@type":"WebPage","@id":"https:\/\/www.big-brokers.ch\/it\/soluzioni-assicurazione-svizzera\/clientela-individuale\/","url":"https:\/\/www.big-brokers.ch\/it\/soluzioni-assicurazione-svizzera\/clientela-individuale\/","name":"Clientela Individuale - BIG Insurance Brokers","isPartOf":{"@id":"https:\/\/www.big-brokers.ch\/it\/#website"},"datePublished":"2021-04-17T09:43:07+00:00","dateModified":"2025-07-16T09:18:05+00:00","description":"Assicurazioni su misura per residenti in Svizzera: vita, malattia, copertura temporanea e terzo pilastro con BIG Insurance Brokers.","breadcrumb":{"@id":"https:\/\/www.big-brokers.ch\/it\/soluzioni-assicurazione-svizzera\/clientela-individuale\/#breadcrumb"},"inLanguage":"it-IT","potentialAction":[{"@type":"ReadAction","target":["https:\/\/www.big-brokers.ch\/it\/soluzioni-assicurazione-svizzera\/clientela-individuale\/"]}]},{"@type":"BreadcrumbList","@id":"https:\/\/www.big-brokers.ch\/it\/soluzioni-assicurazione-svizzera\/clientela-individuale\/#breadcrumb","itemListElement":[{"@type":"ListItem","position":1,"name":"Home","item":"https:\/\/www.big-brokers.ch\/it\/"},{"@type":"ListItem","position":2,"name":"Soluzioni Assicurazione Svizzera","item":"https:\/\/www.big-brokers.ch\/it\/soluzioni-assicurazione-svizzera\/"},{"@type":"ListItem","position":3,"name":"Clientela Individuale"}]},{"@type":"WebSite","@id":"https:\/\/www.big-brokers.ch\/it\/#website","url":"https:\/\/www.big-brokers.ch\/it\/","name":"BIG Insurance Brokers","description":"we are your international brokers","publisher":{"@id":"https:\/\/www.big-brokers.ch\/it\/#organization"},"potentialAction":[{"@type":"SearchAction","target":{"@type":"EntryPoint","urlTemplate":"https:\/\/www.big-brokers.ch\/it\/?s={search_term_string}"},"query-input":{"@type":"PropertyValueSpecification","valueRequired":true,"valueName":"search_term_string"}}],"inLanguage":"it-IT"},{"@type":"Organization","@id":"https:\/\/www.big-brokers.ch\/it\/#organization","name":"BIG Insurance Brokers","url":"https:\/\/www.big-brokers.ch\/it\/","logo":{"@type":"ImageObject","inLanguage":"it-IT","@id":"https:\/\/www.big-brokers.ch\/it\/#\/schema\/logo\/image\/","url":"https:\/\/big-brokers.ch\/wp-content\/uploads\/2019\/08\/big-insurance-brokers-logo.png","contentUrl":"https:\/\/big-brokers.ch\/wp-content\/uploads\/2019\/08\/big-insurance-brokers-logo.png","width":300,"height":143,"caption":"BIG Insurance Brokers"},"image":{"@id":"https:\/\/www.big-brokers.ch\/it\/#\/schema\/logo\/image\/"}}]}},"_links":{"self":[{"href":"https:\/\/big-brokers.ch\/it\/wp-json\/wp\/v2\/pages\/4366","targetHints":{"allow":["GET"]}}],"collection":[{"href":"https:\/\/big-brokers.ch\/it\/wp-json\/wp\/v2\/pages"}],"about":[{"href":"https:\/\/big-brokers.ch\/it\/wp-json\/wp\/v2\/types\/page"}],"author":[{"embeddable":true,"href":"https:\/\/big-brokers.ch\/it\/wp-json\/wp\/v2\/users\/3"}],"replies":[{"embeddable":true,"href":"https:\/\/big-brokers.ch\/it\/wp-json\/wp\/v2\/comments?post=4366"}],"version-history":[{"count":48,"href":"https:\/\/big-brokers.ch\/it\/wp-json\/wp\/v2\/pages\/4366\/revisions"}],"predecessor-version":[{"id":5165,"href":"https:\/\/big-brokers.ch\/it\/wp-json\/wp\/v2\/pages\/4366\/revisions\/5165"}],"up":[{"embeddable":true,"href":"https:\/\/big-brokers.ch\/it\/wp-json\/wp\/v2\/pages\/4317"}],"wp:attachment":[{"href":"https:\/\/big-brokers.ch\/it\/wp-json\/wp\/v2\/media?parent=4366"}],"curies":[{"name":"wp","href":"https:\/\/api.w.org\/{rel}","templated":true}]}}