{"id":4317,"date":"2021-04-18T13:20:56","date_gmt":"2021-04-18T11:20:56","guid":{"rendered":"https:\/\/www.big-brokers.ch\/?page_id=4317"},"modified":"2025-10-22T11:34:21","modified_gmt":"2025-10-22T09:34:21","slug":"soluzioni-assicurazione-svizzera","status":"publish","type":"page","link":"https:\/\/big-brokers.ch\/it\/soluzioni-assicurazione-svizzera\/","title":{"rendered":"Soluzioni Assicurazione Svizzera"},"content":{"rendered":"<div class=\"wpb-content-wrapper\"><p>[vc_row css=&#8221;.vc_custom_1618330216768{margin-bottom: -10% !important;}&#8221;][vc_column] \n    <section class=\"content\">\n  <div class=\"container\">\n    <div class=\"row\">\n      <div class=\"col-12\">\n        <div class=\"section-title\"> <span><\/span>\n          <h2>BIG Insurance Brokers<\/h2>\n          <h6>Soluzioni e strategie d&#039;alta gamma<\/h6>\n        <\/div>\n        <!-- end section-title -->\n      <\/div>\n      <!-- end col-12 -->\n      <div class=\"col-12\">\n        <p class=\"lead\">BIG Insurance Brokers \u00e8 l\u2019unica realt\u00e0 attiva in Ticino a offrire una consulenza assicurativa alla clientela svizzera ed europea su tutti i rischi tipici di soggetti High Net Worth e in generale per la protezione patrimoniale con esigenze cross-boarding. <\/p><br>\n      <\/div>\n      <!-- end col-12 -->\n      <div class=\"col-lg-6\">\n        \n        <p>Ci dedichiamo alla clientela domiciliata in Svizzera e collaboriamo con le pi\u00f9 importanti compagnie assicurative e casse malati distinguendoci per seriet\u00e0 e professionalit\u00e0.<\/p>\n      <\/div>\n      <!-- end col-col-6 -->\n      <div class=\"col-lg-6\">\n        <p>Le nostre proposte sono sviluppate analizzando ogni singolo caso e prendendo in considerazione la storia del cliente e quindi fornendo la pi\u00f9 qualificata consulenza assicurativa indipendente disponibile sul mercato.  <\/p>\n        <br>\n                 <div class=\"progress-infos\"><small><strong><\/strong><\/small> \n         <small class=\"pull-right\"><\/small> <\/div>\n          <!-- end progress-infos -->\n          <div class=\"progress\">\n            <div class=\"progress-bar wow progress-one\" style=\"width:  !important;\"> <\/div>\n            <!-- end progress-bar --> \n          <\/div>\n          <!-- end progress -->\n                      <!-- end progress-bar --> \n          <\/div>\n          <!-- end progress -->\n      <\/div>\n      <!-- end col-6 -->\n    <\/div>\n    <!-- end row -->\n  <\/div>\n  <!-- end container -->\n<\/section>\n[\/vc_column][\/vc_row][vc_row full_width=&#8221;stretch_row_content_no_spaces&#8221; el_class=&#8221;nopadding&#8221; css=&#8221;.vc_custom_1618331306707{margin-top: 20px !important;}&#8221;][vc_column] \n    <section class=\"icon-content-box \">\n  <div class=\"container\">\n    <div class=\"row\">\n      <div class=\"col-12 wow fadeIn\">\n               <div class=\"section-title\"> <span>Come operiamo<\/span>\n       \n          <h2>Consulenza, analisi e strategie.<\/h2>\n        \n        \n          <h6>BIG Insurance Brokers offre prestazioni di consulenza altamente personalizzate e indipendenti atte a incrementare la forza distributiva e la qualit\u00e0 della gestione dei portafogli assicurativi. Dall\u2019incontro introduttivo alla firma del contratto, ogni step \u00e8 gestito in maniera ottimale e puntuale, al fine di ottenere un perfetto connubio tra le esigenze del cliente e la proposta assicurativa. Per mantenere la pi\u00f9 completa indipendenza e autonomia, BIG Insurance Brokers da sempre preferisce concentrarsi esclusivamente sulla parte assicurativa e, al contrario di competitor diretti, non si occupa della gestione finanziaria.<\/h6>\n        <\/div>\n                <!-- end section-title --> \n      <\/div>\n      <!-- end col-12 -->\n      \n      <div class=\"col-12\">\n              <div class=\"content-box wow fadeIn\">\n          <div class=\"flip-box\" data-flip-direction=\"horizontal-to-left\" data-h_text_align=\"left\" data-v_text_align=\"center\">\n            <div class=\"flip-box-front\" data-bg-overlay=\"true\" data-text-color=\"light\">\n              <div class=\"inner\"> <span><\/span>\n                <h4><\/h4>\n                <figure> <img decoding=\"async\" src=\"\" alt=\"Image\"> <\/figure>\n              <\/div>\n              <!-- end inner --> \n            <\/div>\n            <!-- end flip-box-front -->\n            <div class=\"flip-box-back\">\n              <div class=\"inner\">\n                  <h4><\/h4>\n                  <p><\/p>\n              <\/div>\n              <!-- end inner --> \n            <\/div>\n            <!-- end end flip-box-back --> \n          <\/div>\n          <!-- end flip-box --> \n        <\/div>\n        <!-- end content-box -->\n                <!-- end content-box --> \n      <\/div>\n      <!-- end col-12 --> \n    <\/div>\n    <!-- end row --> \n  <\/div>\n  <!-- end container --> \n<\/section>\n \n    <section class=\"image-content-box\">\n  <div class=\"container\">\n    <div class=\"row\">\n      <div class=\"col-12 wow fadeIn\">\n        <div class=\"section-title\"> <span><\/span>\n          <h2><\/h2>\n          <h6><\/h6>\n        <\/div>\n        <!-- end section-title --> \n      <\/div>\n      <!-- end col-12 -->\n      <div class=\"col-12\">\n              <div class=\"content-box wow fadeIn\">\n          <figure><img decoding=\"async\" src=\"https:\/\/big-brokers.ch\/wp-content\/uploads\/2019\/01\/image06.jpg\" alt=\"Image\"><\/figure>\n          <h4>Globalisti<\/h4>\n          <p><\/p>\n                <a href=\"#\"><img decoding=\"async\" src=\"https:\/\/big-brokers.ch\/wp-content\/themes\/uoncorp\/images\/icon-right-arrow.svg\" alt=\"Image\"><\/a>\n              <\/div>\n        <!-- end content-box -->\n                <div class=\"content-box wow fadeIn\">\n          <figure><img decoding=\"async\" src=\"https:\/\/big-brokers.ch\/wp-content\/uploads\/2019\/01\/image07-1.jpg\" alt=\"Image\"><\/figure>\n          <h4>Clientela Individuale<\/h4>\n          <p><\/p>\n                <a href=\"#\"><img decoding=\"async\" src=\"https:\/\/big-brokers.ch\/wp-content\/themes\/uoncorp\/images\/icon-right-arrow.svg\" alt=\"Image\"><\/a>\n              <\/div>\n        <!-- end content-box -->\n                <div class=\"content-box wow fadeIn\">\n          <figure><img decoding=\"async\" src=\"https:\/\/big-brokers.ch\/wp-content\/uploads\/2021\/04\/Big-Px-ramovita.jpg\" alt=\"Image\"><\/figure>\n          <h4>Rami Elementari<\/h4>\n          <p><\/p>\n                <a href=\"#\"><img decoding=\"async\" src=\"https:\/\/big-brokers.ch\/wp-content\/themes\/uoncorp\/images\/icon-right-arrow.svg\" alt=\"Image\"><\/a>\n              <\/div>\n        <!-- end content-box -->\n                <div class=\"content-box wow fadeIn\">\n          <figure><img decoding=\"async\" src=\"https:\/\/big-brokers.ch\/wp-content\/uploads\/2019\/01\/image05-1.jpg\" alt=\"Image\"><\/figure>\n          <h4>Clientela Aziendale<\/h4>\n          <p><\/p>\n                <a href=\"#\"><img decoding=\"async\" src=\"https:\/\/big-brokers.ch\/wp-content\/themes\/uoncorp\/images\/icon-right-arrow.svg\" alt=\"Image\"><\/a>\n              <\/div>\n        <!-- end content-box -->\n                <!-- end content-box --> \n      <\/div>\n      <!-- end col-12 --> \n    <\/div>\n    <!-- end row --> \n  <\/div>\n  <!-- end container --> \n<\/section>\n[vc_column_text css=&#8221;.vc_custom_1618331245999{margin-top: 30px !important;margin-right: 20% !important;margin-left: 20% !important;}&#8221;]<\/p>\n<p class=\"p1\" style=\"text-align: center;\"><span class=\"s1\">Per mantenere la completa indipendenza e autonomia, BIG Insurance Brokers preferisce sempre concentrarsi esclusivamente sull&#8217;assicurazione e, a differenza dei suoi concorrenti diretti, non si occupa della gestione finanziaria.<\/span><\/p>\n<p>[\/vc_column_text][\/vc_column][\/vc_row]<\/p>\n<\/div>","protected":false},"excerpt":{"rendered":"<p>[vc_row css=&#8221;.vc_custom_1618330216768{margin-bottom: -10% !important;}&#8221;][vc_column][\/vc_column][\/vc_row][vc_row full_width=&#8221;stretch_row_content_no_spaces&#8221; el_class=&#8221;nopadding&#8221; css=&#8221;.vc_custom_1618331306707{margin-top: 20px !important;}&#8221;][vc_column][vc_column_text css=&#8221;.vc_custom_1618331245999{margin-top: 30px !important;margin-right: 20% !important;margin-left: 20% !important;}&#8221;] Per mantenere la completa indipendenza e autonomia, BIG Insurance Brokers preferisce sempre concentrarsi esclusivamente sull&#8217;assicurazione e, a differenza dei suoi concorrenti diretti, non si occupa della gestione finanziaria. [\/vc_column_text][\/vc_column][\/vc_row]<\/p>\n","protected":false},"author":3,"featured_media":0,"parent":0,"menu_order":0,"comment_status":"closed","ping_status":"closed","template":"page-templates\/other-page.php","meta":{"footnotes":""},"class_list":["post-4317","page","type-page","status-publish","hentry"],"yoast_head":"<!-- This site is optimized with the Yoast SEO plugin v25.3.1 - https:\/\/yoast.com\/wordpress\/plugins\/seo\/ -->\n<title>Soluzioni Assicurazione Svizzera - BIG Insurance Brokers<\/title>\n<meta name=\"description\" content=\"Soluzioni assicurative complete per privati e aziende in Svizzera. Big Brokers unisce esperienza locale e visione internazionale.\" \/>\n<meta name=\"robots\" content=\"index, follow, max-snippet:-1, max-image-preview:large, max-video-preview:-1\" \/>\n<link rel=\"canonical\" href=\"https:\/\/www.big-brokers.ch\/it\/soluzioni-assicurazione-svizzera\/\" \/>\n<meta property=\"og:locale\" content=\"it_IT\" \/>\n<meta property=\"og:type\" content=\"article\" \/>\n<meta property=\"og:title\" content=\"Soluzioni Assicurazione Svizzera - BIG Insurance Brokers\" \/>\n<meta property=\"og:description\" content=\"Soluzioni assicurative complete per privati e aziende in Svizzera. Big Brokers unisce esperienza locale e visione internazionale.\" \/>\n<meta property=\"og:url\" content=\"https:\/\/www.big-brokers.ch\/it\/soluzioni-assicurazione-svizzera\/\" \/>\n<meta property=\"og:site_name\" content=\"BIG Insurance Brokers\" \/>\n<meta property=\"article:modified_time\" content=\"2025-10-22T09:34:21+00:00\" \/>\n<meta name=\"twitter:card\" content=\"summary_large_image\" \/>\n<meta name=\"twitter:title\" content=\"Soluzioni Assicurazione Svizzera - BIG Insurance Brokers\" \/>\n<meta name=\"twitter:description\" content=\"Soluzioni assicurative complete per privati e aziende in Svizzera. Big Brokers unisce esperienza locale e visione internazionale.\" \/>\n<meta name=\"twitter:label1\" content=\"Tempo di lettura stimato\" \/>\n\t<meta name=\"twitter:data1\" content=\"2 minuti\" \/>\n<script type=\"application\/ld+json\" class=\"yoast-schema-graph\">{\"@context\":\"https:\/\/schema.org\",\"@graph\":[{\"@type\":\"WebPage\",\"@id\":\"https:\/\/www.big-brokers.ch\/it\/soluzioni-assicurazione-svizzera\/\",\"url\":\"https:\/\/www.big-brokers.ch\/it\/soluzioni-assicurazione-svizzera\/\",\"name\":\"Soluzioni Assicurazione Svizzera - BIG Insurance Brokers\",\"isPartOf\":{\"@id\":\"https:\/\/big-brokers.ch\/it\/#website\"},\"datePublished\":\"2021-04-18T11:20:56+00:00\",\"dateModified\":\"2025-10-22T09:34:21+00:00\",\"description\":\"Soluzioni assicurative complete per privati e aziende in Svizzera. Big Brokers unisce esperienza locale e visione internazionale.\",\"breadcrumb\":{\"@id\":\"https:\/\/www.big-brokers.ch\/it\/soluzioni-assicurazione-svizzera\/#breadcrumb\"},\"inLanguage\":\"it-IT\",\"potentialAction\":[{\"@type\":\"ReadAction\",\"target\":[\"https:\/\/www.big-brokers.ch\/it\/soluzioni-assicurazione-svizzera\/\"]}]},{\"@type\":\"BreadcrumbList\",\"@id\":\"https:\/\/www.big-brokers.ch\/it\/soluzioni-assicurazione-svizzera\/#breadcrumb\",\"itemListElement\":[{\"@type\":\"ListItem\",\"position\":1,\"name\":\"Home\",\"item\":\"https:\/\/big-brokers.ch\/it\/\"},{\"@type\":\"ListItem\",\"position\":2,\"name\":\"Soluzioni Assicurazione Svizzera\"}]},{\"@type\":\"WebSite\",\"@id\":\"https:\/\/big-brokers.ch\/it\/#website\",\"url\":\"https:\/\/big-brokers.ch\/it\/\",\"name\":\"BIG Insurance Brokers\",\"description\":\"we are your international brokers\",\"publisher\":{\"@id\":\"https:\/\/big-brokers.ch\/it\/#organization\"},\"potentialAction\":[{\"@type\":\"SearchAction\",\"target\":{\"@type\":\"EntryPoint\",\"urlTemplate\":\"https:\/\/big-brokers.ch\/it\/?s={search_term_string}\"},\"query-input\":{\"@type\":\"PropertyValueSpecification\",\"valueRequired\":true,\"valueName\":\"search_term_string\"}}],\"inLanguage\":\"it-IT\"},{\"@type\":\"Organization\",\"@id\":\"https:\/\/big-brokers.ch\/it\/#organization\",\"name\":\"BIG Insurance Brokers\",\"url\":\"https:\/\/big-brokers.ch\/it\/\",\"logo\":{\"@type\":\"ImageObject\",\"inLanguage\":\"it-IT\",\"@id\":\"https:\/\/big-brokers.ch\/it\/#\/schema\/logo\/image\/\",\"url\":\"https:\/\/big-brokers.ch\/wp-content\/uploads\/2019\/08\/big-insurance-brokers-logo.png\",\"contentUrl\":\"https:\/\/big-brokers.ch\/wp-content\/uploads\/2019\/08\/big-insurance-brokers-logo.png\",\"width\":300,\"height\":143,\"caption\":\"BIG Insurance Brokers\"},\"image\":{\"@id\":\"https:\/\/big-brokers.ch\/it\/#\/schema\/logo\/image\/\"}}]}<\/script>\n<!-- \/ Yoast SEO plugin. -->","yoast_head_json":{"title":"Soluzioni Assicurazione Svizzera - BIG Insurance Brokers","description":"Soluzioni assicurative complete per privati e aziende in Svizzera. Big Brokers unisce esperienza locale e visione internazionale.","robots":{"index":"index","follow":"follow","max-snippet":"max-snippet:-1","max-image-preview":"max-image-preview:large","max-video-preview":"max-video-preview:-1"},"canonical":"https:\/\/www.big-brokers.ch\/it\/soluzioni-assicurazione-svizzera\/","og_locale":"it_IT","og_type":"article","og_title":"Soluzioni Assicurazione Svizzera - BIG Insurance Brokers","og_description":"Soluzioni assicurative complete per privati e aziende in Svizzera. Big Brokers unisce esperienza locale e visione internazionale.","og_url":"https:\/\/www.big-brokers.ch\/it\/soluzioni-assicurazione-svizzera\/","og_site_name":"BIG Insurance Brokers","article_modified_time":"2025-10-22T09:34:21+00:00","twitter_card":"summary_large_image","twitter_title":"Soluzioni Assicurazione Svizzera - BIG Insurance Brokers","twitter_description":"Soluzioni assicurative complete per privati e aziende in Svizzera. Big Brokers unisce esperienza locale e visione internazionale.","twitter_misc":{"Tempo di lettura stimato":"2 minuti"},"schema":{"@context":"https:\/\/schema.org","@graph":[{"@type":"WebPage","@id":"https:\/\/www.big-brokers.ch\/it\/soluzioni-assicurazione-svizzera\/","url":"https:\/\/www.big-brokers.ch\/it\/soluzioni-assicurazione-svizzera\/","name":"Soluzioni Assicurazione Svizzera - BIG Insurance Brokers","isPartOf":{"@id":"https:\/\/big-brokers.ch\/it\/#website"},"datePublished":"2021-04-18T11:20:56+00:00","dateModified":"2025-10-22T09:34:21+00:00","description":"Soluzioni assicurative complete per privati e aziende in Svizzera. Big Brokers unisce esperienza locale e visione internazionale.","breadcrumb":{"@id":"https:\/\/www.big-brokers.ch\/it\/soluzioni-assicurazione-svizzera\/#breadcrumb"},"inLanguage":"it-IT","potentialAction":[{"@type":"ReadAction","target":["https:\/\/www.big-brokers.ch\/it\/soluzioni-assicurazione-svizzera\/"]}]},{"@type":"BreadcrumbList","@id":"https:\/\/www.big-brokers.ch\/it\/soluzioni-assicurazione-svizzera\/#breadcrumb","itemListElement":[{"@type":"ListItem","position":1,"name":"Home","item":"https:\/\/big-brokers.ch\/it\/"},{"@type":"ListItem","position":2,"name":"Soluzioni Assicurazione Svizzera"}]},{"@type":"WebSite","@id":"https:\/\/big-brokers.ch\/it\/#website","url":"https:\/\/big-brokers.ch\/it\/","name":"BIG Insurance Brokers","description":"we are your international brokers","publisher":{"@id":"https:\/\/big-brokers.ch\/it\/#organization"},"potentialAction":[{"@type":"SearchAction","target":{"@type":"EntryPoint","urlTemplate":"https:\/\/big-brokers.ch\/it\/?s={search_term_string}"},"query-input":{"@type":"PropertyValueSpecification","valueRequired":true,"valueName":"search_term_string"}}],"inLanguage":"it-IT"},{"@type":"Organization","@id":"https:\/\/big-brokers.ch\/it\/#organization","name":"BIG Insurance Brokers","url":"https:\/\/big-brokers.ch\/it\/","logo":{"@type":"ImageObject","inLanguage":"it-IT","@id":"https:\/\/big-brokers.ch\/it\/#\/schema\/logo\/image\/","url":"https:\/\/big-brokers.ch\/wp-content\/uploads\/2019\/08\/big-insurance-brokers-logo.png","contentUrl":"https:\/\/big-brokers.ch\/wp-content\/uploads\/2019\/08\/big-insurance-brokers-logo.png","width":300,"height":143,"caption":"BIG Insurance Brokers"},"image":{"@id":"https:\/\/big-brokers.ch\/it\/#\/schema\/logo\/image\/"}}]}},"_links":{"self":[{"href":"https:\/\/big-brokers.ch\/it\/wp-json\/wp\/v2\/pages\/4317","targetHints":{"allow":["GET"]}}],"collection":[{"href":"https:\/\/big-brokers.ch\/it\/wp-json\/wp\/v2\/pages"}],"about":[{"href":"https:\/\/big-brokers.ch\/it\/wp-json\/wp\/v2\/types\/page"}],"author":[{"embeddable":true,"href":"https:\/\/big-brokers.ch\/it\/wp-json\/wp\/v2\/users\/3"}],"replies":[{"embeddable":true,"href":"https:\/\/big-brokers.ch\/it\/wp-json\/wp\/v2\/comments?post=4317"}],"version-history":[{"count":30,"href":"https:\/\/big-brokers.ch\/it\/wp-json\/wp\/v2\/pages\/4317\/revisions"}],"predecessor-version":[{"id":7139,"href":"https:\/\/big-brokers.ch\/it\/wp-json\/wp\/v2\/pages\/4317\/revisions\/7139"}],"wp:attachment":[{"href":"https:\/\/big-brokers.ch\/it\/wp-json\/wp\/v2\/media?parent=4317"}],"curies":[{"name":"wp","href":"https:\/\/api.w.org\/{rel}","templated":true}]}}