{"id":4657,"date":"2021-04-18T13:20:56","date_gmt":"2021-04-18T11:20:56","guid":{"rendered":"https:\/\/www.big-brokers.ch\/soluzioni-assicurazione-svizzera\/"},"modified":"2025-10-22T12:13:40","modified_gmt":"2025-10-22T10:13:40","slug":"soluzioni-assicurazione-svizzera","status":"publish","type":"page","link":"https:\/\/big-brokers.ch\/fr\/soluzioni-assicurazione-svizzera\/","title":{"rendered":"Solutions d&#8217;assurance Suisses"},"content":{"rendered":"<div class=\"wpb-content-wrapper\"><p>[vc_row css=&#8221;.vc_custom_1618330216768{margin-bottom: -10% !important;}&#8221;][vc_column] \n    <section class=\"content\">\n  <div class=\"container\">\n    <div class=\"row\">\n      <div class=\"col-12\">\n        <div class=\"section-title\"> <span><\/span>\n          <h2>BIG Insurance Brokers<\/h2>\n          <h6>Solutions et strat\u00e9gies haut de gamme<\/h6>\n        <\/div>\n        <!-- end section-title -->\n      <\/div>\n      <!-- end col-12 -->\n      <div class=\"col-12\">\n        <p class=\"lead\">BIG Insurance Brokers est la seule soci\u00e9t\u00e9 active au Tessin \u00e0 offrir des conseils en assurance aux clients suisses et europ\u00e9ens sur tous les risques typiques des sujets High Net Worth et en g\u00e9n\u00e9ral pour la protection d&#039;actifs avec des besoins de cross-boarding. <\/p><br>\n      <\/div>\n      <!-- end col-12 -->\n      <div class=\"col-lg-6\">\n        \n        <p>Nous sommes d\u00e9di\u00e9s aux clients domicili\u00e9s en Suisse et nous collaborons avec les plus importantes compagnies d&#039;assurance et caisses maladie, en nous distinguant par leur s\u00e9rieux et leur professionnalisme.<\/p>\n      <\/div>\n      <!-- end col-col-6 -->\n      <div class=\"col-lg-6\">\n        <p>Nos propositions sont \u00e9labor\u00e9es en analysant chaque cas individuel et en tenant compte de l&#039;historique du client et en fournissant ainsi les conseils d&#039;assurance ind\u00e9pendants les plus qualifi\u00e9s disponibles sur le march\u00e9.  <\/p>\n        <br>\n                 <div class=\"progress-infos\"><small><strong><\/strong><\/small> \n         <small class=\"pull-right\"><\/small> <\/div>\n          <!-- end progress-infos -->\n          <div class=\"progress\">\n            <div class=\"progress-bar wow progress-one\" style=\"width:  !important;\"> <\/div>\n            <!-- end progress-bar --> \n          <\/div>\n          <!-- end progress -->\n                      <!-- end progress-bar --> \n          <\/div>\n          <!-- end progress -->\n      <\/div>\n      <!-- end col-6 -->\n    <\/div>\n    <!-- end row -->\n  <\/div>\n  <!-- end container -->\n<\/section>\n[\/vc_column][\/vc_row][vc_row full_width=&#8221;stretch_row_content_no_spaces&#8221; el_class=&#8221;nopadding&#8221; css=&#8221;.vc_custom_1618331306707{margin-top: 20px !important;}&#8221;][vc_column] \n    <section class=\"icon-content-box \">\n  <div class=\"container\">\n    <div class=\"row\">\n      <div class=\"col-12 wow fadeIn\">\n               <div class=\"section-title\"> <span>Comment nous fonctionnons<\/span>\n       \n          <h2>Conseil, analyse et strat\u00e9gies.<\/h2>\n        \n        \n          <h6>BIG Insurance Brokers offre des services de conseil hautement personnalis\u00e9s et ind\u00e9pendants visant \u00e0 accro\u00eetre la force de distribution et la qualit\u00e9 de la gestion de portefeuille d&#039;assurance. De la r\u00e9union de pr\u00e9sentation \u00e0 la signature du contrat, chaque \u00e9tape est g\u00e9r\u00e9e de mani\u00e8re optimale et ponctuelle, afin d&#039;obtenir une combinaison parfaite des besoins du client et de la proposition d&#039;assurance. Pour conserver une ind\u00e9pendance et une autonomie compl\u00e8tes, BIG Insurance Brokers a toujours pr\u00e9f\u00e9r\u00e9 se concentrer exclusivement sur la partie assurance et, contrairement aux concurrents directs, ne s&#039;occupe pas de la gestion financi\u00e8re.<\/h6>\n        <\/div>\n                <!-- end section-title --> \n      <\/div>\n      <!-- end col-12 -->\n      \n      <div class=\"col-12\">\n              <div class=\"content-box wow fadeIn\">\n          <div class=\"flip-box\" data-flip-direction=\"horizontal-to-left\" data-h_text_align=\"left\" data-v_text_align=\"center\">\n            <div class=\"flip-box-front\" data-bg-overlay=\"true\" data-text-color=\"light\">\n              <div class=\"inner\"> <span><\/span>\n                <h4><\/h4>\n                <figure> <img decoding=\"async\" src=\"\" alt=\"Image\"> <\/figure>\n              <\/div>\n              <!-- end inner --> \n            <\/div>\n            <!-- end flip-box-front -->\n            <div class=\"flip-box-back\">\n              <div class=\"inner\">\n                  <h4><\/h4>\n                  <p><\/p>\n              <\/div>\n              <!-- end inner --> \n            <\/div>\n            <!-- end end flip-box-back --> \n          <\/div>\n          <!-- end flip-box --> \n        <\/div>\n        <!-- end content-box -->\n                <!-- end content-box --> \n      <\/div>\n      <!-- end col-12 --> \n    <\/div>\n    <!-- end row --> \n  <\/div>\n  <!-- end container --> \n<\/section>\n \n    <section class=\"image-content-box\">\n  <div class=\"container\">\n    <div class=\"row\">\n      <div class=\"col-12 wow fadeIn\">\n        <div class=\"section-title\"> <span><\/span>\n          <h2><\/h2>\n          <h6><\/h6>\n        <\/div>\n        <!-- end section-title --> \n      <\/div>\n      <!-- end col-12 -->\n      <div class=\"col-12\">\n              <div class=\"content-box wow fadeIn\">\n          <figure><img decoding=\"async\" src=\"https:\/\/big-brokers.ch\/wp-content\/uploads\/2019\/01\/image06.jpg\" alt=\"Image\"><\/figure>\n          <h4>Mondialistes<\/h4>\n          <p><\/p>\n                <a href=\"#\"><img decoding=\"async\" src=\"https:\/\/big-brokers.ch\/wp-content\/themes\/uoncorp\/images\/icon-right-arrow.svg\" alt=\"Image\"><\/a>\n              <\/div>\n        <!-- end content-box -->\n                <div class=\"content-box wow fadeIn\">\n          <figure><img decoding=\"async\" src=\"https:\/\/big-brokers.ch\/wp-content\/uploads\/2019\/01\/image07-1.jpg\" alt=\"Image\"><\/figure>\n          <h4>Client\u00e8le individuelle<\/h4>\n          <p><\/p>\n                <a href=\"#\"><img decoding=\"async\" src=\"https:\/\/big-brokers.ch\/wp-content\/themes\/uoncorp\/images\/icon-right-arrow.svg\" alt=\"Image\"><\/a>\n              <\/div>\n        <!-- end content-box -->\n                <div class=\"content-box wow fadeIn\">\n          <figure><img decoding=\"async\" src=\"https:\/\/big-brokers.ch\/wp-content\/uploads\/2021\/04\/Big-Px-ramovita.jpg\" alt=\"Image\"><\/figure>\n          <h4>Branches \u00e9l\u00e9mentaires<\/h4>\n          <p><\/p>\n                <a href=\"#\"><img decoding=\"async\" src=\"https:\/\/big-brokers.ch\/wp-content\/themes\/uoncorp\/images\/icon-right-arrow.svg\" alt=\"Image\"><\/a>\n              <\/div>\n        <!-- end content-box -->\n                <div class=\"content-box wow fadeIn\">\n          <figure><img decoding=\"async\" src=\"https:\/\/big-brokers.ch\/wp-content\/uploads\/2019\/01\/image05-1.jpg\" alt=\"Image\"><\/figure>\n          <h4>Clients professionnels<\/h4>\n          <p><\/p>\n                <a href=\"#\"><img decoding=\"async\" src=\"https:\/\/big-brokers.ch\/wp-content\/themes\/uoncorp\/images\/icon-right-arrow.svg\" alt=\"Image\"><\/a>\n              <\/div>\n        <!-- end content-box -->\n                <!-- end content-box --> \n      <\/div>\n      <!-- end col-12 --> \n    <\/div>\n    <!-- end row --> \n  <\/div>\n  <!-- end container --> \n<\/section>\n[vc_column_text css=&#8221;.vc_custom_1618746173575{margin-top: 30px !important;margin-right: 20% !important;margin-left: 20% !important;}&#8221;]<\/p>\n<p class=\"p1\" style=\"text-align: center;\">Pour conserver une ind\u00e9pendance et une autonomie compl\u00e8tes, BIG Insurance Brokers pr\u00e9f\u00e8re toujours se concentrer exclusivement sur l&#8217;assurance et, contrairement \u00e0 ses concurrents directs, ne s&#8217;occupe pas de gestion financi\u00e8re.<\/p>\n<p>[\/vc_column_text][\/vc_column][\/vc_row]<\/p>\n<\/div>","protected":false},"excerpt":{"rendered":"<p>[vc_row css=&#8221;.vc_custom_1618330216768{margin-bottom: -10% !important;}&#8221;][vc_column][\/vc_column][\/vc_row][vc_row full_width=&#8221;stretch_row_content_no_spaces&#8221; el_class=&#8221;nopadding&#8221; css=&#8221;.vc_custom_1618331306707{margin-top: 20px !important;}&#8221;][vc_column][vc_column_text css=&#8221;.vc_custom_1618746173575{margin-top: 30px !important;margin-right: 20% !important;margin-left: 20% !important;}&#8221;] Pour conserver une ind\u00e9pendance et une autonomie compl\u00e8tes, BIG Insurance Brokers pr\u00e9f\u00e8re toujours se concentrer exclusivement sur l&#8217;assurance et, contrairement \u00e0 ses concurrents directs, ne s&#8217;occupe pas de gestion financi\u00e8re. [\/vc_column_text][\/vc_column][\/vc_row]<\/p>\n","protected":false},"author":3,"featured_media":0,"parent":0,"menu_order":0,"comment_status":"closed","ping_status":"closed","template":"page-templates\/other-page.php","meta":{"footnotes":""},"class_list":["post-4657","page","type-page","status-publish","hentry"],"yoast_head":"<!-- This site is optimized with the Yoast SEO plugin v25.3.1 - https:\/\/yoast.com\/wordpress\/plugins\/seo\/ -->\n<title>Solutions d&#039;assurance Suisses - BIG Insurance Brokers<\/title>\n<meta name=\"robots\" content=\"index, follow, max-snippet:-1, max-image-preview:large, max-video-preview:-1\" \/>\n<link rel=\"canonical\" href=\"https:\/\/www.big-brokers.ch\/fr\/soluzioni-assicurazione-svizzera\/\" \/>\n<meta property=\"og:locale\" content=\"fr_FR\" \/>\n<meta property=\"og:type\" content=\"article\" \/>\n<meta property=\"og:title\" content=\"Solutions d&#039;assurance Suisses - BIG Insurance Brokers\" \/>\n<meta property=\"og:description\" content=\"[vc_row css=&#8221;.vc_custom_1618330216768{margin-bottom: -10% !important;}&#8221;][vc_column][\/vc_column][\/vc_row][vc_row full_width=&#8221;stretch_row_content_no_spaces&#8221; el_class=&#8221;nopadding&#8221; css=&#8221;.vc_custom_1618331306707{margin-top: 20px !important;}&#8221;][vc_column][vc_column_text css=&#8221;.vc_custom_1618746173575{margin-top: 30px !important;margin-right: 20% !important;margin-left: 20% !important;}&#8221;] Pour conserver une ind\u00e9pendance et une autonomie compl\u00e8tes, BIG Insurance Brokers pr\u00e9f\u00e8re toujours se concentrer exclusivement sur l&#8217;assurance et, contrairement \u00e0 ses concurrents directs, ne s&#8217;occupe pas de gestion financi\u00e8re. [\/vc_column_text][\/vc_column][\/vc_row]\" \/>\n<meta property=\"og:url\" content=\"https:\/\/www.big-brokers.ch\/fr\/soluzioni-assicurazione-svizzera\/\" \/>\n<meta property=\"og:site_name\" content=\"BIG Insurance Brokers\" \/>\n<meta property=\"article:modified_time\" content=\"2025-10-22T10:13:40+00:00\" \/>\n<meta name=\"twitter:card\" content=\"summary_large_image\" \/>\n<meta name=\"twitter:label1\" content=\"Dur\u00e9e de lecture estim\u00e9e\" \/>\n\t<meta name=\"twitter:data1\" content=\"2 minutes\" \/>\n<script type=\"application\/ld+json\" class=\"yoast-schema-graph\">{\"@context\":\"https:\/\/schema.org\",\"@graph\":[{\"@type\":\"WebPage\",\"@id\":\"https:\/\/www.big-brokers.ch\/fr\/soluzioni-assicurazione-svizzera\/\",\"url\":\"https:\/\/www.big-brokers.ch\/fr\/soluzioni-assicurazione-svizzera\/\",\"name\":\"Solutions d'assurance Suisses - BIG Insurance Brokers\",\"isPartOf\":{\"@id\":\"https:\/\/www.big-brokers.ch\/en\/#website\"},\"datePublished\":\"2021-04-18T11:20:56+00:00\",\"dateModified\":\"2025-10-22T10:13:40+00:00\",\"breadcrumb\":{\"@id\":\"https:\/\/www.big-brokers.ch\/fr\/soluzioni-assicurazione-svizzera\/#breadcrumb\"},\"inLanguage\":\"fr-FR\",\"potentialAction\":[{\"@type\":\"ReadAction\",\"target\":[\"https:\/\/www.big-brokers.ch\/fr\/soluzioni-assicurazione-svizzera\/\"]}]},{\"@type\":\"BreadcrumbList\",\"@id\":\"https:\/\/www.big-brokers.ch\/fr\/soluzioni-assicurazione-svizzera\/#breadcrumb\",\"itemListElement\":[{\"@type\":\"ListItem\",\"position\":1,\"name\":\"Home\",\"item\":\"https:\/\/www.big-brokers.ch\/fr\/\"},{\"@type\":\"ListItem\",\"position\":2,\"name\":\"Solutions d&#8217;assurance Suisses\"}]},{\"@type\":\"WebSite\",\"@id\":\"https:\/\/www.big-brokers.ch\/en\/#website\",\"url\":\"https:\/\/www.big-brokers.ch\/en\/\",\"name\":\"BIG Insurance Brokers\",\"description\":\"we are your international brokers\",\"publisher\":{\"@id\":\"https:\/\/www.big-brokers.ch\/en\/#organization\"},\"potentialAction\":[{\"@type\":\"SearchAction\",\"target\":{\"@type\":\"EntryPoint\",\"urlTemplate\":\"https:\/\/www.big-brokers.ch\/en\/?s={search_term_string}\"},\"query-input\":{\"@type\":\"PropertyValueSpecification\",\"valueRequired\":true,\"valueName\":\"search_term_string\"}}],\"inLanguage\":\"fr-FR\"},{\"@type\":\"Organization\",\"@id\":\"https:\/\/www.big-brokers.ch\/en\/#organization\",\"name\":\"BIG Insurance Brokers\",\"url\":\"https:\/\/www.big-brokers.ch\/en\/\",\"logo\":{\"@type\":\"ImageObject\",\"inLanguage\":\"fr-FR\",\"@id\":\"https:\/\/www.big-brokers.ch\/en\/#\/schema\/logo\/image\/\",\"url\":\"https:\/\/big-brokers.ch\/wp-content\/uploads\/2019\/08\/big-insurance-brokers-logo.png\",\"contentUrl\":\"https:\/\/big-brokers.ch\/wp-content\/uploads\/2019\/08\/big-insurance-brokers-logo.png\",\"width\":300,\"height\":143,\"caption\":\"BIG Insurance Brokers\"},\"image\":{\"@id\":\"https:\/\/www.big-brokers.ch\/en\/#\/schema\/logo\/image\/\"}}]}<\/script>\n<!-- \/ Yoast SEO plugin. -->","yoast_head_json":{"title":"Solutions d'assurance Suisses - BIG Insurance Brokers","robots":{"index":"index","follow":"follow","max-snippet":"max-snippet:-1","max-image-preview":"max-image-preview:large","max-video-preview":"max-video-preview:-1"},"canonical":"https:\/\/www.big-brokers.ch\/fr\/soluzioni-assicurazione-svizzera\/","og_locale":"fr_FR","og_type":"article","og_title":"Solutions d'assurance Suisses - BIG Insurance Brokers","og_description":"[vc_row css=&#8221;.vc_custom_1618330216768{margin-bottom: -10% !important;}&#8221;][vc_column][\/vc_column][\/vc_row][vc_row full_width=&#8221;stretch_row_content_no_spaces&#8221; el_class=&#8221;nopadding&#8221; css=&#8221;.vc_custom_1618331306707{margin-top: 20px !important;}&#8221;][vc_column][vc_column_text css=&#8221;.vc_custom_1618746173575{margin-top: 30px !important;margin-right: 20% !important;margin-left: 20% !important;}&#8221;] Pour conserver une ind\u00e9pendance et une autonomie compl\u00e8tes, BIG Insurance Brokers pr\u00e9f\u00e8re toujours se concentrer exclusivement sur l&#8217;assurance et, contrairement \u00e0 ses concurrents directs, ne s&#8217;occupe pas de gestion financi\u00e8re. [\/vc_column_text][\/vc_column][\/vc_row]","og_url":"https:\/\/www.big-brokers.ch\/fr\/soluzioni-assicurazione-svizzera\/","og_site_name":"BIG Insurance Brokers","article_modified_time":"2025-10-22T10:13:40+00:00","twitter_card":"summary_large_image","twitter_misc":{"Dur\u00e9e de lecture estim\u00e9e":"2 minutes"},"schema":{"@context":"https:\/\/schema.org","@graph":[{"@type":"WebPage","@id":"https:\/\/www.big-brokers.ch\/fr\/soluzioni-assicurazione-svizzera\/","url":"https:\/\/www.big-brokers.ch\/fr\/soluzioni-assicurazione-svizzera\/","name":"Solutions d'assurance Suisses - BIG Insurance Brokers","isPartOf":{"@id":"https:\/\/www.big-brokers.ch\/en\/#website"},"datePublished":"2021-04-18T11:20:56+00:00","dateModified":"2025-10-22T10:13:40+00:00","breadcrumb":{"@id":"https:\/\/www.big-brokers.ch\/fr\/soluzioni-assicurazione-svizzera\/#breadcrumb"},"inLanguage":"fr-FR","potentialAction":[{"@type":"ReadAction","target":["https:\/\/www.big-brokers.ch\/fr\/soluzioni-assicurazione-svizzera\/"]}]},{"@type":"BreadcrumbList","@id":"https:\/\/www.big-brokers.ch\/fr\/soluzioni-assicurazione-svizzera\/#breadcrumb","itemListElement":[{"@type":"ListItem","position":1,"name":"Home","item":"https:\/\/www.big-brokers.ch\/fr\/"},{"@type":"ListItem","position":2,"name":"Solutions d&#8217;assurance Suisses"}]},{"@type":"WebSite","@id":"https:\/\/www.big-brokers.ch\/en\/#website","url":"https:\/\/www.big-brokers.ch\/en\/","name":"BIG Insurance Brokers","description":"we are your international brokers","publisher":{"@id":"https:\/\/www.big-brokers.ch\/en\/#organization"},"potentialAction":[{"@type":"SearchAction","target":{"@type":"EntryPoint","urlTemplate":"https:\/\/www.big-brokers.ch\/en\/?s={search_term_string}"},"query-input":{"@type":"PropertyValueSpecification","valueRequired":true,"valueName":"search_term_string"}}],"inLanguage":"fr-FR"},{"@type":"Organization","@id":"https:\/\/www.big-brokers.ch\/en\/#organization","name":"BIG Insurance Brokers","url":"https:\/\/www.big-brokers.ch\/en\/","logo":{"@type":"ImageObject","inLanguage":"fr-FR","@id":"https:\/\/www.big-brokers.ch\/en\/#\/schema\/logo\/image\/","url":"https:\/\/big-brokers.ch\/wp-content\/uploads\/2019\/08\/big-insurance-brokers-logo.png","contentUrl":"https:\/\/big-brokers.ch\/wp-content\/uploads\/2019\/08\/big-insurance-brokers-logo.png","width":300,"height":143,"caption":"BIG Insurance Brokers"},"image":{"@id":"https:\/\/www.big-brokers.ch\/en\/#\/schema\/logo\/image\/"}}]}},"_links":{"self":[{"href":"https:\/\/big-brokers.ch\/fr\/wp-json\/wp\/v2\/pages\/4657","targetHints":{"allow":["GET"]}}],"collection":[{"href":"https:\/\/big-brokers.ch\/fr\/wp-json\/wp\/v2\/pages"}],"about":[{"href":"https:\/\/big-brokers.ch\/fr\/wp-json\/wp\/v2\/types\/page"}],"author":[{"embeddable":true,"href":"https:\/\/big-brokers.ch\/fr\/wp-json\/wp\/v2\/users\/3"}],"replies":[{"embeddable":true,"href":"https:\/\/big-brokers.ch\/fr\/wp-json\/wp\/v2\/comments?post=4657"}],"version-history":[{"count":8,"href":"https:\/\/big-brokers.ch\/fr\/wp-json\/wp\/v2\/pages\/4657\/revisions"}],"predecessor-version":[{"id":7176,"href":"https:\/\/big-brokers.ch\/fr\/wp-json\/wp\/v2\/pages\/4657\/revisions\/7176"}],"wp:attachment":[{"href":"https:\/\/big-brokers.ch\/fr\/wp-json\/wp\/v2\/media?parent=4657"}],"curies":[{"name":"wp","href":"https:\/\/api.w.org\/{rel}","templated":true}]}}