{"id":4634,"date":"2021-04-17T12:20:41","date_gmt":"2021-04-17T10:20:41","guid":{"rendered":"https:\/\/www.big-brokers.ch\/rami-elementari\/"},"modified":"2025-10-22T12:12:27","modified_gmt":"2025-10-22T10:12:27","slug":"rami-elementari","status":"publish","type":"page","link":"https:\/\/big-brokers.ch\/fr\/soluzioni-assicurazione-svizzera\/rami-elementari\/","title":{"rendered":"Risques Divers"},"content":{"rendered":"<div class=\"wpb-content-wrapper\"><p>[vc_row type_row=&#8221;contact&#8221; el_class=&#8221;nopadding&#8221; css=&#8221;.vc_custom_1618651504266{margin-top: -200px !important;}&#8221;][vc_column wap_class=&#8221;wow fadeIn&#8221;][vc_row_inner][vc_column_inner][vc_custom_heading text=&#8221;Des solutions d&#8217;assurance pour prot\u00e9ger ce que vous aimez.&#8221; font_container=&#8221;tag:h2|text_align:center|color:%23435185&#8243; css=&#8221;&#8221;][\/vc_column_inner][\/vc_row_inner][vc_separator align=&#8221;align_left&#8221; css=&#8221;.vc_custom_1618652508608{padding-top: 20px !important;padding-bottom: 20px !important;}&#8221;][vc_row_inner el_class=&#8221;row&#8221; css=&#8221;.vc_custom_1556493335412{padding-right: 5% !important;padding-left: 5% !important;}&#8221;][vc_column_inner width=&#8221;1\/3&#8243;][vc_custom_heading text=&#8221;RC Vie Priv\u00e9e&#8221; font_container=&#8221;tag:h3|text_align:left|color:%23a5a5a5&#8243; css=&#8221;&#8221;][vc_single_image image=&#8221;4370&#8243; img_size=&#8221;full&#8221; alignment=&#8221;center&#8221; onclick=&#8221;custom_link&#8221; link=&#8221;mailto: gca@big-brokers.ch&#8221;][vc_column_text css=&#8221;&#8221;]BIG Insurance Brokers sait choisir ensemble la meilleure police de responsabilit\u00e9 civile pour une vie paisible sans \u00e9v\u00e9nements impr\u00e9vus.[\/vc_column_text][vc_btn title=&#8221;Demande d&#8217;Information&#8221; style=&#8221;outline-custom&#8221; outline_custom_color=&#8221;#d66700&#8243; outline_custom_hover_background=&#8221;#435185&#8243; outline_custom_hover_text=&#8221;#ffffff&#8221; shape=&#8221;square&#8221; size=&#8221;lg&#8221; align=&#8221;center&#8221; button_block=&#8221;true&#8221; link=&#8221;url:mailto%3Agca%40big-brokers.ch%20|title:Richiedi%20informazioni|target:_blank&#8221;][\/vc_column_inner][vc_column_inner width=&#8221;1\/3&#8243;][vc_custom_heading text=&#8221;Habitation&#8221; font_container=&#8221;tag:h3|text_align:left|color:%23a5a5a5&#8243; css=&#8221;&#8221;][vc_single_image image=&#8221;4425&#8243; img_size=&#8221;full&#8221; alignment=&#8221;center&#8221; onclick=&#8221;custom_link&#8221; link=&#8221;mailto: gca@big-brokers.ch&#8221;][vc_column_text]Les meilleures solutions d&#8217;assurance pour votre maison, qui peuvent \u00eatre int\u00e9gr\u00e9es \u00e0 une couverture de responsabilit\u00e9 civile au besoin.[\/vc_column_text][vc_btn title=&#8221;Demande d&#8217;Information&#8221; style=&#8221;outline-custom&#8221; outline_custom_color=&#8221;#d66700&#8243; outline_custom_hover_background=&#8221;#435185&#8243; outline_custom_hover_text=&#8221;#ffffff&#8221; shape=&#8221;square&#8221; size=&#8221;lg&#8221; align=&#8221;center&#8221; button_block=&#8221;true&#8221; link=&#8221;url:mailto%3Agca%40big-brokers.ch%20|title:Richiedi%20informazioni|target:_blank&#8221;][\/vc_column_inner][vc_column_inner width=&#8221;1\/3&#8243;][vc_custom_heading text=&#8221;Biens de Luxe&#8221; font_container=&#8221;tag:h3|text_align:left|color:%23a5a5a5&#8243; css=&#8221;&#8221;][vc_single_image image=&#8221;4436&#8243; img_size=&#8221;full&#8221; alignment=&#8221;center&#8221; onclick=&#8221;custom_link&#8221; link=&#8221;mailto: gca@big-brokers.ch&#8221;][vc_column_text]Des propositions d&#8217;assurances sur mesure, adapt\u00e9es \u00e0 vos besoins personnels pour la protection de vos biens et objets de valeur.[\/vc_column_text][vc_btn title=&#8221;D\u00e9couvrez plus&#8221; style=&#8221;outline-custom&#8221; outline_custom_color=&#8221;#d66700&#8243; outline_custom_hover_background=&#8221;#435185&#8243; outline_custom_hover_text=&#8221;#ffffff&#8221; shape=&#8221;square&#8221; size=&#8221;lg&#8221; align=&#8221;center&#8221; button_block=&#8221;true&#8221; link=&#8221;url:https%3A%2F%2Fbig-brokers.ch%2Ffr%2Ffine-art-properties-e-yachting%2F|title:D%C3%A9couvrez%20plus|target:_blank&#8221;][\/vc_column_inner][\/vc_row_inner][vc_row_inner el_class=&#8221;row&#8221; css=&#8221;.vc_custom_1556493335412{padding-right: 5% !important;padding-left: 5% !important;}&#8221;][vc_column_inner width=&#8221;1\/3&#8243;][vc_custom_heading text=&#8221;V\u00e9hicules \u00e0 moteur&#8221; font_container=&#8221;tag:h3|text_align:left|color:%23a5a5a5&#8243; css=&#8221;&#8221;][vc_single_image image=&#8221;4428&#8243; img_size=&#8221;full&#8221; alignment=&#8221;center&#8221; onclick=&#8221;custom_link&#8221; link=&#8221;mailto: gca@big-brokers.ch&#8221;][vc_column_text]Les meilleures solutions d&#8217;assurance pour votre maison, qui peuvent \u00eatre int\u00e9gr\u00e9es \u00e0 une couverture de responsabilit\u00e9 civile au besoin.[\/vc_column_text][vc_column_text]Sur deux ou quatre roues, pour prot\u00e9ger votre s\u00e9curit\u00e9 et celle de vos proches.[\/vc_column_text][vc_btn title=&#8221;Demande d&#8217;Information&#8221; style=&#8221;outline-custom&#8221; outline_custom_color=&#8221;#d66700&#8243; outline_custom_hover_background=&#8221;#435185&#8243; outline_custom_hover_text=&#8221;#ffffff&#8221; shape=&#8221;square&#8221; size=&#8221;lg&#8221; align=&#8221;center&#8221; button_block=&#8221;true&#8221; link=&#8221;url:mailto%3Agca%40big-brokers.ch%20|title:Richiedi%20informazioni|target:_blank&#8221;][\/vc_column_inner][\/vc_row_inner][\/vc_column][\/vc_row][vc_row type_row=&#8221;press&#8221;][vc_column][\/vc_column][\/vc_row]<\/p>\n<\/div>","protected":false},"excerpt":{"rendered":"<p>[vc_row type_row=&#8221;contact&#8221; el_class=&#8221;nopadding&#8221; css=&#8221;.vc_custom_1618651504266{margin-top: -200px !important;}&#8221;][vc_column wap_class=&#8221;wow fadeIn&#8221;][vc_row_inner][vc_column_inner][vc_custom_heading text=&#8221;Des solutions d&#8217;assurance pour prot\u00e9ger ce que vous aimez.&#8221; font_container=&#8221;tag:h2|text_align:center|color:%23435185&#8243; css=&#8221;&#8221;][\/vc_column_inner][\/vc_row_inner][vc_separator align=&#8221;align_left&#8221; css=&#8221;.vc_custom_1618652508608{padding-top: 20px !important;padding-bottom: 20px !important;}&#8221;][vc_row_inner el_class=&#8221;row&#8221; css=&#8221;.vc_custom_1556493335412{padding-right: 5% !important;padding-left: 5% !important;}&#8221;][vc_column_inner width=&#8221;1\/3&#8243;][vc_custom_heading text=&#8221;RC Vie Priv\u00e9e&#8221; font_container=&#8221;tag:h3|text_align:left|color:%23a5a5a5&#8243; css=&#8221;&#8221;][vc_single_image image=&#8221;4370&#8243; img_size=&#8221;full&#8221; alignment=&#8221;center&#8221; onclick=&#8221;custom_link&#8221; link=&#8221;mailto: gca@big-brokers.ch&#8221;][vc_column_text css=&#8221;&#8221;]BIG Insurance Brokers sait choisir ensemble la meilleure police de responsabilit\u00e9 civile [&hellip;]<\/p>\n","protected":false},"author":3,"featured_media":0,"parent":4657,"menu_order":0,"comment_status":"closed","ping_status":"closed","template":"page-templates\/other-page.php","meta":{"footnotes":""},"class_list":["post-4634","page","type-page","status-publish","hentry"],"yoast_head":"<!-- This site is optimized with the Yoast SEO plugin v25.3.1 - https:\/\/yoast.com\/wordpress\/plugins\/seo\/ -->\n<title>Risques Divers - BIG Insurance Brokers<\/title>\n<meta name=\"description\" content=\"Couverture d&#039;assurance en Suisse\u00a0: auto, habitation, responsabilit\u00e9 civile et accident. Solutions sur mesure avec BIG Insurance Brokers.\" \/>\n<meta name=\"robots\" content=\"index, follow, max-snippet:-1, max-image-preview:large, max-video-preview:-1\" \/>\n<link rel=\"canonical\" href=\"https:\/\/big-brokers.ch\/fr\/soluzioni-assicurazione-svizzera\/rami-elementari\/\" \/>\n<meta property=\"og:locale\" content=\"fr_FR\" \/>\n<meta property=\"og:type\" content=\"article\" \/>\n<meta property=\"og:title\" content=\"Risques Divers - BIG Insurance Brokers\" \/>\n<meta property=\"og:description\" content=\"Couverture d&#039;assurance en Suisse\u00a0: auto, habitation, responsabilit\u00e9 civile et accident. Solutions sur mesure avec BIG Insurance Brokers.\" \/>\n<meta property=\"og:url\" content=\"https:\/\/big-brokers.ch\/fr\/soluzioni-assicurazione-svizzera\/rami-elementari\/\" \/>\n<meta property=\"og:site_name\" content=\"BIG Insurance Brokers\" \/>\n<meta property=\"article:modified_time\" content=\"2025-10-22T10:12:27+00:00\" \/>\n<meta name=\"twitter:card\" content=\"summary_large_image\" \/>\n<meta name=\"twitter:label1\" content=\"Dur\u00e9e de lecture estim\u00e9e\" \/>\n\t<meta name=\"twitter:data1\" content=\"2 minutes\" \/>\n<script type=\"application\/ld+json\" class=\"yoast-schema-graph\">{\"@context\":\"https:\/\/schema.org\",\"@graph\":[{\"@type\":\"WebPage\",\"@id\":\"https:\/\/big-brokers.ch\/fr\/soluzioni-assicurazione-svizzera\/rami-elementari\/\",\"url\":\"https:\/\/big-brokers.ch\/fr\/soluzioni-assicurazione-svizzera\/rami-elementari\/\",\"name\":\"Risques Divers - BIG Insurance Brokers\",\"isPartOf\":{\"@id\":\"https:\/\/www.big-brokers.ch\/fr\/#website\"},\"datePublished\":\"2021-04-17T10:20:41+00:00\",\"dateModified\":\"2025-10-22T10:12:27+00:00\",\"description\":\"Couverture d'assurance en Suisse\u00a0: auto, habitation, responsabilit\u00e9 civile et accident. Solutions sur mesure avec BIG Insurance Brokers.\",\"breadcrumb\":{\"@id\":\"https:\/\/big-brokers.ch\/fr\/soluzioni-assicurazione-svizzera\/rami-elementari\/#breadcrumb\"},\"inLanguage\":\"fr-FR\",\"potentialAction\":[{\"@type\":\"ReadAction\",\"target\":[\"https:\/\/big-brokers.ch\/fr\/soluzioni-assicurazione-svizzera\/rami-elementari\/\"]}]},{\"@type\":\"BreadcrumbList\",\"@id\":\"https:\/\/big-brokers.ch\/fr\/soluzioni-assicurazione-svizzera\/rami-elementari\/#breadcrumb\",\"itemListElement\":[{\"@type\":\"ListItem\",\"position\":1,\"name\":\"Home\",\"item\":\"https:\/\/www.big-brokers.ch\/fr\/\"},{\"@type\":\"ListItem\",\"position\":2,\"name\":\"Solutions d&#8217;assurance Suisses\",\"item\":\"https:\/\/www.big-brokers.ch\/fr\/soluzioni-assicurazione-svizzera\/\"},{\"@type\":\"ListItem\",\"position\":3,\"name\":\"Risques Divers\"}]},{\"@type\":\"WebSite\",\"@id\":\"https:\/\/www.big-brokers.ch\/fr\/#website\",\"url\":\"https:\/\/www.big-brokers.ch\/fr\/\",\"name\":\"BIG Insurance Brokers\",\"description\":\"we are your international brokers\",\"publisher\":{\"@id\":\"https:\/\/www.big-brokers.ch\/fr\/#organization\"},\"potentialAction\":[{\"@type\":\"SearchAction\",\"target\":{\"@type\":\"EntryPoint\",\"urlTemplate\":\"https:\/\/www.big-brokers.ch\/fr\/?s={search_term_string}\"},\"query-input\":{\"@type\":\"PropertyValueSpecification\",\"valueRequired\":true,\"valueName\":\"search_term_string\"}}],\"inLanguage\":\"fr-FR\"},{\"@type\":\"Organization\",\"@id\":\"https:\/\/www.big-brokers.ch\/fr\/#organization\",\"name\":\"BIG Insurance Brokers\",\"url\":\"https:\/\/www.big-brokers.ch\/fr\/\",\"logo\":{\"@type\":\"ImageObject\",\"inLanguage\":\"fr-FR\",\"@id\":\"https:\/\/www.big-brokers.ch\/fr\/#\/schema\/logo\/image\/\",\"url\":\"https:\/\/big-brokers.ch\/wp-content\/uploads\/2019\/08\/big-insurance-brokers-logo.png\",\"contentUrl\":\"https:\/\/big-brokers.ch\/wp-content\/uploads\/2019\/08\/big-insurance-brokers-logo.png\",\"width\":300,\"height\":143,\"caption\":\"BIG Insurance Brokers\"},\"image\":{\"@id\":\"https:\/\/www.big-brokers.ch\/fr\/#\/schema\/logo\/image\/\"}}]}<\/script>\n<!-- \/ Yoast SEO plugin. -->","yoast_head_json":{"title":"Risques Divers - BIG Insurance Brokers","description":"Couverture d'assurance en Suisse\u00a0: auto, habitation, responsabilit\u00e9 civile et accident. Solutions sur mesure avec BIG Insurance Brokers.","robots":{"index":"index","follow":"follow","max-snippet":"max-snippet:-1","max-image-preview":"max-image-preview:large","max-video-preview":"max-video-preview:-1"},"canonical":"https:\/\/big-brokers.ch\/fr\/soluzioni-assicurazione-svizzera\/rami-elementari\/","og_locale":"fr_FR","og_type":"article","og_title":"Risques Divers - BIG Insurance Brokers","og_description":"Couverture d'assurance en Suisse\u00a0: auto, habitation, responsabilit\u00e9 civile et accident. Solutions sur mesure avec BIG Insurance Brokers.","og_url":"https:\/\/big-brokers.ch\/fr\/soluzioni-assicurazione-svizzera\/rami-elementari\/","og_site_name":"BIG Insurance Brokers","article_modified_time":"2025-10-22T10:12:27+00:00","twitter_card":"summary_large_image","twitter_misc":{"Dur\u00e9e de lecture estim\u00e9e":"2 minutes"},"schema":{"@context":"https:\/\/schema.org","@graph":[{"@type":"WebPage","@id":"https:\/\/big-brokers.ch\/fr\/soluzioni-assicurazione-svizzera\/rami-elementari\/","url":"https:\/\/big-brokers.ch\/fr\/soluzioni-assicurazione-svizzera\/rami-elementari\/","name":"Risques Divers - BIG Insurance Brokers","isPartOf":{"@id":"https:\/\/www.big-brokers.ch\/fr\/#website"},"datePublished":"2021-04-17T10:20:41+00:00","dateModified":"2025-10-22T10:12:27+00:00","description":"Couverture d'assurance en Suisse\u00a0: auto, habitation, responsabilit\u00e9 civile et accident. Solutions sur mesure avec BIG Insurance Brokers.","breadcrumb":{"@id":"https:\/\/big-brokers.ch\/fr\/soluzioni-assicurazione-svizzera\/rami-elementari\/#breadcrumb"},"inLanguage":"fr-FR","potentialAction":[{"@type":"ReadAction","target":["https:\/\/big-brokers.ch\/fr\/soluzioni-assicurazione-svizzera\/rami-elementari\/"]}]},{"@type":"BreadcrumbList","@id":"https:\/\/big-brokers.ch\/fr\/soluzioni-assicurazione-svizzera\/rami-elementari\/#breadcrumb","itemListElement":[{"@type":"ListItem","position":1,"name":"Home","item":"https:\/\/www.big-brokers.ch\/fr\/"},{"@type":"ListItem","position":2,"name":"Solutions d&#8217;assurance Suisses","item":"https:\/\/www.big-brokers.ch\/fr\/soluzioni-assicurazione-svizzera\/"},{"@type":"ListItem","position":3,"name":"Risques Divers"}]},{"@type":"WebSite","@id":"https:\/\/www.big-brokers.ch\/fr\/#website","url":"https:\/\/www.big-brokers.ch\/fr\/","name":"BIG Insurance Brokers","description":"we are your international brokers","publisher":{"@id":"https:\/\/www.big-brokers.ch\/fr\/#organization"},"potentialAction":[{"@type":"SearchAction","target":{"@type":"EntryPoint","urlTemplate":"https:\/\/www.big-brokers.ch\/fr\/?s={search_term_string}"},"query-input":{"@type":"PropertyValueSpecification","valueRequired":true,"valueName":"search_term_string"}}],"inLanguage":"fr-FR"},{"@type":"Organization","@id":"https:\/\/www.big-brokers.ch\/fr\/#organization","name":"BIG Insurance Brokers","url":"https:\/\/www.big-brokers.ch\/fr\/","logo":{"@type":"ImageObject","inLanguage":"fr-FR","@id":"https:\/\/www.big-brokers.ch\/fr\/#\/schema\/logo\/image\/","url":"https:\/\/big-brokers.ch\/wp-content\/uploads\/2019\/08\/big-insurance-brokers-logo.png","contentUrl":"https:\/\/big-brokers.ch\/wp-content\/uploads\/2019\/08\/big-insurance-brokers-logo.png","width":300,"height":143,"caption":"BIG Insurance Brokers"},"image":{"@id":"https:\/\/www.big-brokers.ch\/fr\/#\/schema\/logo\/image\/"}}]}},"_links":{"self":[{"href":"https:\/\/big-brokers.ch\/fr\/wp-json\/wp\/v2\/pages\/4634","targetHints":{"allow":["GET"]}}],"collection":[{"href":"https:\/\/big-brokers.ch\/fr\/wp-json\/wp\/v2\/pages"}],"about":[{"href":"https:\/\/big-brokers.ch\/fr\/wp-json\/wp\/v2\/types\/page"}],"author":[{"embeddable":true,"href":"https:\/\/big-brokers.ch\/fr\/wp-json\/wp\/v2\/users\/3"}],"replies":[{"embeddable":true,"href":"https:\/\/big-brokers.ch\/fr\/wp-json\/wp\/v2\/comments?post=4634"}],"version-history":[{"count":22,"href":"https:\/\/big-brokers.ch\/fr\/wp-json\/wp\/v2\/pages\/4634\/revisions"}],"predecessor-version":[{"id":7174,"href":"https:\/\/big-brokers.ch\/fr\/wp-json\/wp\/v2\/pages\/4634\/revisions\/7174"}],"up":[{"embeddable":true,"href":"https:\/\/big-brokers.ch\/fr\/wp-json\/wp\/v2\/pages\/4657"}],"wp:attachment":[{"href":"https:\/\/big-brokers.ch\/fr\/wp-json\/wp\/v2\/media?parent=4634"}],"curies":[{"name":"wp","href":"https:\/\/api.w.org\/{rel}","templated":true}]}}