{"id":3078,"date":"2019-04-03T00:23:56","date_gmt":"2019-04-02T22:23:56","guid":{"rendered":"https:\/\/www.big-brokers.ch\/tcm-e-key-man-2\/"},"modified":"2022-03-07T11:51:47","modified_gmt":"2022-03-07T10:51:47","slug":"tcm-e-key-man-2","status":"publish","type":"page","link":"https:\/\/big-brokers.ch\/fr\/tcm-e-key-man-2\/","title":{"rendered":"Assurance-D\u00e9c\u00e8s et Key Man"},"content":{"rendered":"<div class=\"wpb-content-wrapper\"><p>[vc_row][vc_column] \n    <section class=\"content\">\n  <div class=\"container\">\n    <div class=\"row\">\n      <div class=\"col-12\">\n        <div class=\"section-title\"> <span><\/span>\n          <h2>Assurance-D\u00e9c\u00e8s<\/h2>\n          <h6><\/h6>\n        <\/div>\n        <!-- end section-title -->\n      <\/div>\n      <!-- end col-12 -->\n      <div class=\"col-12\">\n        <p class=\"lead\">Dans l\u2019assurance d\u00e9c\u00e8s, le risque est li\u00e9 \u00e0 la vie de l\u2019assur\u00e9 et il est pris en charge int\u00e9gralement par la compagnie. <\/p><br>\n      <\/div>\n      <!-- end col-12 -->\n      <div class=\"col-lg-6\">\n        \n        <p>La compagnie d\u2019assurance s\u2019engage \u00e0 verser aux b\u00e9n\u00e9ficiaires du contrat, une indemnisation d\u00e9finie lors de la souscription. Le co\u00fbt de la prime annuelle ou mensuelle que verse le contractant d\u00e9pend de son \u00e2ge, de son \u00e9tat de sant\u00e9 et du montant d\u2019indemnisation pr\u00e9vu.<\/p>\n      <\/div>\n      <!-- end col-col-6 -->\n      <div class=\"col-lg-6\">\n        <p>L\u2019assurance d\u00e9c\u00e8s peut pr\u00e9voir deux possibilit\u00e9s de paiement de l\u2019indemnisation.<br \/>\nPremi\u00e8re solution : le capital est vers\u00e9 au b\u00e9n\u00e9ficiaires \u00e0 la mort de l\u2019assur\u00e9e.<br \/>\nDeuxi\u00e8me solution : le capital est vers\u00e9e au b\u00e9n\u00e9ficiaire \u00e0 une date \u00e9tablie, que l\u2019assur\u00e9 soit d\u00e9c\u00e9d\u00e9 ou non.  <\/p>\n        <br>\n                    <!-- end progress-bar --> \n          <\/div>\n          <!-- end progress -->\n      <\/div>\n      <!-- end col-6 -->\n    <\/div>\n    <!-- end row -->\n  <\/div>\n  <!-- end container -->\n<\/section>\n[\/vc_column][\/vc_row][vc_row css=&#8221;.vc_custom_1556491058843{margin-top: -2% !important;}&#8221;][vc_column][vc_single_image image=&#8221;971&#8243; img_size=&#8221;1920&#215;600&#8243; alignment=&#8221;center&#8221;][\/vc_column][\/vc_row][vc_row][vc_column] \n    <section class=\"content\">\n  <div class=\"container\">\n    <div class=\"row\">\n      <div class=\"col-12\">\n        <div class=\"section-title\"> <span><\/span>\n          <h2>KEY-MAN<\/h2>\n          <h6><\/h6>\n        <\/div>\n        <!-- end section-title -->\n      <\/div>\n      <!-- end col-12 -->\n      <div class=\"col-12\">\n        <p class=\"lead\">La police Key Man, comme son nom l\u2019indique, prot\u00e8ge l\u2019entreprise de la perte de \u201cl\u2019homme-cl\u00e9\u201d. Chaque entreprise se d\u00e9veloppe autour d\u2019un homme-cl\u00e9. De l\u2019administrateur d\u00e9l\u00e9gu\u00e9 au personnel strat\u00e9gique, les personnes de valeur m\u00e9ritent une attention particuli\u00e8re afin que l\u2019entreprise continue d\u2019exister en cas d\u2019impr\u00e9vu. <\/p><br>\n      <\/div>\n      <!-- end col-12 -->\n      <div class=\"col-lg-6\">\n        \n        <p>La police Key-man couvre les risques suivants :<br \/>\nD\u00e9c\u00e8s- toute cause.<br \/>\nInvalidit\u00e9 Permanente Totale- d\u00e9coulant d\u2019accident ou de maladie.<\/p>\n      <\/div>\n      <!-- end col-col-6 -->\n      <div class=\"col-lg-6\">\n        <p>L\u2019assur\u00e9 peut choisir pendant la dur\u00e9e de validit\u00e9 du contrat que le capital assur\u00e9 soit constant ou d\u00e9gressif. Le contractant d\u00e9signe un b\u00e9n\u00e9ficiaire qu\u2019il peut \u00e0 tout moment r\u00e9voquer ou modifier en le stipulant par \u00e9crit \u00e0 la compagnie ou par testament.  <\/p>\n        <br>\n                    <!-- end progress-bar --> \n          <\/div>\n          <!-- end progress -->\n      <\/div>\n      <!-- end col-6 -->\n    <\/div>\n    <!-- end row -->\n  <\/div>\n  <!-- end container -->\n<\/section>\n[\/vc_column][\/vc_row][vc_row][vc_column][vc_column_text]<br \/>\n[\/vc_column_text][\/vc_column][\/vc_row][vc_row full_width=&#8221;stretch_row_content_no_spaces&#8221; content_placement=&#8221;middle&#8221;][vc_column] \n    <section class=\"image-content-box\">\n  <div class=\"container\">\n    <div class=\"row\">\n      <div class=\"col-12 wow fadeIn\">\n        <div class=\"section-title\"> <span><\/span>\n          <h2>Choisissez et contactez Votre Interlocuteur<\/h2>\n          <h6>Informations personnalis\u00e9es et conseils dans le monde entier.<\/h6>\n        <\/div>\n        <!-- end section-title --> \n      <\/div>\n      <!-- end col-12 -->\n      <div class=\"col-12\">\n              <div class=\"content-box wow fadeIn\">\n          <figure><img decoding=\"async\" src=\"https:\/\/big-brokers.ch\/wp-content\/uploads\/2019\/03\/image-8.png\" alt=\"Image\"><\/figure>\n          <h4>Italie<\/h4>\n          <p><\/p>\n                <a href=\"https:\/\/www.big-brokers.ch\/fr\/italie\/\"><img decoding=\"async\" src=\"https:\/\/big-brokers.ch\/wp-content\/themes\/uoncorp\/images\/icon-right-arrow.svg\" alt=\"Image\"><\/a>\n              <\/div>\n        <!-- end content-box -->\n                <div class=\"content-box wow fadeIn\">\n          <figure><img decoding=\"async\" src=\"https:\/\/big-brokers.ch\/wp-content\/uploads\/2019\/03\/Cartina_svizzera_.jpg\" alt=\"Image\"><\/figure>\n          <h4>Suisse<\/h4>\n          <p><\/p>\n                <a href=\"https:\/\/www.big-brokers.ch\/fr\/suisse\/\"><img decoding=\"async\" src=\"https:\/\/big-brokers.ch\/wp-content\/themes\/uoncorp\/images\/icon-right-arrow.svg\" alt=\"Image\"><\/a>\n              <\/div>\n        <!-- end content-box -->\n                <div class=\"content-box wow fadeIn\">\n          <figure><img decoding=\"async\" src=\"https:\/\/big-brokers.ch\/wp-content\/uploads\/2019\/03\/france-header.jpg\" alt=\"Image\"><\/figure>\n          <h4>France <\/br> et Monaco<\/h4>\n          <p><\/p>\n                <a href=\"https:\/\/www.big-brokers.ch\/fr\/france-monaco\/%20\"><img decoding=\"async\" src=\"https:\/\/big-brokers.ch\/wp-content\/themes\/uoncorp\/images\/icon-right-arrow.svg\" alt=\"Image\"><\/a>\n              <\/div>\n        <!-- end content-box -->\n                <div class=\"content-box wow fadeIn\">\n          <figure><img decoding=\"async\" src=\"https:\/\/big-brokers.ch\/wp-content\/uploads\/2019\/03\/uk-header.jpg\" alt=\"Image\"><\/figure>\n          <h4>Royaume-uni<\/h4>\n          <p><\/p>\n                <a href=\"https:\/\/www.big-brokers.ch\/fr\/royaume-uni\/\"><img decoding=\"async\" src=\"https:\/\/big-brokers.ch\/wp-content\/themes\/uoncorp\/images\/icon-right-arrow.svg\" alt=\"Image\"><\/a>\n              <\/div>\n        <!-- end content-box -->\n                <div class=\"content-box wow fadeIn\">\n          <figure><img decoding=\"async\" src=\"https:\/\/big-brokers.ch\/wp-content\/uploads\/2019\/03\/greece-header.jpg\" alt=\"Image\"><\/figure>\n          <h4>Gr\u00e8ce et<\/br> le Moyen-Orient<\/h4>\n          <p><\/p>\n                <a href=\"https:\/\/www.big-brokers.ch\/fr\/grece-et-moyen-orient\/\"><img decoding=\"async\" src=\"https:\/\/big-brokers.ch\/wp-content\/themes\/uoncorp\/images\/icon-right-arrow.svg\" alt=\"Image\"><\/a>\n              <\/div>\n        <!-- end content-box -->\n                <div class=\"content-box wow fadeIn\">\n          <figure><img decoding=\"async\" src=\"https:\/\/big-brokers.ch\/wp-content\/uploads\/2019\/03\/latam-header.jpg\" alt=\"Image\"><\/figure>\n          <h4>Espagne et <\/br>Am\u00e9rique latine<\/h4>\n          <p><\/p>\n                <a href=\"https:\/\/www.big-brokers.ch\/fr\/espagne-et-amerique-latine\/\"><img decoding=\"async\" src=\"https:\/\/big-brokers.ch\/wp-content\/themes\/uoncorp\/images\/icon-right-arrow.svg\" alt=\"Image\"><\/a>\n              <\/div>\n        <!-- end content-box -->\n                <!-- end content-box --> \n      <\/div>\n      <!-- end col-12 --> \n    <\/div>\n    <!-- end row --> \n  <\/div>\n  <!-- end container --> \n<\/section>\n[\/vc_column][\/vc_row]<\/p>\n<\/div>","protected":false},"excerpt":{"rendered":"<p>[vc_row][vc_column][\/vc_column][\/vc_row][vc_row css=&#8221;.vc_custom_1556491058843{margin-top: -2% !important;}&#8221;][vc_column][vc_single_image image=&#8221;971&#8243; img_size=&#8221;1920&#215;600&#8243; alignment=&#8221;center&#8221;][\/vc_column][\/vc_row][vc_row][vc_column][\/vc_column][\/vc_row][vc_row][vc_column][vc_column_text] [\/vc_column_text][\/vc_column][\/vc_row][vc_row full_width=&#8221;stretch_row_content_no_spaces&#8221; content_placement=&#8221;middle&#8221;][vc_column][\/vc_column][\/vc_row]<\/p>\n","protected":false},"author":3,"featured_media":0,"parent":0,"menu_order":0,"comment_status":"closed","ping_status":"closed","template":"page-templates\/other-page.php","meta":{"footnotes":""},"class_list":["post-3078","page","type-page","status-publish","hentry"],"yoast_head":"<!-- This site is optimized with the Yoast SEO plugin v25.3.1 - https:\/\/yoast.com\/wordpress\/plugins\/seo\/ -->\n<title>Assurance-D\u00e9c\u00e8s et Key Man - BIG Insurance Brokers<\/title>\n<meta name=\"robots\" content=\"index, follow, max-snippet:-1, max-image-preview:large, max-video-preview:-1\" \/>\n<link rel=\"canonical\" href=\"https:\/\/www.big-brokers.ch\/fr\/tcm-e-key-man-2\/\" \/>\n<meta property=\"og:locale\" content=\"fr_FR\" \/>\n<meta property=\"og:type\" content=\"article\" \/>\n<meta property=\"og:title\" content=\"Assurance-D\u00e9c\u00e8s et Key Man - BIG Insurance Brokers\" \/>\n<meta property=\"og:description\" content=\"[vc_row][vc_column][\/vc_column][\/vc_row][vc_row css=&#8221;.vc_custom_1556491058843{margin-top: -2% !important;}&#8221;][vc_column][vc_single_image image=&#8221;971&#8243; img_size=&#8221;1920&#215;600&#8243; alignment=&#8221;center&#8221;][\/vc_column][\/vc_row][vc_row][vc_column][\/vc_column][\/vc_row][vc_row][vc_column][vc_column_text] [\/vc_column_text][\/vc_column][\/vc_row][vc_row full_width=&#8221;stretch_row_content_no_spaces&#8221; content_placement=&#8221;middle&#8221;][vc_column][\/vc_column][\/vc_row]\" \/>\n<meta property=\"og:url\" content=\"https:\/\/www.big-brokers.ch\/fr\/tcm-e-key-man-2\/\" \/>\n<meta property=\"og:site_name\" content=\"BIG Insurance Brokers\" \/>\n<meta property=\"article:modified_time\" content=\"2022-03-07T10:51:47+00:00\" \/>\n<meta name=\"twitter:card\" content=\"summary_large_image\" \/>\n<meta name=\"twitter:label1\" content=\"Dur\u00e9e de lecture estim\u00e9e\" \/>\n\t<meta name=\"twitter:data1\" content=\"3 minutes\" \/>\n<script type=\"application\/ld+json\" class=\"yoast-schema-graph\">{\"@context\":\"https:\/\/schema.org\",\"@graph\":[{\"@type\":\"WebPage\",\"@id\":\"https:\/\/www.big-brokers.ch\/fr\/tcm-e-key-man-2\/\",\"url\":\"https:\/\/www.big-brokers.ch\/fr\/tcm-e-key-man-2\/\",\"name\":\"Assurance-D\u00e9c\u00e8s et Key Man - BIG Insurance Brokers\",\"isPartOf\":{\"@id\":\"https:\/\/www.big-brokers.ch\/fr\/#website\"},\"datePublished\":\"2019-04-02T22:23:56+00:00\",\"dateModified\":\"2022-03-07T10:51:47+00:00\",\"breadcrumb\":{\"@id\":\"https:\/\/www.big-brokers.ch\/fr\/tcm-e-key-man-2\/#breadcrumb\"},\"inLanguage\":\"fr-FR\",\"potentialAction\":[{\"@type\":\"ReadAction\",\"target\":[\"https:\/\/www.big-brokers.ch\/fr\/tcm-e-key-man-2\/\"]}]},{\"@type\":\"BreadcrumbList\",\"@id\":\"https:\/\/www.big-brokers.ch\/fr\/tcm-e-key-man-2\/#breadcrumb\",\"itemListElement\":[{\"@type\":\"ListItem\",\"position\":1,\"name\":\"Home\",\"item\":\"https:\/\/www.big-brokers.ch\/fr\/\"},{\"@type\":\"ListItem\",\"position\":2,\"name\":\"Assurance-D\u00e9c\u00e8s et Key Man\"}]},{\"@type\":\"WebSite\",\"@id\":\"https:\/\/www.big-brokers.ch\/fr\/#website\",\"url\":\"https:\/\/www.big-brokers.ch\/fr\/\",\"name\":\"BIG Insurance Brokers\",\"description\":\"we are your international brokers\",\"publisher\":{\"@id\":\"https:\/\/www.big-brokers.ch\/fr\/#organization\"},\"potentialAction\":[{\"@type\":\"SearchAction\",\"target\":{\"@type\":\"EntryPoint\",\"urlTemplate\":\"https:\/\/www.big-brokers.ch\/fr\/?s={search_term_string}\"},\"query-input\":{\"@type\":\"PropertyValueSpecification\",\"valueRequired\":true,\"valueName\":\"search_term_string\"}}],\"inLanguage\":\"fr-FR\"},{\"@type\":\"Organization\",\"@id\":\"https:\/\/www.big-brokers.ch\/fr\/#organization\",\"name\":\"BIG Insurance Brokers\",\"url\":\"https:\/\/www.big-brokers.ch\/fr\/\",\"logo\":{\"@type\":\"ImageObject\",\"inLanguage\":\"fr-FR\",\"@id\":\"https:\/\/www.big-brokers.ch\/fr\/#\/schema\/logo\/image\/\",\"url\":\"https:\/\/big-brokers.ch\/wp-content\/uploads\/2019\/08\/big-insurance-brokers-logo.png\",\"contentUrl\":\"https:\/\/big-brokers.ch\/wp-content\/uploads\/2019\/08\/big-insurance-brokers-logo.png\",\"width\":300,\"height\":143,\"caption\":\"BIG Insurance Brokers\"},\"image\":{\"@id\":\"https:\/\/www.big-brokers.ch\/fr\/#\/schema\/logo\/image\/\"}}]}<\/script>\n<!-- \/ Yoast SEO plugin. -->","yoast_head_json":{"title":"Assurance-D\u00e9c\u00e8s et Key Man - BIG Insurance Brokers","robots":{"index":"index","follow":"follow","max-snippet":"max-snippet:-1","max-image-preview":"max-image-preview:large","max-video-preview":"max-video-preview:-1"},"canonical":"https:\/\/www.big-brokers.ch\/fr\/tcm-e-key-man-2\/","og_locale":"fr_FR","og_type":"article","og_title":"Assurance-D\u00e9c\u00e8s et Key Man - BIG Insurance Brokers","og_description":"[vc_row][vc_column][\/vc_column][\/vc_row][vc_row css=&#8221;.vc_custom_1556491058843{margin-top: -2% !important;}&#8221;][vc_column][vc_single_image image=&#8221;971&#8243; img_size=&#8221;1920&#215;600&#8243; alignment=&#8221;center&#8221;][\/vc_column][\/vc_row][vc_row][vc_column][\/vc_column][\/vc_row][vc_row][vc_column][vc_column_text] [\/vc_column_text][\/vc_column][\/vc_row][vc_row full_width=&#8221;stretch_row_content_no_spaces&#8221; content_placement=&#8221;middle&#8221;][vc_column][\/vc_column][\/vc_row]","og_url":"https:\/\/www.big-brokers.ch\/fr\/tcm-e-key-man-2\/","og_site_name":"BIG Insurance Brokers","article_modified_time":"2022-03-07T10:51:47+00:00","twitter_card":"summary_large_image","twitter_misc":{"Dur\u00e9e de lecture estim\u00e9e":"3 minutes"},"schema":{"@context":"https:\/\/schema.org","@graph":[{"@type":"WebPage","@id":"https:\/\/www.big-brokers.ch\/fr\/tcm-e-key-man-2\/","url":"https:\/\/www.big-brokers.ch\/fr\/tcm-e-key-man-2\/","name":"Assurance-D\u00e9c\u00e8s et Key Man - BIG Insurance Brokers","isPartOf":{"@id":"https:\/\/www.big-brokers.ch\/fr\/#website"},"datePublished":"2019-04-02T22:23:56+00:00","dateModified":"2022-03-07T10:51:47+00:00","breadcrumb":{"@id":"https:\/\/www.big-brokers.ch\/fr\/tcm-e-key-man-2\/#breadcrumb"},"inLanguage":"fr-FR","potentialAction":[{"@type":"ReadAction","target":["https:\/\/www.big-brokers.ch\/fr\/tcm-e-key-man-2\/"]}]},{"@type":"BreadcrumbList","@id":"https:\/\/www.big-brokers.ch\/fr\/tcm-e-key-man-2\/#breadcrumb","itemListElement":[{"@type":"ListItem","position":1,"name":"Home","item":"https:\/\/www.big-brokers.ch\/fr\/"},{"@type":"ListItem","position":2,"name":"Assurance-D\u00e9c\u00e8s et Key Man"}]},{"@type":"WebSite","@id":"https:\/\/www.big-brokers.ch\/fr\/#website","url":"https:\/\/www.big-brokers.ch\/fr\/","name":"BIG Insurance Brokers","description":"we are your international brokers","publisher":{"@id":"https:\/\/www.big-brokers.ch\/fr\/#organization"},"potentialAction":[{"@type":"SearchAction","target":{"@type":"EntryPoint","urlTemplate":"https:\/\/www.big-brokers.ch\/fr\/?s={search_term_string}"},"query-input":{"@type":"PropertyValueSpecification","valueRequired":true,"valueName":"search_term_string"}}],"inLanguage":"fr-FR"},{"@type":"Organization","@id":"https:\/\/www.big-brokers.ch\/fr\/#organization","name":"BIG Insurance Brokers","url":"https:\/\/www.big-brokers.ch\/fr\/","logo":{"@type":"ImageObject","inLanguage":"fr-FR","@id":"https:\/\/www.big-brokers.ch\/fr\/#\/schema\/logo\/image\/","url":"https:\/\/big-brokers.ch\/wp-content\/uploads\/2019\/08\/big-insurance-brokers-logo.png","contentUrl":"https:\/\/big-brokers.ch\/wp-content\/uploads\/2019\/08\/big-insurance-brokers-logo.png","width":300,"height":143,"caption":"BIG Insurance Brokers"},"image":{"@id":"https:\/\/www.big-brokers.ch\/fr\/#\/schema\/logo\/image\/"}}]}},"_links":{"self":[{"href":"https:\/\/big-brokers.ch\/fr\/wp-json\/wp\/v2\/pages\/3078","targetHints":{"allow":["GET"]}}],"collection":[{"href":"https:\/\/big-brokers.ch\/fr\/wp-json\/wp\/v2\/pages"}],"about":[{"href":"https:\/\/big-brokers.ch\/fr\/wp-json\/wp\/v2\/types\/page"}],"author":[{"embeddable":true,"href":"https:\/\/big-brokers.ch\/fr\/wp-json\/wp\/v2\/users\/3"}],"replies":[{"embeddable":true,"href":"https:\/\/big-brokers.ch\/fr\/wp-json\/wp\/v2\/comments?post=3078"}],"version-history":[{"count":8,"href":"https:\/\/big-brokers.ch\/fr\/wp-json\/wp\/v2\/pages\/3078\/revisions"}],"predecessor-version":[{"id":4964,"href":"https:\/\/big-brokers.ch\/fr\/wp-json\/wp\/v2\/pages\/3078\/revisions\/4964"}],"wp:attachment":[{"href":"https:\/\/big-brokers.ch\/fr\/wp-json\/wp\/v2\/media?parent=3078"}],"curies":[{"name":"wp","href":"https:\/\/api.w.org\/{rel}","templated":true}]}}