{"id":3047,"date":"2019-04-02T23:55:59","date_gmt":"2019-04-02T21:55:59","guid":{"rendered":"https:\/\/www.big-brokers.ch\/offerta-integrata\/"},"modified":"2025-10-22T12:11:52","modified_gmt":"2025-10-22T10:11:52","slug":"offre-transversale","status":"publish","type":"page","link":"https:\/\/big-brokers.ch\/fr\/offre-transversale\/","title":{"rendered":"Offre Transversale"},"content":{"rendered":"<div class=\"wpb-content-wrapper\"><p>[vc_row][vc_column] \n    <section class=\"content\">\n  <div class=\"container\">\n    <div class=\"row\">\n      <div class=\"col-12\">\n        <div class=\"section-title\"> <span><\/span>\n          <h2>BIG Insurance Brokers et son offre transversale<\/h2>\n          <h6>Pourquoi sommes-nous diff\u00e9rents?<\/h6>\n        <\/div>\n        <!-- end section-title -->\n      <\/div>\n      <!-- end col-12 -->\n      <div class=\"col-12\">\n        <p class=\"lead\">BIG Insurance Brokers est l\u2019unique courtier Suisse qui offre au client un conseil en assurance-vie mais \u00e9galement sur les \u201cautres risque individuels\u201d. <\/p><br>\n      <\/div>\n      <!-- end col-12 -->\n      <div class=\"col-lg-6\">\n        \n        <p>La soci\u00e9t\u00e9 est n\u00e9e comme conseiller en assurance, avec une sp\u00e9cialisation sur les polices d\u2019assurance-vie de type financier. Elle a ensuite \u00e9largie sa gamme de produits aux couvertures des risques individuels de la client\u00e8le private banking : en plus de l\u2019assurance-vie et des solution de planification successorale garantissant la transmission des biens aux enfants, nous proposons des solutions dans des domaines comme l\u2019immobilier d\u2019habitation, (maison et appartements de luxe), yachting et plaisance, voitures de luxe, collections pr\u00e9cieuses de diff\u00e9rent types, en particulier bijoux et \u0153uvres d\u2019art. BIG Insurance Brokers est \u00e9galement capable de couvrir des risques dits de r\u00f4le, comme par exemple les risques li\u00e9s \u00e0 l\u2019activit\u00e9 d\u2019administrateur d\u00e9l\u00e9gu\u00e9.<\/p>\n<p>Transparence totale et ind\u00e9pendance sont les qualit\u00e9s qui permettent \u00e0 BIG Insurance Brokers de collaborer depuis toujours avec les plus importants family offices et les principales institutions bancaires.<\/p>\n      <\/div>\n      <!-- end col-col-6 -->\n      <div class=\"col-lg-6\">\n        <p>BIG Insurance Brokers n\u2019a pas de mono mandat. Au contraire en tant que courtier, nous restons totalement ouverts au march\u00e9. La soci\u00e9t\u00e9 agit donc dans l\u2019int\u00e9r\u00eat du client qui lui confie un mandat de conseil, en lui proposant \u00e0 chaque fois le contrat le plus adapt\u00e9 et personnalis\u00e9 afin de couvrir ses risques.<\/p>\n<p>\u00catre conseiller r\u00e8glement\u00e9 et ind\u00e9pendant fait notre diff\u00e9rence sur le march\u00e9. Notre pr\u00e9sence dans le r\u00e9seau MARSH, leader mondial dans l\u2019interm\u00e9diation d\u2019assurance et le conseil sur les risques dont le nom est synonyme de responsabilit\u00e9, nous permet de proposer les produits d\u2019assurance les plus fiables aux meilleurs prix.  <\/p>\n        <br>\n                 <div class=\"progress-infos\"><small><strong><\/strong><\/small> \n         <small class=\"pull-right\"><\/small> <\/div>\n          <!-- end progress-infos -->\n          <div class=\"progress\">\n            <div class=\"progress-bar wow progress-one\" style=\"width:  !important;\"> <\/div>\n            <!-- end progress-bar --> \n          <\/div>\n          <!-- end progress -->\n                      <!-- end progress-bar --> \n          <\/div>\n          <!-- end progress -->\n      <\/div>\n      <!-- end col-6 -->\n    <\/div>\n    <!-- end row -->\n  <\/div>\n  <!-- end container -->\n<\/section>\n[\/vc_column][\/vc_row][vc_row full_width=&#8221;stretch_row_content_no_spaces&#8221; el_class=&#8221;nopadding&#8221;][vc_column] \n    <section class=\"side-image-content\" id=\"counter\">\n  <div class=\"sides bg-image wow fadeIn\" data-background=\"https:\/\/big-brokers.ch\/wp-content\/uploads\/2019\/03\/slide-2.jpg\"> <\/div>\n  <!-- end sides -->\n  <div class=\"sides bg-color wow fadeIn\" data-background=\"#405089\">\n    <div class=\"inner\">\n      <div class=\"section-title light\"> <span><\/span>\n        <h2>REGLEMENTATION ET SANCTION RELATIVE A L\u2019INTERMEDIATION EN ASSURANCE<\/h2>\n        <h6>L&#039;offre int\u00e9gr\u00e9e de BIG Insurance Brokers<\/h6>\n      <\/div>\n      <!-- end section-title -->\n      <p>Suite \u00e0 la mise en place de la Directive sur l\u2019Interm\u00e9diation en Assurance, l\u2019activit\u00e9 de collecte, assistance, conseil et en g\u00e9n\u00e9ral toute activit\u00e9 ayant pour objet un contrat d\u2019assurance et pour un sujet, un risque \u00e9tabli dans un pays europ\u00e9en, requiert sp\u00e9cifiquement une licence similaire \u00e0 celle requise pour les activit\u00e9s financi\u00e8res. BIG Insurance Brokers est habilit\u00e9 \u00e0 op\u00e9rer sur les march\u00e9s europ\u00e9ens, gr\u00e2ce \u00e0 une licence de libre prestation de service, nous prenons en charge l\u2019activit\u00e9 de cross boarding et sommes en mesure de fournir des solutions et r\u00e9ponses \u00e0 la client\u00e8le High Net Worth et leur family offices, dans le monde entier.<\/p>\n      <img decoding=\"async\" src=\"https:\/\/big-brokers.ch\/wp-content\/uploads\/2019\/07\/BIG-Insurance-Brokers-white.png\" alt=\"Image\"> <\/div>\n    <!-- end inner --> \n  <\/div>\n  <!-- end sides --> \n<\/section>\n[\/vc_column][\/vc_row][vc_row full_width=&#8221;stretch_row_content_no_spaces&#8221; content_placement=&#8221;middle&#8221;][vc_column] \n    <section class=\"image-content-box\">\n  <div class=\"container\">\n    <div class=\"row\">\n      <div class=\"col-12 wow fadeIn\">\n        <div class=\"section-title\"> <span><\/span>\n          <h2>Choisissez et contactez Votre Interlocuteur<\/h2>\n          <h6>Informations personnalis\u00e9es et conseils dans le monde entier.<\/h6>\n        <\/div>\n        <!-- end section-title --> \n      <\/div>\n      <!-- end col-12 -->\n      <div class=\"col-12\">\n              <div class=\"content-box wow fadeIn\">\n          <figure><img decoding=\"async\" src=\"https:\/\/big-brokers.ch\/wp-content\/uploads\/2019\/03\/image-8.png\" alt=\"Image\"><\/figure>\n          <h4>Italie<\/h4>\n          <p><\/p>\n                <a href=\"https:\/\/www.big-brokers.ch\/fr\/italie\/\"><img decoding=\"async\" src=\"https:\/\/big-brokers.ch\/wp-content\/themes\/uoncorp\/images\/icon-right-arrow.svg\" alt=\"Image\"><\/a>\n              <\/div>\n        <!-- end content-box -->\n                <div class=\"content-box wow fadeIn\">\n          <figure><img decoding=\"async\" src=\"https:\/\/big-brokers.ch\/wp-content\/uploads\/2019\/03\/Cartina_svizzera_.jpg\" alt=\"Image\"><\/figure>\n          <h4>Suisse<\/h4>\n          <p><\/p>\n                <a href=\"https:\/\/www.big-brokers.ch\/fr\/suisse\/\"><img decoding=\"async\" src=\"https:\/\/big-brokers.ch\/wp-content\/themes\/uoncorp\/images\/icon-right-arrow.svg\" alt=\"Image\"><\/a>\n              <\/div>\n        <!-- end content-box -->\n                <div class=\"content-box wow fadeIn\">\n          <figure><img decoding=\"async\" src=\"https:\/\/big-brokers.ch\/wp-content\/uploads\/2019\/03\/france-header.jpg\" alt=\"Image\"><\/figure>\n          <h4>France <\/br> et Monaco<\/h4>\n          <p><\/p>\n                <a href=\"https:\/\/www.big-brokers.ch\/fr\/france-monaco\/\"><img decoding=\"async\" src=\"https:\/\/big-brokers.ch\/wp-content\/themes\/uoncorp\/images\/icon-right-arrow.svg\" alt=\"Image\"><\/a>\n              <\/div>\n        <!-- end content-box -->\n                <div class=\"content-box wow fadeIn\">\n          <figure><img decoding=\"async\" src=\"https:\/\/big-brokers.ch\/wp-content\/uploads\/2019\/03\/uk-header.jpg\" alt=\"Image\"><\/figure>\n          <h4>Royaume-uni<\/h4>\n          <p><\/p>\n                <a href=\"https:\/\/www.big-brokers.ch\/fr\/royaume-uni\/\"><img decoding=\"async\" src=\"https:\/\/big-brokers.ch\/wp-content\/themes\/uoncorp\/images\/icon-right-arrow.svg\" alt=\"Image\"><\/a>\n              <\/div>\n        <!-- end content-box -->\n                <div class=\"content-box wow fadeIn\">\n          <figure><img decoding=\"async\" src=\"https:\/\/big-brokers.ch\/wp-content\/uploads\/2019\/03\/greece-header.jpg\" alt=\"Image\"><\/figure>\n          <h4>Gr\u00e8ce et<\/br> le Moyen-Orient<\/h4>\n          <p><\/p>\n                <a href=\"https:\/\/www.big-brokers.ch\/fr\/grece-et-moyen-orient\/\"><img decoding=\"async\" src=\"https:\/\/big-brokers.ch\/wp-content\/themes\/uoncorp\/images\/icon-right-arrow.svg\" alt=\"Image\"><\/a>\n              <\/div>\n        <!-- end content-box -->\n                <div class=\"content-box wow fadeIn\">\n          <figure><img decoding=\"async\" src=\"https:\/\/big-brokers.ch\/wp-content\/uploads\/2019\/03\/latam-header.jpg\" alt=\"Image\"><\/figure>\n          <h4>Espagne et <\/br>Am\u00e9rique latine<\/h4>\n          <p><\/p>\n                <a href=\"https:\/\/www.big-brokers.ch\/fr\/espagne-et-amerique-latine\/\"><img decoding=\"async\" src=\"https:\/\/big-brokers.ch\/wp-content\/themes\/uoncorp\/images\/icon-right-arrow.svg\" alt=\"Image\"><\/a>\n              <\/div>\n        <!-- end content-box -->\n                <!-- end content-box --> \n      <\/div>\n      <!-- end col-12 --> \n    <\/div>\n    <!-- end row --> \n  <\/div>\n  <!-- end container --> \n<\/section>\n[\/vc_column][\/vc_row]<\/p>\n<\/div>","protected":false},"excerpt":{"rendered":"<p>[vc_row][vc_column][\/vc_column][\/vc_row][vc_row full_width=&#8221;stretch_row_content_no_spaces&#8221; el_class=&#8221;nopadding&#8221;][vc_column][\/vc_column][\/vc_row][vc_row full_width=&#8221;stretch_row_content_no_spaces&#8221; content_placement=&#8221;middle&#8221;][vc_column][\/vc_column][\/vc_row]<\/p>\n","protected":false},"author":3,"featured_media":0,"parent":0,"menu_order":0,"comment_status":"closed","ping_status":"closed","template":"page-templates\/other-page.php","meta":{"footnotes":""},"class_list":["post-3047","page","type-page","status-publish","hentry"],"yoast_head":"<!-- This site is optimized with the Yoast SEO plugin v25.3.1 - https:\/\/yoast.com\/wordpress\/plugins\/seo\/ -->\n<title>Offre Transversale - BIG Insurance Brokers<\/title>\n<meta name=\"description\" content=\"Une offre int\u00e9gr\u00e9e de services d\u2019assurance et financiers pour une protection globale et harmonis\u00e9e des personnes, entreprises et patrimoines.\" \/>\n<meta name=\"robots\" content=\"index, follow, max-snippet:-1, max-image-preview:large, max-video-preview:-1\" \/>\n<link rel=\"canonical\" href=\"https:\/\/big-brokers.ch\/fr\/offre-transversale\/\" \/>\n<meta property=\"og:locale\" content=\"fr_FR\" \/>\n<meta property=\"og:type\" content=\"article\" \/>\n<meta property=\"og:title\" content=\"Offre Transversale - BIG Insurance Brokers\" \/>\n<meta property=\"og:description\" content=\"Une offre int\u00e9gr\u00e9e de services d\u2019assurance et financiers pour une protection globale et harmonis\u00e9e des personnes, entreprises et patrimoines.\" \/>\n<meta property=\"og:url\" content=\"https:\/\/big-brokers.ch\/fr\/offre-transversale\/\" \/>\n<meta property=\"og:site_name\" content=\"BIG Insurance Brokers\" \/>\n<meta property=\"article:modified_time\" content=\"2025-10-22T10:11:52+00:00\" \/>\n<meta name=\"twitter:card\" content=\"summary_large_image\" \/>\n<meta name=\"twitter:title\" content=\"Offre Transversale - BIG Insurance Brokers\" \/>\n<meta name=\"twitter:description\" content=\"Une offre int\u00e9gr\u00e9e de services d\u2019assurance et financiers pour une protection globale et harmonis\u00e9e des personnes, entreprises et patrimoines.\" \/>\n<meta name=\"twitter:label1\" content=\"Dur\u00e9e de lecture estim\u00e9e\" \/>\n\t<meta name=\"twitter:data1\" content=\"3 minutes\" \/>\n<script type=\"application\/ld+json\" class=\"yoast-schema-graph\">{\"@context\":\"https:\/\/schema.org\",\"@graph\":[{\"@type\":\"WebPage\",\"@id\":\"https:\/\/big-brokers.ch\/fr\/offre-transversale\/\",\"url\":\"https:\/\/big-brokers.ch\/fr\/offre-transversale\/\",\"name\":\"Offre Transversale - BIG Insurance Brokers\",\"isPartOf\":{\"@id\":\"https:\/\/big-brokers.ch\/it\/#website\"},\"datePublished\":\"2019-04-02T21:55:59+00:00\",\"dateModified\":\"2025-10-22T10:11:52+00:00\",\"description\":\"Une offre int\u00e9gr\u00e9e de services d\u2019assurance et financiers pour une protection globale et harmonis\u00e9e des personnes, entreprises et patrimoines.\",\"breadcrumb\":{\"@id\":\"https:\/\/big-brokers.ch\/fr\/offre-transversale\/#breadcrumb\"},\"inLanguage\":\"fr-FR\",\"potentialAction\":[{\"@type\":\"ReadAction\",\"target\":[\"https:\/\/big-brokers.ch\/fr\/offre-transversale\/\"]}]},{\"@type\":\"BreadcrumbList\",\"@id\":\"https:\/\/big-brokers.ch\/fr\/offre-transversale\/#breadcrumb\",\"itemListElement\":[{\"@type\":\"ListItem\",\"position\":1,\"name\":\"Home\",\"item\":\"https:\/\/big-brokers.ch\/fr\/\"},{\"@type\":\"ListItem\",\"position\":2,\"name\":\"Offre Transversale\"}]},{\"@type\":\"WebSite\",\"@id\":\"https:\/\/big-brokers.ch\/it\/#website\",\"url\":\"https:\/\/big-brokers.ch\/it\/\",\"name\":\"BIG Insurance Brokers\",\"description\":\"we are your international brokers\",\"publisher\":{\"@id\":\"https:\/\/big-brokers.ch\/it\/#organization\"},\"potentialAction\":[{\"@type\":\"SearchAction\",\"target\":{\"@type\":\"EntryPoint\",\"urlTemplate\":\"https:\/\/big-brokers.ch\/it\/?s={search_term_string}\"},\"query-input\":{\"@type\":\"PropertyValueSpecification\",\"valueRequired\":true,\"valueName\":\"search_term_string\"}}],\"inLanguage\":\"fr-FR\"},{\"@type\":\"Organization\",\"@id\":\"https:\/\/big-brokers.ch\/it\/#organization\",\"name\":\"BIG Insurance Brokers\",\"url\":\"https:\/\/big-brokers.ch\/it\/\",\"logo\":{\"@type\":\"ImageObject\",\"inLanguage\":\"fr-FR\",\"@id\":\"https:\/\/big-brokers.ch\/it\/#\/schema\/logo\/image\/\",\"url\":\"https:\/\/big-brokers.ch\/wp-content\/uploads\/2019\/08\/big-insurance-brokers-logo.png\",\"contentUrl\":\"https:\/\/big-brokers.ch\/wp-content\/uploads\/2019\/08\/big-insurance-brokers-logo.png\",\"width\":300,\"height\":143,\"caption\":\"BIG Insurance Brokers\"},\"image\":{\"@id\":\"https:\/\/big-brokers.ch\/it\/#\/schema\/logo\/image\/\"}}]}<\/script>\n<!-- \/ Yoast SEO plugin. -->","yoast_head_json":{"title":"Offre Transversale - BIG Insurance Brokers","description":"Une offre int\u00e9gr\u00e9e de services d\u2019assurance et financiers pour une protection globale et harmonis\u00e9e des personnes, entreprises et patrimoines.","robots":{"index":"index","follow":"follow","max-snippet":"max-snippet:-1","max-image-preview":"max-image-preview:large","max-video-preview":"max-video-preview:-1"},"canonical":"https:\/\/big-brokers.ch\/fr\/offre-transversale\/","og_locale":"fr_FR","og_type":"article","og_title":"Offre Transversale - BIG Insurance Brokers","og_description":"Une offre int\u00e9gr\u00e9e de services d\u2019assurance et financiers pour une protection globale et harmonis\u00e9e des personnes, entreprises et patrimoines.","og_url":"https:\/\/big-brokers.ch\/fr\/offre-transversale\/","og_site_name":"BIG Insurance Brokers","article_modified_time":"2025-10-22T10:11:52+00:00","twitter_card":"summary_large_image","twitter_title":"Offre Transversale - BIG Insurance Brokers","twitter_description":"Une offre int\u00e9gr\u00e9e de services d\u2019assurance et financiers pour une protection globale et harmonis\u00e9e des personnes, entreprises et patrimoines.","twitter_misc":{"Dur\u00e9e de lecture estim\u00e9e":"3 minutes"},"schema":{"@context":"https:\/\/schema.org","@graph":[{"@type":"WebPage","@id":"https:\/\/big-brokers.ch\/fr\/offre-transversale\/","url":"https:\/\/big-brokers.ch\/fr\/offre-transversale\/","name":"Offre Transversale - BIG Insurance Brokers","isPartOf":{"@id":"https:\/\/big-brokers.ch\/it\/#website"},"datePublished":"2019-04-02T21:55:59+00:00","dateModified":"2025-10-22T10:11:52+00:00","description":"Une offre int\u00e9gr\u00e9e de services d\u2019assurance et financiers pour une protection globale et harmonis\u00e9e des personnes, entreprises et patrimoines.","breadcrumb":{"@id":"https:\/\/big-brokers.ch\/fr\/offre-transversale\/#breadcrumb"},"inLanguage":"fr-FR","potentialAction":[{"@type":"ReadAction","target":["https:\/\/big-brokers.ch\/fr\/offre-transversale\/"]}]},{"@type":"BreadcrumbList","@id":"https:\/\/big-brokers.ch\/fr\/offre-transversale\/#breadcrumb","itemListElement":[{"@type":"ListItem","position":1,"name":"Home","item":"https:\/\/big-brokers.ch\/fr\/"},{"@type":"ListItem","position":2,"name":"Offre Transversale"}]},{"@type":"WebSite","@id":"https:\/\/big-brokers.ch\/it\/#website","url":"https:\/\/big-brokers.ch\/it\/","name":"BIG Insurance Brokers","description":"we are your international brokers","publisher":{"@id":"https:\/\/big-brokers.ch\/it\/#organization"},"potentialAction":[{"@type":"SearchAction","target":{"@type":"EntryPoint","urlTemplate":"https:\/\/big-brokers.ch\/it\/?s={search_term_string}"},"query-input":{"@type":"PropertyValueSpecification","valueRequired":true,"valueName":"search_term_string"}}],"inLanguage":"fr-FR"},{"@type":"Organization","@id":"https:\/\/big-brokers.ch\/it\/#organization","name":"BIG Insurance Brokers","url":"https:\/\/big-brokers.ch\/it\/","logo":{"@type":"ImageObject","inLanguage":"fr-FR","@id":"https:\/\/big-brokers.ch\/it\/#\/schema\/logo\/image\/","url":"https:\/\/big-brokers.ch\/wp-content\/uploads\/2019\/08\/big-insurance-brokers-logo.png","contentUrl":"https:\/\/big-brokers.ch\/wp-content\/uploads\/2019\/08\/big-insurance-brokers-logo.png","width":300,"height":143,"caption":"BIG Insurance Brokers"},"image":{"@id":"https:\/\/big-brokers.ch\/it\/#\/schema\/logo\/image\/"}}]}},"_links":{"self":[{"href":"https:\/\/big-brokers.ch\/fr\/wp-json\/wp\/v2\/pages\/3047","targetHints":{"allow":["GET"]}}],"collection":[{"href":"https:\/\/big-brokers.ch\/fr\/wp-json\/wp\/v2\/pages"}],"about":[{"href":"https:\/\/big-brokers.ch\/fr\/wp-json\/wp\/v2\/types\/page"}],"author":[{"embeddable":true,"href":"https:\/\/big-brokers.ch\/fr\/wp-json\/wp\/v2\/users\/3"}],"replies":[{"embeddable":true,"href":"https:\/\/big-brokers.ch\/fr\/wp-json\/wp\/v2\/comments?post=3047"}],"version-history":[{"count":13,"href":"https:\/\/big-brokers.ch\/fr\/wp-json\/wp\/v2\/pages\/3047\/revisions"}],"predecessor-version":[{"id":7172,"href":"https:\/\/big-brokers.ch\/fr\/wp-json\/wp\/v2\/pages\/3047\/revisions\/7172"}],"wp:attachment":[{"href":"https:\/\/big-brokers.ch\/fr\/wp-json\/wp\/v2\/media?parent=3047"}],"curies":[{"name":"wp","href":"https:\/\/api.w.org\/{rel}","templated":true}]}}