{"id":3019,"date":"2019-04-02T23:58:36","date_gmt":"2019-04-02T21:58:36","guid":{"rendered":"https:\/\/www.big-brokers.ch\/fine-art-properties-e-yachting\/"},"modified":"2025-07-01T14:39:22","modified_gmt":"2025-07-01T12:39:22","slug":"fine-art-properties-e-yachting","status":"publish","type":"page","link":"https:\/\/big-brokers.ch\/fr\/fine-art-properties-e-yachting\/","title":{"rendered":"\u0152uvres d\u2019art, Immobilier d\u2019habitation et Yachting"},"content":{"rendered":"<div class=\"wpb-content-wrapper\"><p>[vc_row][vc_column] \n    <section class=\"content\">\n  <div class=\"container\">\n    <div class=\"row\">\n      <div class=\"col-12\">\n        <div class=\"section-title\"> <span><\/span>\n          <h2>Lignes de Luxe<\/h2>\n          <h6>\u0152uvres d\u2019art, biens pr\u00e9cieux, propri\u00e9t\u00e9s, yachting, Voitures de Luxes et de Collection.<\/h6>\n        <\/div>\n        <!-- end section-title -->\n      <\/div>\n      <!-- end col-12 -->\n      <div class=\"col-12\">\n        <p class=\"lead\">L&#039;art est un actif \u00e0 fort potentiel et, gr\u00e2ce \u00e0 une gestion appropri\u00e9e, il peut \u00eatre utilis\u00e9 au mieux par le conseiller en investissement ou le family office. La police \u0152uvres d\u2019art est un produit qui couvre la perte de valeur totale ou partielle d&#039;un bien artistique ou d&#039;une collection ou de biens particuli\u00e8rement pr\u00e9cieux comme les pierres, les montres et les bijoux. <\/p><br>\n      <\/div>\n      <!-- end col-12 -->\n      <div class=\"col-lg-6\">\n        \n        <p>De m\u00eame, la police habitation de luxe est une couverture qui assure le propri\u00e9taire ou le locataire contre les dommages superficiels ou structurels caus\u00e9s \u00e0 la propri\u00e9t\u00e9, \u00e0 tous les biens ou certains d&#039;entre eux, \u00e0 l&#039;int\u00e9rieur ou sur le p\u00e9rim\u00e8tre de la propri\u00e9t\u00e9, par tout \u00e9v\u00e9nement (y compris le vol ou le cambriolage) qui pourrait diminuer ou faire perdre d\u00e9finitivement la valeur de la propri\u00e9t\u00e9 et\/ou des biens.<\/p>\n      <\/div>\n      <!-- end col-col-6 -->\n      <div class=\"col-lg-6\">\n        <p>Tout comme les biens immobiliers, les yachts ou les voitures de luxe des grands constructeurs automobiles doivent \u00e9galement \u00eatre assur\u00e9s. Des solutions d\u00e9di\u00e9es prot\u00e8gent les bateaux ou les voitures contre les risques qui peuvent les endommager, de mani\u00e8re compl\u00e8te, flexible et hautement personnalis\u00e9e.<\/p>\n<p>Un actif non assur\u00e9 risque d&#039;\u00eatre d\u00e9pr\u00e9ci\u00e9 par des facteurs ext\u00e9rieurs au march\u00e9.  <\/p>\n        <br>\n                    <!-- end progress-bar --> \n          <\/div>\n          <!-- end progress -->\n      <\/div>\n      <!-- end col-6 -->\n    <\/div>\n    <!-- end row -->\n  <\/div>\n  <!-- end container -->\n<\/section>\n[\/vc_column][\/vc_row][vc_row css=&#8221;.vc_custom_1556491058843{margin-top: -2% !important;}&#8221;][vc_column][vc_single_image image=&#8221;4085&#8243; img_size=&#8221;1920&#215;600&#8243; alignment=&#8221;center&#8221;][\/vc_column][\/vc_row][vc_row full_width=&#8221;stretch_row_content_no_spaces&#8221; content_placement=&#8221;middle&#8221;][vc_column] \n    <section class=\"image-content-box\">\n  <div class=\"container\">\n    <div class=\"row\">\n      <div class=\"col-12 wow fadeIn\">\n        <div class=\"section-title\"> <span><\/span>\n          <h2>Choisissez et contactez Votre Interlocuteur<\/h2>\n          <h6>Informations personnalis\u00e9es et conseils dans le monde entier.<\/h6>\n        <\/div>\n        <!-- end section-title --> \n      <\/div>\n      <!-- end col-12 -->\n      <div class=\"col-12\">\n              <div class=\"content-box wow fadeIn\">\n          <figure><img decoding=\"async\" src=\"https:\/\/big-brokers.ch\/wp-content\/uploads\/2019\/03\/image-8.png\" alt=\"Image\"><\/figure>\n          <h4>Italie<\/h4>\n          <p><\/p>\n                <a href=\"https:\/\/www.big-brokers.ch\/fr\/italie\/\"><img decoding=\"async\" src=\"https:\/\/big-brokers.ch\/wp-content\/themes\/uoncorp\/images\/icon-right-arrow.svg\" alt=\"Image\"><\/a>\n              <\/div>\n        <!-- end content-box -->\n                <div class=\"content-box wow fadeIn\">\n          <figure><img decoding=\"async\" src=\"https:\/\/big-brokers.ch\/wp-content\/uploads\/2019\/03\/Cartina_svizzera_.jpg\" alt=\"Image\"><\/figure>\n          <h4>Suisse<\/h4>\n          <p><\/p>\n                <a href=\"https:\/\/www.big-brokers.ch\/fr\/suisse\/\"><img decoding=\"async\" src=\"https:\/\/big-brokers.ch\/wp-content\/themes\/uoncorp\/images\/icon-right-arrow.svg\" alt=\"Image\"><\/a>\n              <\/div>\n        <!-- end content-box -->\n                <div class=\"content-box wow fadeIn\">\n          <figure><img decoding=\"async\" src=\"https:\/\/big-brokers.ch\/wp-content\/uploads\/2019\/03\/france-header.jpg\" alt=\"Image\"><\/figure>\n          <h4>France et Monaco<\/h4>\n          <p><\/p>\n                <a href=\"https:\/\/www.big-brokers.ch\/fr\/france-monaco\/\"><img decoding=\"async\" src=\"https:\/\/big-brokers.ch\/wp-content\/themes\/uoncorp\/images\/icon-right-arrow.svg\" alt=\"Image\"><\/a>\n              <\/div>\n        <!-- end content-box -->\n                <div class=\"content-box wow fadeIn\">\n          <figure><img decoding=\"async\" src=\"https:\/\/big-brokers.ch\/wp-content\/uploads\/2019\/03\/uk-header.jpg\" alt=\"Image\"><\/figure>\n          <h4>Royaume-uni<\/h4>\n          <p><\/p>\n                <a href=\"https:\/\/www.big-brokers.ch\/fr\/royaume-uni\/\"><img decoding=\"async\" src=\"https:\/\/big-brokers.ch\/wp-content\/themes\/uoncorp\/images\/icon-right-arrow.svg\" alt=\"Image\"><\/a>\n              <\/div>\n        <!-- end content-box -->\n                <div class=\"content-box wow fadeIn\">\n          <figure><img decoding=\"async\" src=\"https:\/\/big-brokers.ch\/wp-content\/uploads\/2019\/03\/greece-header.jpg\" alt=\"Image\"><\/figure>\n          <h4>Gr\u00e8ce et <\/br>le Moyen-Orient <\/h4>\n          <p><\/p>\n                <a href=\"https:\/\/www.big-brokers.ch\/fr\/grece-et-moyen-orient\/\"><img decoding=\"async\" src=\"https:\/\/big-brokers.ch\/wp-content\/themes\/uoncorp\/images\/icon-right-arrow.svg\" alt=\"Image\"><\/a>\n              <\/div>\n        <!-- end content-box -->\n                <div class=\"content-box wow fadeIn\">\n          <figure><img decoding=\"async\" src=\"https:\/\/big-brokers.ch\/wp-content\/uploads\/2019\/03\/latam-header.jpg\" alt=\"Image\"><\/figure>\n          <h4>Espagne et  <\/br>Am\u00e9rique latine<\/h4>\n          <p><\/p>\n                <a href=\"https:\/\/www.big-brokers.ch\/fr\/espagne-et-amerique-latine\/\"><img decoding=\"async\" src=\"https:\/\/big-brokers.ch\/wp-content\/themes\/uoncorp\/images\/icon-right-arrow.svg\" alt=\"Image\"><\/a>\n              <\/div>\n        <!-- end content-box -->\n                <!-- end content-box --> \n      <\/div>\n      <!-- end col-12 --> \n    <\/div>\n    <!-- end row --> \n  <\/div>\n  <!-- end container --> \n<\/section>\n[\/vc_column][\/vc_row]<\/p>\n<\/div>","protected":false},"excerpt":{"rendered":"<p>[vc_row][vc_column][\/vc_column][\/vc_row][vc_row css=&#8221;.vc_custom_1556491058843{margin-top: -2% !important;}&#8221;][vc_column][vc_single_image image=&#8221;4085&#8243; img_size=&#8221;1920&#215;600&#8243; alignment=&#8221;center&#8221;][\/vc_column][\/vc_row][vc_row full_width=&#8221;stretch_row_content_no_spaces&#8221; content_placement=&#8221;middle&#8221;][vc_column][\/vc_column][\/vc_row]<\/p>\n","protected":false},"author":3,"featured_media":0,"parent":0,"menu_order":0,"comment_status":"closed","ping_status":"closed","template":"page-templates\/other-page.php","meta":{"footnotes":""},"class_list":["post-3019","page","type-page","status-publish","hentry"],"yoast_head":"<!-- This site is optimized with the Yoast SEO plugin v25.3.1 - https:\/\/yoast.com\/wordpress\/plugins\/seo\/ -->\n<title>\u0152uvres d\u2019art, Immobilier d\u2019habitation et Yachting - BIG Insurance Brokers<\/title>\n<meta name=\"description\" content=\"Assurance sur mesure pour \u0153uvres d\u2019art, propri\u00e9t\u00e9s de luxe et yachts. Prot\u00e9gez vos biens de valeur avec l\u2019expertise de Big Brokers.\" \/>\n<meta name=\"robots\" content=\"index, follow, max-snippet:-1, max-image-preview:large, max-video-preview:-1\" \/>\n<link rel=\"canonical\" href=\"https:\/\/www.big-brokers.ch\/fr\/fine-art-properties-e-yachting\/\" \/>\n<meta property=\"og:locale\" content=\"fr_FR\" \/>\n<meta property=\"og:type\" content=\"article\" \/>\n<meta property=\"og:title\" content=\"\u0152uvres d\u2019art, Immobilier d\u2019habitation et Yachting - BIG Insurance Brokers\" \/>\n<meta property=\"og:description\" content=\"Assurance sur mesure pour \u0153uvres d\u2019art, propri\u00e9t\u00e9s de luxe et yachts. Prot\u00e9gez vos biens de valeur avec l\u2019expertise de Big Brokers.\" \/>\n<meta property=\"og:url\" content=\"https:\/\/www.big-brokers.ch\/fr\/fine-art-properties-e-yachting\/\" \/>\n<meta property=\"og:site_name\" content=\"BIG Insurance Brokers\" \/>\n<meta property=\"article:modified_time\" content=\"2025-07-01T12:39:22+00:00\" \/>\n<meta name=\"twitter:card\" content=\"summary_large_image\" \/>\n<meta name=\"twitter:title\" content=\"\u0152uvres d\u2019art, Immobilier d\u2019habitation et Yachting - BIG Insurance Brokers\" \/>\n<meta name=\"twitter:description\" content=\"Assurance sur mesure pour \u0153uvres d\u2019art, propri\u00e9t\u00e9s de luxe et yachts. Prot\u00e9gez vos biens de valeur avec l\u2019expertise de Big Brokers.\" \/>\n<meta name=\"twitter:label1\" content=\"Dur\u00e9e de lecture estim\u00e9e\" \/>\n\t<meta name=\"twitter:data1\" content=\"2 minutes\" \/>\n<script type=\"application\/ld+json\" class=\"yoast-schema-graph\">{\"@context\":\"https:\/\/schema.org\",\"@graph\":[{\"@type\":\"WebPage\",\"@id\":\"https:\/\/www.big-brokers.ch\/fr\/fine-art-properties-e-yachting\/\",\"url\":\"https:\/\/www.big-brokers.ch\/fr\/fine-art-properties-e-yachting\/\",\"name\":\"\u0152uvres d\u2019art, Immobilier d\u2019habitation et Yachting - BIG Insurance Brokers\",\"isPartOf\":{\"@id\":\"https:\/\/www.big-brokers.ch\/en\/#website\"},\"datePublished\":\"2019-04-02T21:58:36+00:00\",\"dateModified\":\"2025-07-01T12:39:22+00:00\",\"description\":\"Assurance sur mesure pour \u0153uvres d\u2019art, propri\u00e9t\u00e9s de luxe et yachts. Prot\u00e9gez vos biens de valeur avec l\u2019expertise de Big Brokers.\",\"breadcrumb\":{\"@id\":\"https:\/\/www.big-brokers.ch\/fr\/fine-art-properties-e-yachting\/#breadcrumb\"},\"inLanguage\":\"fr-FR\",\"potentialAction\":[{\"@type\":\"ReadAction\",\"target\":[\"https:\/\/www.big-brokers.ch\/fr\/fine-art-properties-e-yachting\/\"]}]},{\"@type\":\"BreadcrumbList\",\"@id\":\"https:\/\/www.big-brokers.ch\/fr\/fine-art-properties-e-yachting\/#breadcrumb\",\"itemListElement\":[{\"@type\":\"ListItem\",\"position\":1,\"name\":\"Home\",\"item\":\"https:\/\/www.big-brokers.ch\/fr\/\"},{\"@type\":\"ListItem\",\"position\":2,\"name\":\"\u0152uvres d\u2019art, Immobilier d\u2019habitation et Yachting\"}]},{\"@type\":\"WebSite\",\"@id\":\"https:\/\/www.big-brokers.ch\/en\/#website\",\"url\":\"https:\/\/www.big-brokers.ch\/en\/\",\"name\":\"BIG Insurance Brokers\",\"description\":\"we are your international brokers\",\"publisher\":{\"@id\":\"https:\/\/www.big-brokers.ch\/en\/#organization\"},\"potentialAction\":[{\"@type\":\"SearchAction\",\"target\":{\"@type\":\"EntryPoint\",\"urlTemplate\":\"https:\/\/www.big-brokers.ch\/en\/?s={search_term_string}\"},\"query-input\":{\"@type\":\"PropertyValueSpecification\",\"valueRequired\":true,\"valueName\":\"search_term_string\"}}],\"inLanguage\":\"fr-FR\"},{\"@type\":\"Organization\",\"@id\":\"https:\/\/www.big-brokers.ch\/en\/#organization\",\"name\":\"BIG Insurance Brokers\",\"url\":\"https:\/\/www.big-brokers.ch\/en\/\",\"logo\":{\"@type\":\"ImageObject\",\"inLanguage\":\"fr-FR\",\"@id\":\"https:\/\/www.big-brokers.ch\/en\/#\/schema\/logo\/image\/\",\"url\":\"https:\/\/big-brokers.ch\/wp-content\/uploads\/2019\/08\/big-insurance-brokers-logo.png\",\"contentUrl\":\"https:\/\/big-brokers.ch\/wp-content\/uploads\/2019\/08\/big-insurance-brokers-logo.png\",\"width\":300,\"height\":143,\"caption\":\"BIG Insurance Brokers\"},\"image\":{\"@id\":\"https:\/\/www.big-brokers.ch\/en\/#\/schema\/logo\/image\/\"}}]}<\/script>\n<!-- \/ Yoast SEO plugin. -->","yoast_head_json":{"title":"\u0152uvres d\u2019art, Immobilier d\u2019habitation et Yachting - BIG Insurance Brokers","description":"Assurance sur mesure pour \u0153uvres d\u2019art, propri\u00e9t\u00e9s de luxe et yachts. Prot\u00e9gez vos biens de valeur avec l\u2019expertise de Big Brokers.","robots":{"index":"index","follow":"follow","max-snippet":"max-snippet:-1","max-image-preview":"max-image-preview:large","max-video-preview":"max-video-preview:-1"},"canonical":"https:\/\/www.big-brokers.ch\/fr\/fine-art-properties-e-yachting\/","og_locale":"fr_FR","og_type":"article","og_title":"\u0152uvres d\u2019art, Immobilier d\u2019habitation et Yachting - BIG Insurance Brokers","og_description":"Assurance sur mesure pour \u0153uvres d\u2019art, propri\u00e9t\u00e9s de luxe et yachts. Prot\u00e9gez vos biens de valeur avec l\u2019expertise de Big Brokers.","og_url":"https:\/\/www.big-brokers.ch\/fr\/fine-art-properties-e-yachting\/","og_site_name":"BIG Insurance Brokers","article_modified_time":"2025-07-01T12:39:22+00:00","twitter_card":"summary_large_image","twitter_title":"\u0152uvres d\u2019art, Immobilier d\u2019habitation et Yachting - BIG Insurance Brokers","twitter_description":"Assurance sur mesure pour \u0153uvres d\u2019art, propri\u00e9t\u00e9s de luxe et yachts. Prot\u00e9gez vos biens de valeur avec l\u2019expertise de Big Brokers.","twitter_misc":{"Dur\u00e9e de lecture estim\u00e9e":"2 minutes"},"schema":{"@context":"https:\/\/schema.org","@graph":[{"@type":"WebPage","@id":"https:\/\/www.big-brokers.ch\/fr\/fine-art-properties-e-yachting\/","url":"https:\/\/www.big-brokers.ch\/fr\/fine-art-properties-e-yachting\/","name":"\u0152uvres d\u2019art, Immobilier d\u2019habitation et Yachting - BIG Insurance Brokers","isPartOf":{"@id":"https:\/\/www.big-brokers.ch\/en\/#website"},"datePublished":"2019-04-02T21:58:36+00:00","dateModified":"2025-07-01T12:39:22+00:00","description":"Assurance sur mesure pour \u0153uvres d\u2019art, propri\u00e9t\u00e9s de luxe et yachts. Prot\u00e9gez vos biens de valeur avec l\u2019expertise de Big Brokers.","breadcrumb":{"@id":"https:\/\/www.big-brokers.ch\/fr\/fine-art-properties-e-yachting\/#breadcrumb"},"inLanguage":"fr-FR","potentialAction":[{"@type":"ReadAction","target":["https:\/\/www.big-brokers.ch\/fr\/fine-art-properties-e-yachting\/"]}]},{"@type":"BreadcrumbList","@id":"https:\/\/www.big-brokers.ch\/fr\/fine-art-properties-e-yachting\/#breadcrumb","itemListElement":[{"@type":"ListItem","position":1,"name":"Home","item":"https:\/\/www.big-brokers.ch\/fr\/"},{"@type":"ListItem","position":2,"name":"\u0152uvres d\u2019art, Immobilier d\u2019habitation et Yachting"}]},{"@type":"WebSite","@id":"https:\/\/www.big-brokers.ch\/en\/#website","url":"https:\/\/www.big-brokers.ch\/en\/","name":"BIG Insurance Brokers","description":"we are your international brokers","publisher":{"@id":"https:\/\/www.big-brokers.ch\/en\/#organization"},"potentialAction":[{"@type":"SearchAction","target":{"@type":"EntryPoint","urlTemplate":"https:\/\/www.big-brokers.ch\/en\/?s={search_term_string}"},"query-input":{"@type":"PropertyValueSpecification","valueRequired":true,"valueName":"search_term_string"}}],"inLanguage":"fr-FR"},{"@type":"Organization","@id":"https:\/\/www.big-brokers.ch\/en\/#organization","name":"BIG Insurance Brokers","url":"https:\/\/www.big-brokers.ch\/en\/","logo":{"@type":"ImageObject","inLanguage":"fr-FR","@id":"https:\/\/www.big-brokers.ch\/en\/#\/schema\/logo\/image\/","url":"https:\/\/big-brokers.ch\/wp-content\/uploads\/2019\/08\/big-insurance-brokers-logo.png","contentUrl":"https:\/\/big-brokers.ch\/wp-content\/uploads\/2019\/08\/big-insurance-brokers-logo.png","width":300,"height":143,"caption":"BIG Insurance Brokers"},"image":{"@id":"https:\/\/www.big-brokers.ch\/en\/#\/schema\/logo\/image\/"}}]}},"_links":{"self":[{"href":"https:\/\/big-brokers.ch\/fr\/wp-json\/wp\/v2\/pages\/3019","targetHints":{"allow":["GET"]}}],"collection":[{"href":"https:\/\/big-brokers.ch\/fr\/wp-json\/wp\/v2\/pages"}],"about":[{"href":"https:\/\/big-brokers.ch\/fr\/wp-json\/wp\/v2\/types\/page"}],"author":[{"embeddable":true,"href":"https:\/\/big-brokers.ch\/fr\/wp-json\/wp\/v2\/users\/3"}],"replies":[{"embeddable":true,"href":"https:\/\/big-brokers.ch\/fr\/wp-json\/wp\/v2\/comments?post=3019"}],"version-history":[{"count":12,"href":"https:\/\/big-brokers.ch\/fr\/wp-json\/wp\/v2\/pages\/3019\/revisions"}],"predecessor-version":[{"id":4829,"href":"https:\/\/big-brokers.ch\/fr\/wp-json\/wp\/v2\/pages\/3019\/revisions\/4829"}],"wp:attachment":[{"href":"https:\/\/big-brokers.ch\/fr\/wp-json\/wp\/v2\/media?parent=3019"}],"curies":[{"name":"wp","href":"https:\/\/api.w.org\/{rel}","templated":true}]}}