{"id":3005,"date":"2019-04-03T00:03:11","date_gmt":"2019-04-02T22:03:11","guid":{"rendered":"https:\/\/www.big-brokers.ch\/do-rc-professionali-e-tutela-legale\/"},"modified":"2025-10-22T12:07:50","modified_gmt":"2025-10-22T10:07:50","slug":"do-rc-professionali-e-tutela-legale","status":"publish","type":"page","link":"https:\/\/big-brokers.ch\/fr\/do-rc-professionali-e-tutela-legale\/","title":{"rendered":"D&#038;O, RC Professionnelle et protection juridique"},"content":{"rendered":"<div class=\"wpb-content-wrapper\"><p>[vc_row][vc_column] \n    <section class=\"content\">\n  <div class=\"container\">\n    <div class=\"row\">\n      <div class=\"col-12\">\n        <div class=\"section-title\"> <span><\/span>\n          <h2>D&O, RC Professionnelle et protection juridique<\/h2>\n          <h6>Police risque dirigeant pour l\u2019activit\u00e9 li\u00e9e au r\u00f4le dans l\u2019entreprise<\/h6>\n        <\/div>\n        <!-- end section-title -->\n      <\/div>\n      <!-- end col-12 -->\n      <div class=\"col-12\">\n        <p class=\"lead\">Les administrateurs, commissaires aux comptes, directeurs g\u00e9n\u00e9raux et dirigeants de soci\u00e9t\u00e9 travaillent dans un environnement toujours plus complexe et litigieux.<br \/>\nIl n\u2019y a aucun doute que ces personnes ont une probabilit\u00e9 importante, et encore plus de nos jours que par le pass\u00e9, d\u2019\u00eatre mis sous investigation ou cit\u00e9s \u00e0 comparaitre devant la justice pour des d\u00e9cisions ou actions d\u00e9coulant de leur activit\u00e9 professionnelle.<br \/>\nEn Europe et dans le monde entier, les actionnaires, associ\u00e9s, investisseurs et tiers en g\u00e9n\u00e9ral participent \u00e0 la vie de la soci\u00e9t\u00e9 avec un activisme croissant au regard de leurs propres int\u00e9r\u00eats. <\/p><br>\n      <\/div>\n      <!-- end col-12 -->\n      <div class=\"col-lg-6\">\n        \n        <p>Les administrateurs de soci\u00e9t\u00e9s sont l\u00e9galement, personnellement et solidairement responsables sur leur patrimoine propre des dommages caus\u00e9s \u00e0 des tiers ou \u00e0 la soci\u00e9t\u00e9, au regard de l\u2019activit\u00e9 d\u00e9cisionnaire qu\u2019ils exercent.<\/p>\n<p>Le r\u00f4le et l\u2019exposition personnelle toujours plus importants des dirigeants, combin\u00e9s \u00e0 l\u2019introduction de normes toujours plus complexes, ainsi qu\u2019au contexte socio-\u00e9conomique et juridique actuels, ont in\u00e9vitablement cr\u00e9\u00e9 un besoin majeur pour les assurances D&O, RC professionnelle et protection juridique.<\/p>\n<p>La protection juridique est une forme d\u2019assurance qui couvre les d\u00e9penses de d\u00e9fense de l\u2019assur\u00e9 en cas de proc\u00e9dure civile ou p\u00e9nale, dans le cadre judiciaire et extra-judiciaire.<\/p>\n      <\/div>\n      <!-- end col-col-6 -->\n      <div class=\"col-lg-6\">\n        <p><strong>Un soutien \u00e9conomique dans la d\u00e9fense de vos droits.<\/strong><\/p>\n<p>La police offre la couverture totale des d\u00e9penses pour la d\u00e9fense dans le cadre d\u2019une proc\u00e9dure civile.<\/p>\n<p><strong>Libre choix de l\u2019avocat.<\/strong><\/p>\n<p>Le contrat ne pr\u00e9voit aucune restriction quant au choix de votre propre avocat, exception faite de la phase extrajudiciaire, g\u00e9r\u00e9 directement par la compagnie d\u2019assurance.<\/p>\n<p>Support concret de la compagnie.<\/p>\n<p>Assistance dans la gestion de toutes les charges burocratiques et administratives.  <\/p>\n        <br>\n                    <!-- end progress-bar --> \n          <\/div>\n          <!-- end progress -->\n      <\/div>\n      <!-- end col-6 -->\n    <\/div>\n    <!-- end row -->\n  <\/div>\n  <!-- end container -->\n<\/section>\n[\/vc_column][\/vc_row][vc_row full_width=&#8221;stretch_row_content_no_spaces&#8221; el_class=&#8221;nopadding&#8221;][vc_column] \n    <section class=\"side-image-content\" id=\"counter\">\n  <div class=\"sides bg-image wow fadeIn\" data-background=\"https:\/\/big-brokers.ch\/wp-content\/uploads\/2019\/04\/tutela-legale.jpg\"> <\/div>\n  <!-- end sides -->\n  <div class=\"sides bg-color wow fadeIn\" data-background=\"#405089\">\n    <div class=\"inner\">\n      <div class=\"section-title light\"> <span><\/span>\n        <h2>LA PROTECTION JURIDIQUE<\/h2>\n        <h6><\/h6>\n      <\/div>\n      <!-- end section-title -->\n      <p><strong>LA PROTECTION JURIDIQUE POUR LES ENTREPRISES<\/strong><br \/>\nLes risques l\u00e9gaux pour les entreprises sont multiples et parfois graves au point de menacer l\u2019existence m\u00eame de celles-ci. Il suffit de penser aux proc\u00e9dures p\u00e9nales, aux contentieux avec l\u2019administration publique ou des tiers. Les obligations diverses et vari\u00e9es de responsabilit\u00e9 civile pour ce qui concerne la s\u00e9curit\u00e9 des produits, ou simplement celle des employ\u00e9s et collaborateurs, exposent chaque entreprise \u00e0 des risques de proc\u00e9dures p\u00e9nale, civile ou administrative.<\/p>\n<p><strong>LA PROTECTION JURIDIQUE POUR LES ENTREPRENEURS<\/strong><br \/>\nChaque manager doit prendre des d\u00e9cisions cruciales tous les jours. Il est naturel qu\u2019il puisse commettre des erreurs. Dans les cas graves, les cons\u00e9quences de ces erreurs peuvent menacer la survie de l\u2019entreprise ou la carri\u00e8re professionnelle du manager. Le risque d\u2019assumer des responsabilit\u00e9s p\u00e9nales mais \u00e9galement civiles \u00e0 titre personnel, est en constante augmentation.<\/p>\n<p><strong>LA PROTECTION JURIDIQUE POUR LES INDIVIDUS ET LEUR FAMILLE<\/strong><br \/>\nLa protection juridique dans les proc\u00e9dures civiles ou p\u00e9nales. Sont couverts aussi bien les cas de dommages caus\u00e9s par des tiers que ceux caus\u00e9s \u00e0 des tiers par d\u00e9lits ou par infractions. Sont \u00e9galement couvertes les proc\u00e9dures relatives au contrat de travail de l\u2019assur\u00e9.<\/p>\n      <img decoding=\"async\" src=\"https:\/\/big-brokers.ch\/wp-content\/uploads\/2019\/07\/BIG-Insurance-Brokers-white.png\" alt=\"Image\"> <\/div>\n    <!-- end inner --> \n  <\/div>\n  <!-- end sides --> \n<\/section>\n[\/vc_column][\/vc_row][vc_row full_width=&#8221;stretch_row_content_no_spaces&#8221; content_placement=&#8221;middle&#8221;][vc_column] \n    <section class=\"image-content-box\">\n  <div class=\"container\">\n    <div class=\"row\">\n      <div class=\"col-12 wow fadeIn\">\n        <div class=\"section-title\"> <span><\/span>\n          <h2>Choisissez et contactez Votre Interlocuteur<\/h2>\n          <h6>Informations personnalis\u00e9es et conseils dans le monde entier.<\/h6>\n        <\/div>\n        <!-- end section-title --> \n      <\/div>\n      <!-- end col-12 -->\n      <div class=\"col-12\">\n              <div class=\"content-box wow fadeIn\">\n          <figure><img decoding=\"async\" src=\"https:\/\/big-brokers.ch\/wp-content\/uploads\/2019\/03\/image-8.png\" alt=\"Image\"><\/figure>\n          <h4>Italie<\/h4>\n          <p><\/p>\n                <a href=\"https:\/\/www.big-brokers.ch\/fr\/italie\/\"><img decoding=\"async\" src=\"https:\/\/big-brokers.ch\/wp-content\/themes\/uoncorp\/images\/icon-right-arrow.svg\" alt=\"Image\"><\/a>\n              <\/div>\n        <!-- end content-box -->\n                <div class=\"content-box wow fadeIn\">\n          <figure><img decoding=\"async\" src=\"https:\/\/big-brokers.ch\/wp-content\/uploads\/2019\/03\/Cartina_svizzera_.jpg\" alt=\"Image\"><\/figure>\n          <h4>Suisse<\/h4>\n          <p><\/p>\n                <a href=\"https:\/\/www.big-brokers.ch\/fr\/suisse\/\"><img decoding=\"async\" src=\"https:\/\/big-brokers.ch\/wp-content\/themes\/uoncorp\/images\/icon-right-arrow.svg\" alt=\"Image\"><\/a>\n              <\/div>\n        <!-- end content-box -->\n                <div class=\"content-box wow fadeIn\">\n          <figure><img decoding=\"async\" src=\"https:\/\/big-brokers.ch\/wp-content\/uploads\/2019\/03\/france-header.jpg\" alt=\"Image\"><\/figure>\n          <h4>France <\/br>et Monaco<\/h4>\n          <p><\/p>\n                <a href=\"https:\/\/www.big-brokers.ch\/fr\/france-monaco\/%20\"><img decoding=\"async\" src=\"https:\/\/big-brokers.ch\/wp-content\/themes\/uoncorp\/images\/icon-right-arrow.svg\" alt=\"Image\"><\/a>\n              <\/div>\n        <!-- end content-box -->\n                <div class=\"content-box wow fadeIn\">\n          <figure><img decoding=\"async\" src=\"https:\/\/big-brokers.ch\/wp-content\/uploads\/2019\/03\/uk-header.jpg\" alt=\"Image\"><\/figure>\n          <h4>Royaume-uni<\/h4>\n          <p><\/p>\n                <a href=\"https:\/\/www.big-brokers.ch\/fr\/royaume-uni\/\"><img decoding=\"async\" src=\"https:\/\/big-brokers.ch\/wp-content\/themes\/uoncorp\/images\/icon-right-arrow.svg\" alt=\"Image\"><\/a>\n              <\/div>\n        <!-- end content-box -->\n                <div class=\"content-box wow fadeIn\">\n          <figure><img decoding=\"async\" src=\"https:\/\/big-brokers.ch\/wp-content\/uploads\/2019\/03\/greece-header.jpg\" alt=\"Image\"><\/figure>\n          <h4>Gr\u00e8ce et<\/br> le Moyen-Orient<\/h4>\n          <p><\/p>\n                <a href=\"https:\/\/www.big-brokers.ch\/fr\/grece-et-moyen-orient\/\"><img decoding=\"async\" src=\"https:\/\/big-brokers.ch\/wp-content\/themes\/uoncorp\/images\/icon-right-arrow.svg\" alt=\"Image\"><\/a>\n              <\/div>\n        <!-- end content-box -->\n                <div class=\"content-box wow fadeIn\">\n          <figure><img decoding=\"async\" src=\"https:\/\/big-brokers.ch\/wp-content\/uploads\/2019\/03\/latam-header.jpg\" alt=\"Image\"><\/figure>\n          <h4>Espagne et <\/br>Am\u00e9rique latine<\/h4>\n          <p><\/p>\n                <a href=\"https:\/\/www.big-brokers.ch\/fr\/espagne-et-amerique-latine\/\"><img decoding=\"async\" src=\"https:\/\/big-brokers.ch\/wp-content\/themes\/uoncorp\/images\/icon-right-arrow.svg\" alt=\"Image\"><\/a>\n              <\/div>\n        <!-- end content-box -->\n                <!-- end content-box --> \n      <\/div>\n      <!-- end col-12 --> \n    <\/div>\n    <!-- end row --> \n  <\/div>\n  <!-- end container --> \n<\/section>\n[\/vc_column][\/vc_row]<\/p>\n<\/div>","protected":false},"excerpt":{"rendered":"<p>[vc_row][vc_column][\/vc_column][\/vc_row][vc_row full_width=&#8221;stretch_row_content_no_spaces&#8221; el_class=&#8221;nopadding&#8221;][vc_column][\/vc_column][\/vc_row][vc_row full_width=&#8221;stretch_row_content_no_spaces&#8221; content_placement=&#8221;middle&#8221;][vc_column][\/vc_column][\/vc_row]<\/p>\n","protected":false},"author":3,"featured_media":0,"parent":0,"menu_order":0,"comment_status":"closed","ping_status":"closed","template":"page-templates\/other-page.php","meta":{"footnotes":""},"class_list":["post-3005","page","type-page","status-publish","hentry"],"yoast_head":"<!-- This site is optimized with the Yoast SEO plugin v25.3.1 - https:\/\/yoast.com\/wordpress\/plugins\/seo\/ -->\n<title>D&amp;O, RC Professionnelle et protection juridique - BIG Insurance Brokers<\/title>\n<meta name=\"description\" content=\"Prot\u00e9gez dirigeants et professionnels avec des assurances D&amp;O, RC pro et protection juridique. Des solutions contre les risques de responsabilit\u00e9.\" \/>\n<meta name=\"robots\" content=\"index, follow, max-snippet:-1, max-image-preview:large, max-video-preview:-1\" \/>\n<link rel=\"canonical\" href=\"https:\/\/big-brokers.ch\/fr\/do-rc-professionali-e-tutela-legale\/\" \/>\n<meta property=\"og:locale\" content=\"fr_FR\" \/>\n<meta property=\"og:type\" content=\"article\" \/>\n<meta property=\"og:title\" content=\"D&amp;O, RC Professionnelle et protection juridique - BIG Insurance Brokers\" \/>\n<meta property=\"og:description\" content=\"Prot\u00e9gez dirigeants et professionnels avec des assurances D&amp;O, RC pro et protection juridique. Des solutions contre les risques de responsabilit\u00e9.\" \/>\n<meta property=\"og:url\" content=\"https:\/\/big-brokers.ch\/fr\/do-rc-professionali-e-tutela-legale\/\" \/>\n<meta property=\"og:site_name\" content=\"BIG Insurance Brokers\" \/>\n<meta property=\"article:modified_time\" content=\"2025-10-22T10:07:50+00:00\" \/>\n<meta name=\"twitter:card\" content=\"summary_large_image\" \/>\n<meta name=\"twitter:title\" content=\"D&amp;O, RC Professionnelle et protection juridique - BIG Insurance Brokers\" \/>\n<meta name=\"twitter:description\" content=\"Prot\u00e9gez dirigeants et professionnels avec des assurances D&amp;O, RC pro et protection juridique. Des solutions contre les risques de responsabilit\u00e9.\" \/>\n<meta name=\"twitter:label1\" content=\"Dur\u00e9e de lecture estim\u00e9e\" \/>\n\t<meta name=\"twitter:data1\" content=\"3 minutes\" \/>\n<script type=\"application\/ld+json\" class=\"yoast-schema-graph\">{\"@context\":\"https:\/\/schema.org\",\"@graph\":[{\"@type\":\"WebPage\",\"@id\":\"https:\/\/big-brokers.ch\/fr\/do-rc-professionali-e-tutela-legale\/\",\"url\":\"https:\/\/big-brokers.ch\/fr\/do-rc-professionali-e-tutela-legale\/\",\"name\":\"D&O, RC Professionnelle et protection juridique - BIG Insurance Brokers\",\"isPartOf\":{\"@id\":\"https:\/\/big-brokers.ch\/it\/#website\"},\"datePublished\":\"2019-04-02T22:03:11+00:00\",\"dateModified\":\"2025-10-22T10:07:50+00:00\",\"description\":\"Prot\u00e9gez dirigeants et professionnels avec des assurances D&O, RC pro et protection juridique. Des solutions contre les risques de responsabilit\u00e9.\",\"breadcrumb\":{\"@id\":\"https:\/\/big-brokers.ch\/fr\/do-rc-professionali-e-tutela-legale\/#breadcrumb\"},\"inLanguage\":\"fr-FR\",\"potentialAction\":[{\"@type\":\"ReadAction\",\"target\":[\"https:\/\/big-brokers.ch\/fr\/do-rc-professionali-e-tutela-legale\/\"]}]},{\"@type\":\"BreadcrumbList\",\"@id\":\"https:\/\/big-brokers.ch\/fr\/do-rc-professionali-e-tutela-legale\/#breadcrumb\",\"itemListElement\":[{\"@type\":\"ListItem\",\"position\":1,\"name\":\"Home\",\"item\":\"https:\/\/www.big-brokers.ch\/fr\/\"},{\"@type\":\"ListItem\",\"position\":2,\"name\":\"D&#038;O, RC Professionnelle et protection juridique\"}]},{\"@type\":\"WebSite\",\"@id\":\"https:\/\/big-brokers.ch\/it\/#website\",\"url\":\"https:\/\/big-brokers.ch\/it\/\",\"name\":\"BIG Insurance Brokers\",\"description\":\"we are your international brokers\",\"publisher\":{\"@id\":\"https:\/\/big-brokers.ch\/it\/#organization\"},\"potentialAction\":[{\"@type\":\"SearchAction\",\"target\":{\"@type\":\"EntryPoint\",\"urlTemplate\":\"https:\/\/big-brokers.ch\/it\/?s={search_term_string}\"},\"query-input\":{\"@type\":\"PropertyValueSpecification\",\"valueRequired\":true,\"valueName\":\"search_term_string\"}}],\"inLanguage\":\"fr-FR\"},{\"@type\":\"Organization\",\"@id\":\"https:\/\/big-brokers.ch\/it\/#organization\",\"name\":\"BIG Insurance Brokers\",\"url\":\"https:\/\/big-brokers.ch\/it\/\",\"logo\":{\"@type\":\"ImageObject\",\"inLanguage\":\"fr-FR\",\"@id\":\"https:\/\/big-brokers.ch\/it\/#\/schema\/logo\/image\/\",\"url\":\"https:\/\/big-brokers.ch\/wp-content\/uploads\/2019\/08\/big-insurance-brokers-logo.png\",\"contentUrl\":\"https:\/\/big-brokers.ch\/wp-content\/uploads\/2019\/08\/big-insurance-brokers-logo.png\",\"width\":300,\"height\":143,\"caption\":\"BIG Insurance Brokers\"},\"image\":{\"@id\":\"https:\/\/big-brokers.ch\/it\/#\/schema\/logo\/image\/\"}}]}<\/script>\n<!-- \/ Yoast SEO plugin. -->","yoast_head_json":{"title":"D&O, RC Professionnelle et protection juridique - BIG Insurance Brokers","description":"Prot\u00e9gez dirigeants et professionnels avec des assurances D&O, RC pro et protection juridique. Des solutions contre les risques de responsabilit\u00e9.","robots":{"index":"index","follow":"follow","max-snippet":"max-snippet:-1","max-image-preview":"max-image-preview:large","max-video-preview":"max-video-preview:-1"},"canonical":"https:\/\/big-brokers.ch\/fr\/do-rc-professionali-e-tutela-legale\/","og_locale":"fr_FR","og_type":"article","og_title":"D&O, RC Professionnelle et protection juridique - BIG Insurance Brokers","og_description":"Prot\u00e9gez dirigeants et professionnels avec des assurances D&O, RC pro et protection juridique. Des solutions contre les risques de responsabilit\u00e9.","og_url":"https:\/\/big-brokers.ch\/fr\/do-rc-professionali-e-tutela-legale\/","og_site_name":"BIG Insurance Brokers","article_modified_time":"2025-10-22T10:07:50+00:00","twitter_card":"summary_large_image","twitter_title":"D&O, RC Professionnelle et protection juridique - BIG Insurance Brokers","twitter_description":"Prot\u00e9gez dirigeants et professionnels avec des assurances D&O, RC pro et protection juridique. Des solutions contre les risques de responsabilit\u00e9.","twitter_misc":{"Dur\u00e9e de lecture estim\u00e9e":"3 minutes"},"schema":{"@context":"https:\/\/schema.org","@graph":[{"@type":"WebPage","@id":"https:\/\/big-brokers.ch\/fr\/do-rc-professionali-e-tutela-legale\/","url":"https:\/\/big-brokers.ch\/fr\/do-rc-professionali-e-tutela-legale\/","name":"D&O, RC Professionnelle et protection juridique - BIG Insurance Brokers","isPartOf":{"@id":"https:\/\/big-brokers.ch\/it\/#website"},"datePublished":"2019-04-02T22:03:11+00:00","dateModified":"2025-10-22T10:07:50+00:00","description":"Prot\u00e9gez dirigeants et professionnels avec des assurances D&O, RC pro et protection juridique. Des solutions contre les risques de responsabilit\u00e9.","breadcrumb":{"@id":"https:\/\/big-brokers.ch\/fr\/do-rc-professionali-e-tutela-legale\/#breadcrumb"},"inLanguage":"fr-FR","potentialAction":[{"@type":"ReadAction","target":["https:\/\/big-brokers.ch\/fr\/do-rc-professionali-e-tutela-legale\/"]}]},{"@type":"BreadcrumbList","@id":"https:\/\/big-brokers.ch\/fr\/do-rc-professionali-e-tutela-legale\/#breadcrumb","itemListElement":[{"@type":"ListItem","position":1,"name":"Home","item":"https:\/\/www.big-brokers.ch\/fr\/"},{"@type":"ListItem","position":2,"name":"D&#038;O, RC Professionnelle et protection juridique"}]},{"@type":"WebSite","@id":"https:\/\/big-brokers.ch\/it\/#website","url":"https:\/\/big-brokers.ch\/it\/","name":"BIG Insurance Brokers","description":"we are your international brokers","publisher":{"@id":"https:\/\/big-brokers.ch\/it\/#organization"},"potentialAction":[{"@type":"SearchAction","target":{"@type":"EntryPoint","urlTemplate":"https:\/\/big-brokers.ch\/it\/?s={search_term_string}"},"query-input":{"@type":"PropertyValueSpecification","valueRequired":true,"valueName":"search_term_string"}}],"inLanguage":"fr-FR"},{"@type":"Organization","@id":"https:\/\/big-brokers.ch\/it\/#organization","name":"BIG Insurance Brokers","url":"https:\/\/big-brokers.ch\/it\/","logo":{"@type":"ImageObject","inLanguage":"fr-FR","@id":"https:\/\/big-brokers.ch\/it\/#\/schema\/logo\/image\/","url":"https:\/\/big-brokers.ch\/wp-content\/uploads\/2019\/08\/big-insurance-brokers-logo.png","contentUrl":"https:\/\/big-brokers.ch\/wp-content\/uploads\/2019\/08\/big-insurance-brokers-logo.png","width":300,"height":143,"caption":"BIG Insurance Brokers"},"image":{"@id":"https:\/\/big-brokers.ch\/it\/#\/schema\/logo\/image\/"}}]}},"_links":{"self":[{"href":"https:\/\/big-brokers.ch\/fr\/wp-json\/wp\/v2\/pages\/3005","targetHints":{"allow":["GET"]}}],"collection":[{"href":"https:\/\/big-brokers.ch\/fr\/wp-json\/wp\/v2\/pages"}],"about":[{"href":"https:\/\/big-brokers.ch\/fr\/wp-json\/wp\/v2\/types\/page"}],"author":[{"embeddable":true,"href":"https:\/\/big-brokers.ch\/fr\/wp-json\/wp\/v2\/users\/3"}],"replies":[{"embeddable":true,"href":"https:\/\/big-brokers.ch\/fr\/wp-json\/wp\/v2\/comments?post=3005"}],"version-history":[{"count":6,"href":"https:\/\/big-brokers.ch\/fr\/wp-json\/wp\/v2\/pages\/3005\/revisions"}],"predecessor-version":[{"id":4830,"href":"https:\/\/big-brokers.ch\/fr\/wp-json\/wp\/v2\/pages\/3005\/revisions\/4830"}],"wp:attachment":[{"href":"https:\/\/big-brokers.ch\/fr\/wp-json\/wp\/v2\/media?parent=3005"}],"curies":[{"name":"wp","href":"https:\/\/api.w.org\/{rel}","templated":true}]}}