{"id":2925,"date":"2019-01-17T10:38:25","date_gmt":"2019-01-17T10:38:25","guid":{"rendered":"https:\/\/www.big-brokers.ch\/contatti\/"},"modified":"2026-01-30T10:43:21","modified_gmt":"2026-01-30T09:43:21","slug":"contatti","status":"publish","type":"page","link":"https:\/\/big-brokers.ch\/fr\/contatti\/","title":{"rendered":"Contactez-nous"},"content":{"rendered":"<div class=\"wpb-content-wrapper\"><p>[vc_row][vc_column][vc_single_image image=&#8221;3348&#8243; img_size=&#8221;1290&#215;550&#8243; alignment=&#8221;center&#8221;][\/vc_column][\/vc_row][vc_row full_width=&#8221;stretch_row_content_no_spaces&#8221; full_height=&#8221;yes&#8221; equal_height=&#8221;yes&#8221; type_row=&#8221;offices&#8221; ses_title=&#8221;Notre si\u00e8ge&#8221; ses_desc=&#8221;Informations et conseils personnalis\u00e9s.&#8221; container=&#8221;1&#8243;][vc_column] \n    <address>\n            <h5>LUGANO<\/h5>\n            <span><\/span>\n            <p>Corso Elvezia, 10 - 6901 Lugano, Switzerland<\/p>\n        <p>p: +41 91 228 03 61<br>\n        \n        <a href=\"#\">gca@big-brokers.ch<\/a><\/p>\n        <small><a data-fancybox=\"\" data-type=\"iframe\" data-src=\"https:\/\/www.google.com\/maps\/embed?pb=!1m18!1m12!1m3!1d2771.207305663732!2d8.953704150961945!3d46.007054404975!2m3!1f0!2f0!3f0!3m2!1i1024!2i768!4f13.1!3m3!1m2!1s0x47842d8b82621eeb%3A0xd34eac02206e7cb1!2sCorso+Elvezia+10%2C+6900+Lugano%2C+Svizzera!5e0!3m2!1sit!2sit!4v1553696466828 \" href=\"javascript:;\">CLICK FOR MAP<\/a><\/small>\n          <\/address>\n \n    <address>\n            <h5>GINEVRA<\/h5>\n            <span><\/span>\n            <p><\/p>\n        <p>p. +41 79 614 02 03<br>\n        \n        <a href=\"#\">bp@big-brokers.ch<\/a><\/p>\n        <small><a data-fancybox=\"\" data-type=\"iframe\" data-src=\" \" href=\"javascript:;\"><\/a><\/small>\n          <\/address>\n \n    <address>\n            <h5>MONACO<\/h5>\n            <span><\/span>\n            <p>Le Rose de France 17, Boulevard de Suisse, 98000 Monaco<\/p>\n        <p>+377 99908248<br>\n        \n        <a href=\"#\">jb@big-brokers.mc<\/a><\/p>\n        <small><a data-fancybox=\"\" data-type=\"iframe\" data-src=\"https:\/\/www.google.com\/maps\/embed?pb=!1m18!1m12!1m3!1d2882.664730568835!2d7.420141050890559!3d43.73829125484005!2m3!1f0!2f0!3f0!3m2!1i1024!2i768!4f13.1!3m3!1m2!1s0x12cdc2897967550f%3A0x68656408bfc6b6d!2s17+Boulevard+de+Suisse%2C+98000+Monaco!5e0!3m2!1sit!2sit!4v1553696659114 \" href=\"javascript:;\">CLICK FOR MAP<\/a><\/small>\n          <\/address>\n[\/vc_column][\/vc_row][vc_row][vc_column][vc_single_image image=&#8221;4008&#8243; img_size=&#8221;full&#8221; alignment=&#8221;center&#8221;][\/vc_column][\/vc_row][vc_row][vc_column] \n    <section class=\"featured-services\">\n  <div class=\"content-wrapper\">\n    <div class=\"container\">\n          <div class=\"content-box wow fadeIn\"> <span><\/span>\n        <h3>Pr\u00e9sent dans toute l&#039;Europe, actif dans le monde entier<\/h3>\n        <p> <\/p>\n         <\/div>\n      <!-- end content-box -->\n            <!-- end content-box --> \n    <\/div>\n    <!-- end container --> \n  <\/div>\n              \n        \n  <!-- end content-wrapper -->\n  \n  <div class=\"logos wow fadeIn\">\n    <div class=\"container\">\n      <ul>\n           \n           \n      <\/ul>\n    <\/div>\n    <!-- end container --> \n  <\/div>\n    <!-- end logos --> \n<\/section>\n[\/vc_column][\/vc_row]<\/p>\n<\/div>","protected":false},"excerpt":{"rendered":"<p>[vc_row][vc_column][vc_single_image image=&#8221;3348&#8243; img_size=&#8221;1290&#215;550&#8243; alignment=&#8221;center&#8221;][\/vc_column][\/vc_row][vc_row full_width=&#8221;stretch_row_content_no_spaces&#8221; full_height=&#8221;yes&#8221; equal_height=&#8221;yes&#8221; type_row=&#8221;offices&#8221; ses_title=&#8221;Notre si\u00e8ge&#8221; ses_desc=&#8221;Informations et conseils personnalis\u00e9s.&#8221; container=&#8221;1&#8243;][vc_column][\/vc_column][\/vc_row][vc_row][vc_column][vc_single_image image=&#8221;4008&#8243; img_size=&#8221;full&#8221; alignment=&#8221;center&#8221;][\/vc_column][\/vc_row][vc_row][vc_column][\/vc_column][\/vc_row]<\/p>\n","protected":false},"author":1,"featured_media":0,"parent":0,"menu_order":0,"comment_status":"closed","ping_status":"closed","template":"page-templates\/other-page.php","meta":{"footnotes":""},"class_list":["post-2925","page","type-page","status-publish","hentry"],"yoast_head":"<!-- This site is optimized with the Yoast SEO plugin v25.3.1 - https:\/\/yoast.com\/wordpress\/plugins\/seo\/ -->\n<title>Contactez-nous - BIG Insurance Brokers<\/title>\n<meta name=\"description\" content=\"Contactez Big Brokers pour un conseil en assurance sur mesure. Nous sommes \u00e0 votre \u00e9coute en Suisse et \u00e0 l\u2019international.\" \/>\n<meta name=\"robots\" content=\"index, follow, max-snippet:-1, max-image-preview:large, max-video-preview:-1\" \/>\n<link rel=\"canonical\" href=\"https:\/\/big-brokers.ch\/fr\/contatti\/\" \/>\n<meta property=\"og:locale\" content=\"fr_FR\" \/>\n<meta property=\"og:type\" content=\"article\" \/>\n<meta property=\"og:title\" content=\"Contactez-nous - BIG Insurance Brokers\" \/>\n<meta property=\"og:description\" content=\"Contactez Big Brokers pour un conseil en assurance sur mesure. Nous sommes \u00e0 votre \u00e9coute en Suisse et \u00e0 l\u2019international.\" \/>\n<meta property=\"og:url\" content=\"https:\/\/big-brokers.ch\/fr\/contatti\/\" \/>\n<meta property=\"og:site_name\" content=\"BIG Insurance Brokers\" \/>\n<meta property=\"article:modified_time\" content=\"2026-01-30T09:43:21+00:00\" \/>\n<meta name=\"twitter:card\" content=\"summary_large_image\" \/>\n<meta name=\"twitter:title\" content=\"Contactez-nous - BIG Insurance Brokers\" \/>\n<meta name=\"twitter:description\" content=\"Contactez Big Brokers pour un conseil en assurance sur mesure. Nous sommes \u00e0 votre \u00e9coute en Suisse et \u00e0 l\u2019international.\" \/>\n<meta name=\"twitter:label1\" content=\"Dur\u00e9e de lecture estim\u00e9e\" \/>\n\t<meta name=\"twitter:data1\" content=\"1 minute\" \/>\n<script type=\"application\/ld+json\" class=\"yoast-schema-graph\">{\"@context\":\"https:\/\/schema.org\",\"@graph\":[{\"@type\":\"WebPage\",\"@id\":\"https:\/\/big-brokers.ch\/fr\/contatti\/\",\"url\":\"https:\/\/big-brokers.ch\/fr\/contatti\/\",\"name\":\"Contactez-nous - BIG Insurance Brokers\",\"isPartOf\":{\"@id\":\"https:\/\/big-brokers.ch\/en\/#website\"},\"datePublished\":\"2019-01-17T10:38:25+00:00\",\"dateModified\":\"2026-01-30T09:43:21+00:00\",\"description\":\"Contactez Big Brokers pour un conseil en assurance sur mesure. Nous sommes \u00e0 votre \u00e9coute en Suisse et \u00e0 l\u2019international.\",\"breadcrumb\":{\"@id\":\"https:\/\/big-brokers.ch\/fr\/contatti\/#breadcrumb\"},\"inLanguage\":\"fr-FR\",\"potentialAction\":[{\"@type\":\"ReadAction\",\"target\":[\"https:\/\/big-brokers.ch\/fr\/contatti\/\"]}]},{\"@type\":\"BreadcrumbList\",\"@id\":\"https:\/\/big-brokers.ch\/fr\/contatti\/#breadcrumb\",\"itemListElement\":[{\"@type\":\"ListItem\",\"position\":1,\"name\":\"Home\",\"item\":\"https:\/\/www.big-brokers.ch\/fr\/\"},{\"@type\":\"ListItem\",\"position\":2,\"name\":\"Contactez-nous\"}]},{\"@type\":\"WebSite\",\"@id\":\"https:\/\/big-brokers.ch\/en\/#website\",\"url\":\"https:\/\/big-brokers.ch\/en\/\",\"name\":\"BIG Insurance Brokers\",\"description\":\"we are your international brokers\",\"publisher\":{\"@id\":\"https:\/\/big-brokers.ch\/en\/#organization\"},\"potentialAction\":[{\"@type\":\"SearchAction\",\"target\":{\"@type\":\"EntryPoint\",\"urlTemplate\":\"https:\/\/big-brokers.ch\/en\/?s={search_term_string}\"},\"query-input\":{\"@type\":\"PropertyValueSpecification\",\"valueRequired\":true,\"valueName\":\"search_term_string\"}}],\"inLanguage\":\"fr-FR\"},{\"@type\":\"Organization\",\"@id\":\"https:\/\/big-brokers.ch\/en\/#organization\",\"name\":\"BIG Insurance Brokers\",\"url\":\"https:\/\/big-brokers.ch\/en\/\",\"logo\":{\"@type\":\"ImageObject\",\"inLanguage\":\"fr-FR\",\"@id\":\"https:\/\/big-brokers.ch\/en\/#\/schema\/logo\/image\/\",\"url\":\"https:\/\/big-brokers.ch\/wp-content\/uploads\/2019\/08\/big-insurance-brokers-logo.png\",\"contentUrl\":\"https:\/\/big-brokers.ch\/wp-content\/uploads\/2019\/08\/big-insurance-brokers-logo.png\",\"width\":300,\"height\":143,\"caption\":\"BIG Insurance Brokers\"},\"image\":{\"@id\":\"https:\/\/big-brokers.ch\/en\/#\/schema\/logo\/image\/\"}}]}<\/script>\n<!-- \/ Yoast SEO plugin. -->","yoast_head_json":{"title":"Contactez-nous - BIG Insurance Brokers","description":"Contactez Big Brokers pour un conseil en assurance sur mesure. Nous sommes \u00e0 votre \u00e9coute en Suisse et \u00e0 l\u2019international.","robots":{"index":"index","follow":"follow","max-snippet":"max-snippet:-1","max-image-preview":"max-image-preview:large","max-video-preview":"max-video-preview:-1"},"canonical":"https:\/\/big-brokers.ch\/fr\/contatti\/","og_locale":"fr_FR","og_type":"article","og_title":"Contactez-nous - BIG Insurance Brokers","og_description":"Contactez Big Brokers pour un conseil en assurance sur mesure. Nous sommes \u00e0 votre \u00e9coute en Suisse et \u00e0 l\u2019international.","og_url":"https:\/\/big-brokers.ch\/fr\/contatti\/","og_site_name":"BIG Insurance Brokers","article_modified_time":"2026-01-30T09:43:21+00:00","twitter_card":"summary_large_image","twitter_title":"Contactez-nous - BIG Insurance Brokers","twitter_description":"Contactez Big Brokers pour un conseil en assurance sur mesure. Nous sommes \u00e0 votre \u00e9coute en Suisse et \u00e0 l\u2019international.","twitter_misc":{"Dur\u00e9e de lecture estim\u00e9e":"1 minute"},"schema":{"@context":"https:\/\/schema.org","@graph":[{"@type":"WebPage","@id":"https:\/\/big-brokers.ch\/fr\/contatti\/","url":"https:\/\/big-brokers.ch\/fr\/contatti\/","name":"Contactez-nous - BIG Insurance Brokers","isPartOf":{"@id":"https:\/\/big-brokers.ch\/en\/#website"},"datePublished":"2019-01-17T10:38:25+00:00","dateModified":"2026-01-30T09:43:21+00:00","description":"Contactez Big Brokers pour un conseil en assurance sur mesure. Nous sommes \u00e0 votre \u00e9coute en Suisse et \u00e0 l\u2019international.","breadcrumb":{"@id":"https:\/\/big-brokers.ch\/fr\/contatti\/#breadcrumb"},"inLanguage":"fr-FR","potentialAction":[{"@type":"ReadAction","target":["https:\/\/big-brokers.ch\/fr\/contatti\/"]}]},{"@type":"BreadcrumbList","@id":"https:\/\/big-brokers.ch\/fr\/contatti\/#breadcrumb","itemListElement":[{"@type":"ListItem","position":1,"name":"Home","item":"https:\/\/www.big-brokers.ch\/fr\/"},{"@type":"ListItem","position":2,"name":"Contactez-nous"}]},{"@type":"WebSite","@id":"https:\/\/big-brokers.ch\/en\/#website","url":"https:\/\/big-brokers.ch\/en\/","name":"BIG Insurance Brokers","description":"we are your international brokers","publisher":{"@id":"https:\/\/big-brokers.ch\/en\/#organization"},"potentialAction":[{"@type":"SearchAction","target":{"@type":"EntryPoint","urlTemplate":"https:\/\/big-brokers.ch\/en\/?s={search_term_string}"},"query-input":{"@type":"PropertyValueSpecification","valueRequired":true,"valueName":"search_term_string"}}],"inLanguage":"fr-FR"},{"@type":"Organization","@id":"https:\/\/big-brokers.ch\/en\/#organization","name":"BIG Insurance Brokers","url":"https:\/\/big-brokers.ch\/en\/","logo":{"@type":"ImageObject","inLanguage":"fr-FR","@id":"https:\/\/big-brokers.ch\/en\/#\/schema\/logo\/image\/","url":"https:\/\/big-brokers.ch\/wp-content\/uploads\/2019\/08\/big-insurance-brokers-logo.png","contentUrl":"https:\/\/big-brokers.ch\/wp-content\/uploads\/2019\/08\/big-insurance-brokers-logo.png","width":300,"height":143,"caption":"BIG Insurance Brokers"},"image":{"@id":"https:\/\/big-brokers.ch\/en\/#\/schema\/logo\/image\/"}}]}},"_links":{"self":[{"href":"https:\/\/big-brokers.ch\/fr\/wp-json\/wp\/v2\/pages\/2925","targetHints":{"allow":["GET"]}}],"collection":[{"href":"https:\/\/big-brokers.ch\/fr\/wp-json\/wp\/v2\/pages"}],"about":[{"href":"https:\/\/big-brokers.ch\/fr\/wp-json\/wp\/v2\/types\/page"}],"author":[{"embeddable":true,"href":"https:\/\/big-brokers.ch\/fr\/wp-json\/wp\/v2\/users\/1"}],"replies":[{"embeddable":true,"href":"https:\/\/big-brokers.ch\/fr\/wp-json\/wp\/v2\/comments?post=2925"}],"version-history":[{"count":15,"href":"https:\/\/big-brokers.ch\/fr\/wp-json\/wp\/v2\/pages\/2925\/revisions"}],"predecessor-version":[{"id":8992,"href":"https:\/\/big-brokers.ch\/fr\/wp-json\/wp\/v2\/pages\/2925\/revisions\/8992"}],"wp:attachment":[{"href":"https:\/\/big-brokers.ch\/fr\/wp-json\/wp\/v2\/media?parent=2925"}],"curies":[{"name":"wp","href":"https:\/\/api.w.org\/{rel}","templated":true}]}}