{"id":2894,"date":"2019-03-29T01:15:35","date_gmt":"2019-03-29T00:15:35","guid":{"rendered":"https:\/\/www.big-brokers.ch\/clienti-istituzionali\/"},"modified":"2025-10-22T12:08:44","modified_gmt":"2025-10-22T10:08:44","slug":"clients-institutionnels","status":"publish","type":"page","link":"https:\/\/big-brokers.ch\/fr\/clients-institutionnels\/","title":{"rendered":"Clients institutionnels"},"content":{"rendered":"<div class=\"wpb-content-wrapper\"><p>[vc_row][vc_column] \n    <section class=\"content\">\n  <div class=\"container\">\n    <div class=\"row\">\n      <div class=\"col-12\">\n        <div class=\"section-title\"> <span><\/span>\n          <h2>Clients institutionnels<\/h2>\n          <h6>BIG Insurance Brokers est un partenaire strat\u00e9gique et de confiance des structures institutionnelles. Gr\u00e2ce \u00e0 notre connaissance transversale des march\u00e9s europ\u00e9ens, nous sommes en mesure d\u2019offrir des solutions optimis\u00e9es et adapt\u00e9es aux clients High Net Worth.<\/h6>\n        <\/div>\n        <!-- end section-title -->\n      <\/div>\n      <!-- end col-12 -->\n      <div class=\"col-12\">\n        <p class=\"lead\">Les op\u00e9rateurs du secteur de la banque priv\u00e9e, les conseillers financiers et les family offices, \u00e0 la recherche, pour leurs clients sophistiqu\u00e9s, de solutions d&#039;investissement diff\u00e9renci\u00e9es par leur profil de risque; trouvent dans l&#039;assurance-vie, un produit innovant et extr\u00eamement flexible, pr\u00e9sentant des avantages int\u00e9ressants pour le souscripteur, notamment sur le plan de la planification fiscale et successorale. <\/p><br>\n      <\/div>\n      <!-- end col-12 -->\n      <div class=\"col-lg-6\">\n        \n        <p>Le s\u00e9rieux, l&#039;ind\u00e9pendance, la fiabilit\u00e9, la confidentialit\u00e9 et l&#039;extr\u00eame comp\u00e9tence de BIG Insurance Brokers sont les principales caract\u00e9ristiques que les structures institutionnelles recherchent chez un partenaire strat\u00e9gique de confiance.<\/p>\n      <\/div>\n      <!-- end col-col-6 -->\n      <div class=\"col-lg-6\">\n        <p>Ces qualit\u00e9s sont dans l\u2018ADN de notre identit\u00e9 suisse. Elles sont combin\u00e9es \u00e0 un grand dynamisme international, ce qui nous permet de jouer un r\u00f4le de soutien hautement qualifi\u00e9 dans le conseil en assurance, avec la certitude que nous pouvons offrir une large gamme de produits, en totale conformit\u00e9 avec les exigences r\u00e9glementaires.  <\/p>\n        <br>\n                 <div class=\"progress-infos\"><small><strong><\/strong><\/small> \n         <small class=\"pull-right\"><\/small> <\/div>\n          <!-- end progress-infos -->\n          <div class=\"progress\">\n            <div class=\"progress-bar wow progress-one\" style=\"width:  !important;\"> <\/div>\n            <!-- end progress-bar --> \n          <\/div>\n          <!-- end progress -->\n                      <!-- end progress-bar --> \n          <\/div>\n          <!-- end progress -->\n      <\/div>\n      <!-- end col-6 -->\n    <\/div>\n    <!-- end row -->\n  <\/div>\n  <!-- end container -->\n<\/section>\n[\/vc_column][\/vc_row][vc_row full_width=&#8221;stretch_row_content_no_spaces&#8221; el_class=&#8221;nopadding&#8221;][vc_column] \n    <section class=\"side-image-content\" id=\"counter\">\n  <div class=\"sides bg-image wow fadeIn\" data-background=\"https:\/\/big-brokers.ch\/wp-content\/uploads\/2019\/05\/clienti-istituzionali.png\"> <\/div>\n  <!-- end sides -->\n  <div class=\"sides bg-color wow fadeIn\" data-background=\"#405089\">\n    <div class=\"inner\">\n      <div class=\"section-title light\"> <span>Un contrat d&#039;assurance vie<\/span>\n        <h2>MULTI SUPPORTS<\/h2>\n        <h6>A d\u00e9couvrir avec BIG Insurance Brokers<\/h6>\n      <\/div>\n      <!-- end section-title -->\n      <p>NOUS GARANTISSONS<br \/>\nAucune ing\u00e9rence dans la gestion financi\u00e8re<br \/>\nContr\u00f4le rigoureux du risque interne (AML COMPLIANT)<br \/>\nTransparence totale des co\u00fbts<br \/>\nNous n\u2019acceptons pas de prime de la part des compagnies<\/p>\n<p>Nous sommes membres STEP<\/p>\n      <img decoding=\"async\" src=\"https:\/\/big-brokers.ch\/wp-content\/uploads\/2019\/03\/image-15.png\" alt=\"Image\"> <\/div>\n    <!-- end inner --> \n  <\/div>\n  <!-- end sides --> \n<\/section>\n[\/vc_column][\/vc_row][vc_row full_width=&#8221;stretch_row_content_no_spaces&#8221; content_placement=&#8221;middle&#8221;][vc_column] \n    <section class=\"image-content-box\">\n  <div class=\"container\">\n    <div class=\"row\">\n      <div class=\"col-12 wow fadeIn\">\n        <div class=\"section-title\"> <span><\/span>\n          <h2>Si le sujet vous int\u00e9resse, contactez-nous<\/h2>\n          <h6>Informations personnalis\u00e9es et conseils dans le monde entier.<\/h6>\n        <\/div>\n        <!-- end section-title --> \n      <\/div>\n      <!-- end col-12 -->\n      <div class=\"col-12\">\n              <div class=\"content-box wow fadeIn\">\n          <figure><img decoding=\"async\" src=\"https:\/\/big-brokers.ch\/wp-content\/uploads\/2019\/03\/image-8.png\" alt=\"Image\"><\/figure>\n          <h4>Italie<\/h4>\n          <p><\/p>\n                <a href=\"https:\/\/www.big-brokers.ch\/fr\/italie\/\"><img decoding=\"async\" src=\"https:\/\/big-brokers.ch\/wp-content\/themes\/uoncorp\/images\/icon-right-arrow.svg\" alt=\"Image\"><\/a>\n              <\/div>\n        <!-- end content-box -->\n                <div class=\"content-box wow fadeIn\">\n          <figure><img decoding=\"async\" src=\"https:\/\/big-brokers.ch\/wp-content\/uploads\/2019\/03\/Cartina_svizzera_.jpg\" alt=\"Image\"><\/figure>\n          <h4>Suisse<\/h4>\n          <p><\/p>\n                <a href=\"https:\/\/www.big-brokers.ch\/fr\/suisse\/\"><img decoding=\"async\" src=\"https:\/\/big-brokers.ch\/wp-content\/themes\/uoncorp\/images\/icon-right-arrow.svg\" alt=\"Image\"><\/a>\n              <\/div>\n        <!-- end content-box -->\n                <div class=\"content-box wow fadeIn\">\n          <figure><img decoding=\"async\" src=\"https:\/\/big-brokers.ch\/wp-content\/uploads\/2019\/03\/france-header.jpg\" alt=\"Image\"><\/figure>\n          <h4>France<br> et Monaco<\/h4>\n          <p><\/p>\n                <a href=\"https:\/\/big-brokers.ch\/fr\/france-monaco\/\"><img decoding=\"async\" src=\"https:\/\/big-brokers.ch\/wp-content\/themes\/uoncorp\/images\/icon-right-arrow.svg\" alt=\"Image\"><\/a>\n              <\/div>\n        <!-- end content-box -->\n                <div class=\"content-box wow fadeIn\">\n          <figure><img decoding=\"async\" src=\"https:\/\/big-brokers.ch\/wp-content\/uploads\/2019\/03\/uk-header.jpg\" alt=\"Image\"><\/figure>\n          <h4>Royaume-uni<\/h4>\n          <p><\/p>\n                <a href=\"https:\/\/www.big-brokers.ch\/fr\/royaume-uni\/\"><img decoding=\"async\" src=\"https:\/\/big-brokers.ch\/wp-content\/themes\/uoncorp\/images\/icon-right-arrow.svg\" alt=\"Image\"><\/a>\n              <\/div>\n        <!-- end content-box -->\n                <div class=\"content-box wow fadeIn\">\n          <figure><img decoding=\"async\" src=\"https:\/\/big-brokers.ch\/wp-content\/uploads\/2019\/03\/greece-header.jpg\" alt=\"Image\"><\/figure>\n          <h4>Gr\u00e8ce et <\/br>le Moyen-Orient<\/h4>\n          <p><\/p>\n                <a href=\"https:\/\/www.big-brokers.ch\/fr\/grece-et-moyen-orient\/\"><img decoding=\"async\" src=\"https:\/\/big-brokers.ch\/wp-content\/themes\/uoncorp\/images\/icon-right-arrow.svg\" alt=\"Image\"><\/a>\n              <\/div>\n        <!-- end content-box -->\n                <div class=\"content-box wow fadeIn\">\n          <figure><img decoding=\"async\" src=\"https:\/\/big-brokers.ch\/wp-content\/uploads\/2019\/03\/latam-header.jpg\" alt=\"Image\"><\/figure>\n          <h4>Espagne et Am\u00e9rique latine<\/h4>\n          <p><\/p>\n                <a href=\"https:\/\/www.big-brokers.ch\/fr\/espagne-et-amerique-latine\/\"><img decoding=\"async\" src=\"https:\/\/big-brokers.ch\/wp-content\/themes\/uoncorp\/images\/icon-right-arrow.svg\" alt=\"Image\"><\/a>\n              <\/div>\n        <!-- end content-box -->\n                <!-- end content-box --> \n      <\/div>\n      <!-- end col-12 --> \n    <\/div>\n    <!-- end row --> \n  <\/div>\n  <!-- end container --> \n<\/section>\n[\/vc_column][\/vc_row]<\/p>\n<\/div>","protected":false},"excerpt":{"rendered":"<p>[vc_row][vc_column][\/vc_column][\/vc_row][vc_row full_width=&#8221;stretch_row_content_no_spaces&#8221; el_class=&#8221;nopadding&#8221;][vc_column][\/vc_column][\/vc_row][vc_row full_width=&#8221;stretch_row_content_no_spaces&#8221; content_placement=&#8221;middle&#8221;][vc_column][\/vc_column][\/vc_row]<\/p>\n","protected":false},"author":3,"featured_media":0,"parent":0,"menu_order":0,"comment_status":"closed","ping_status":"closed","template":"page-templates\/other-page.php","meta":{"footnotes":""},"class_list":["post-2894","page","type-page","status-publish","hentry"],"yoast_head":"<!-- This site is optimized with the Yoast SEO plugin v25.3.1 - https:\/\/yoast.com\/wordpress\/plugins\/seo\/ -->\n<title>Clients institutionnels - BIG Insurance Brokers<\/title>\n<meta name=\"description\" content=\"Assurance et gestion des risques pour clients institutionnels. Big Brokers, votre partenaire strat\u00e9gique dans le secteur corporate.\" \/>\n<meta name=\"robots\" content=\"index, follow, max-snippet:-1, max-image-preview:large, max-video-preview:-1\" \/>\n<link rel=\"canonical\" href=\"https:\/\/big-brokers.ch\/fr\/clients-institutionnels\/\" \/>\n<meta property=\"og:locale\" content=\"fr_FR\" \/>\n<meta property=\"og:type\" content=\"article\" \/>\n<meta property=\"og:title\" content=\"Clients institutionnels - BIG Insurance Brokers\" \/>\n<meta property=\"og:description\" content=\"Assurance et gestion des risques pour clients institutionnels. Big Brokers, votre partenaire strat\u00e9gique dans le secteur corporate.\" \/>\n<meta property=\"og:url\" content=\"https:\/\/big-brokers.ch\/fr\/clients-institutionnels\/\" \/>\n<meta property=\"og:site_name\" content=\"BIG Insurance Brokers\" \/>\n<meta property=\"article:modified_time\" content=\"2025-10-22T10:08:44+00:00\" \/>\n<meta name=\"twitter:card\" content=\"summary_large_image\" \/>\n<meta name=\"twitter:title\" content=\"Clients institutionnels - BIG Insurance Brokers\" \/>\n<meta name=\"twitter:description\" content=\"Assurance et gestion des risques pour clients institutionnels. Big Brokers, votre partenaire strat\u00e9gique dans le secteur corporate.\" \/>\n<meta name=\"twitter:label1\" content=\"Dur\u00e9e de lecture estim\u00e9e\" \/>\n\t<meta name=\"twitter:data1\" content=\"2 minutes\" \/>\n<script type=\"application\/ld+json\" class=\"yoast-schema-graph\">{\"@context\":\"https:\/\/schema.org\",\"@graph\":[{\"@type\":\"WebPage\",\"@id\":\"https:\/\/big-brokers.ch\/fr\/clients-institutionnels\/\",\"url\":\"https:\/\/big-brokers.ch\/fr\/clients-institutionnels\/\",\"name\":\"Clients institutionnels - BIG Insurance Brokers\",\"isPartOf\":{\"@id\":\"https:\/\/www.big-brokers.ch\/en\/#website\"},\"datePublished\":\"2019-03-29T00:15:35+00:00\",\"dateModified\":\"2025-10-22T10:08:44+00:00\",\"description\":\"Assurance et gestion des risques pour clients institutionnels. Big Brokers, votre partenaire strat\u00e9gique dans le secteur corporate.\",\"breadcrumb\":{\"@id\":\"https:\/\/big-brokers.ch\/fr\/clients-institutionnels\/#breadcrumb\"},\"inLanguage\":\"fr-FR\",\"potentialAction\":[{\"@type\":\"ReadAction\",\"target\":[\"https:\/\/big-brokers.ch\/fr\/clients-institutionnels\/\"]}]},{\"@type\":\"BreadcrumbList\",\"@id\":\"https:\/\/big-brokers.ch\/fr\/clients-institutionnels\/#breadcrumb\",\"itemListElement\":[{\"@type\":\"ListItem\",\"position\":1,\"name\":\"Home\",\"item\":\"https:\/\/www.big-brokers.ch\/fr\/\"},{\"@type\":\"ListItem\",\"position\":2,\"name\":\"Clients institutionnels\"}]},{\"@type\":\"WebSite\",\"@id\":\"https:\/\/www.big-brokers.ch\/en\/#website\",\"url\":\"https:\/\/www.big-brokers.ch\/en\/\",\"name\":\"BIG Insurance Brokers\",\"description\":\"we are your international brokers\",\"publisher\":{\"@id\":\"https:\/\/www.big-brokers.ch\/en\/#organization\"},\"potentialAction\":[{\"@type\":\"SearchAction\",\"target\":{\"@type\":\"EntryPoint\",\"urlTemplate\":\"https:\/\/www.big-brokers.ch\/en\/?s={search_term_string}\"},\"query-input\":{\"@type\":\"PropertyValueSpecification\",\"valueRequired\":true,\"valueName\":\"search_term_string\"}}],\"inLanguage\":\"fr-FR\"},{\"@type\":\"Organization\",\"@id\":\"https:\/\/www.big-brokers.ch\/en\/#organization\",\"name\":\"BIG Insurance Brokers\",\"url\":\"https:\/\/www.big-brokers.ch\/en\/\",\"logo\":{\"@type\":\"ImageObject\",\"inLanguage\":\"fr-FR\",\"@id\":\"https:\/\/www.big-brokers.ch\/en\/#\/schema\/logo\/image\/\",\"url\":\"https:\/\/big-brokers.ch\/wp-content\/uploads\/2019\/08\/big-insurance-brokers-logo.png\",\"contentUrl\":\"https:\/\/big-brokers.ch\/wp-content\/uploads\/2019\/08\/big-insurance-brokers-logo.png\",\"width\":300,\"height\":143,\"caption\":\"BIG Insurance Brokers\"},\"image\":{\"@id\":\"https:\/\/www.big-brokers.ch\/en\/#\/schema\/logo\/image\/\"}}]}<\/script>\n<!-- \/ Yoast SEO plugin. -->","yoast_head_json":{"title":"Clients institutionnels - BIG Insurance Brokers","description":"Assurance et gestion des risques pour clients institutionnels. Big Brokers, votre partenaire strat\u00e9gique dans le secteur corporate.","robots":{"index":"index","follow":"follow","max-snippet":"max-snippet:-1","max-image-preview":"max-image-preview:large","max-video-preview":"max-video-preview:-1"},"canonical":"https:\/\/big-brokers.ch\/fr\/clients-institutionnels\/","og_locale":"fr_FR","og_type":"article","og_title":"Clients institutionnels - BIG Insurance Brokers","og_description":"Assurance et gestion des risques pour clients institutionnels. Big Brokers, votre partenaire strat\u00e9gique dans le secteur corporate.","og_url":"https:\/\/big-brokers.ch\/fr\/clients-institutionnels\/","og_site_name":"BIG Insurance Brokers","article_modified_time":"2025-10-22T10:08:44+00:00","twitter_card":"summary_large_image","twitter_title":"Clients institutionnels - BIG Insurance Brokers","twitter_description":"Assurance et gestion des risques pour clients institutionnels. Big Brokers, votre partenaire strat\u00e9gique dans le secteur corporate.","twitter_misc":{"Dur\u00e9e de lecture estim\u00e9e":"2 minutes"},"schema":{"@context":"https:\/\/schema.org","@graph":[{"@type":"WebPage","@id":"https:\/\/big-brokers.ch\/fr\/clients-institutionnels\/","url":"https:\/\/big-brokers.ch\/fr\/clients-institutionnels\/","name":"Clients institutionnels - BIG Insurance Brokers","isPartOf":{"@id":"https:\/\/www.big-brokers.ch\/en\/#website"},"datePublished":"2019-03-29T00:15:35+00:00","dateModified":"2025-10-22T10:08:44+00:00","description":"Assurance et gestion des risques pour clients institutionnels. Big Brokers, votre partenaire strat\u00e9gique dans le secteur corporate.","breadcrumb":{"@id":"https:\/\/big-brokers.ch\/fr\/clients-institutionnels\/#breadcrumb"},"inLanguage":"fr-FR","potentialAction":[{"@type":"ReadAction","target":["https:\/\/big-brokers.ch\/fr\/clients-institutionnels\/"]}]},{"@type":"BreadcrumbList","@id":"https:\/\/big-brokers.ch\/fr\/clients-institutionnels\/#breadcrumb","itemListElement":[{"@type":"ListItem","position":1,"name":"Home","item":"https:\/\/www.big-brokers.ch\/fr\/"},{"@type":"ListItem","position":2,"name":"Clients institutionnels"}]},{"@type":"WebSite","@id":"https:\/\/www.big-brokers.ch\/en\/#website","url":"https:\/\/www.big-brokers.ch\/en\/","name":"BIG Insurance Brokers","description":"we are your international brokers","publisher":{"@id":"https:\/\/www.big-brokers.ch\/en\/#organization"},"potentialAction":[{"@type":"SearchAction","target":{"@type":"EntryPoint","urlTemplate":"https:\/\/www.big-brokers.ch\/en\/?s={search_term_string}"},"query-input":{"@type":"PropertyValueSpecification","valueRequired":true,"valueName":"search_term_string"}}],"inLanguage":"fr-FR"},{"@type":"Organization","@id":"https:\/\/www.big-brokers.ch\/en\/#organization","name":"BIG Insurance Brokers","url":"https:\/\/www.big-brokers.ch\/en\/","logo":{"@type":"ImageObject","inLanguage":"fr-FR","@id":"https:\/\/www.big-brokers.ch\/en\/#\/schema\/logo\/image\/","url":"https:\/\/big-brokers.ch\/wp-content\/uploads\/2019\/08\/big-insurance-brokers-logo.png","contentUrl":"https:\/\/big-brokers.ch\/wp-content\/uploads\/2019\/08\/big-insurance-brokers-logo.png","width":300,"height":143,"caption":"BIG Insurance Brokers"},"image":{"@id":"https:\/\/www.big-brokers.ch\/en\/#\/schema\/logo\/image\/"}}]}},"_links":{"self":[{"href":"https:\/\/big-brokers.ch\/fr\/wp-json\/wp\/v2\/pages\/2894","targetHints":{"allow":["GET"]}}],"collection":[{"href":"https:\/\/big-brokers.ch\/fr\/wp-json\/wp\/v2\/pages"}],"about":[{"href":"https:\/\/big-brokers.ch\/fr\/wp-json\/wp\/v2\/types\/page"}],"author":[{"embeddable":true,"href":"https:\/\/big-brokers.ch\/fr\/wp-json\/wp\/v2\/users\/3"}],"replies":[{"embeddable":true,"href":"https:\/\/big-brokers.ch\/fr\/wp-json\/wp\/v2\/comments?post=2894"}],"version-history":[{"count":15,"href":"https:\/\/big-brokers.ch\/fr\/wp-json\/wp\/v2\/pages\/2894\/revisions"}],"predecessor-version":[{"id":7165,"href":"https:\/\/big-brokers.ch\/fr\/wp-json\/wp\/v2\/pages\/2894\/revisions\/7165"}],"wp:attachment":[{"href":"https:\/\/big-brokers.ch\/fr\/wp-json\/wp\/v2\/media?parent=2894"}],"curies":[{"name":"wp","href":"https:\/\/api.w.org\/{rel}","templated":true}]}}