{"id":2867,"date":"2019-03-28T19:37:01","date_gmt":"2019-03-28T18:37:01","guid":{"rendered":"https:\/\/www.big-brokers.ch\/area-svizzera\/"},"modified":"2025-10-22T15:25:36","modified_gmt":"2025-10-22T13:25:36","slug":"suisse","status":"publish","type":"page","link":"https:\/\/big-brokers.ch\/fr\/suisse\/","title":{"rendered":"Suisse"},"content":{"rendered":"<div class=\"wpb-content-wrapper\"><p>[vc_row type_row=&#8221;contact&#8221;][vc_column width=&#8221;5\/12&#8243; wap_class=&#8221;wow fadeIn&#8221;] \n    <section class=\"image-content-box\">\n  <div class=\"container\">\n    <div class=\"row\">\n      <div class=\"col-12 wow fadeIn\">\n        <div class=\"section-title\"> <span>Network<\/span>\n          <h2>Suisse<\/h2>\n          <h6>Nous croyons en notre croissance et \u00e0 l\u2019\u00e9largissement de notre pr\u00e9sence internationale, gr\u00e2ce \u00e0 notre r\u00e9seau \u00e9tendu dans les principales places financi\u00e8res. L\u2019\u00e9quipe de BIG Insurance Brokers, est compos\u00e9e de professionnels au background tr\u00e8s compl\u00e9mentaire, permettant de satisfaire les exigences de planification de nos clients, peu importe o\u00f9 ils se trouvent.<\/h6>\n        <\/div>\n        <!-- end section-title --> \n      <\/div>\n      <!-- end col-12 -->\n      <div class=\"col-12\">\n              <div class=\"content-box wow fadeIn\">\n          <figure><img decoding=\"async\" src=\"https:\/\/big-brokers.ch\/wp-content\/uploads\/2019\/03\/Cartina_svizzera_.jpg\" alt=\"Image\"><\/figure>\n          <h4> Notre bureau<\/h4>\n          <p>Corso Elvezia, 10 CH-6901 Lugano Switzerland <\/br>Quai du Seujet, 28 | 1201 Gen\u00e8ve<\/p>\n                  <\/div>\n        <!-- end content-box -->\n                <!-- end content-box --> \n      <\/div>\n      <!-- end col-12 --> \n    <\/div>\n    <!-- end row --> \n  <\/div>\n  <!-- end container --> \n<\/section>\n[vc_row_inner el_class=&#8221;row&#8221; el_id=&#8221;nopadding&#8221;][vc_column_inner width=&#8221;1\/2&#8243;][vc_custom_heading text=&#8221;Suisse&#8221; font_container=&#8221;tag:h4|text_align:left|color:%238ab3db&#8221;][vc_column_text]Finma Reg. n\u00b0 F01101319[\/vc_column_text][vc_single_image image=&#8221;616&#8243; img_size=&#8221;medium&#8221;][\/vc_column_inner][vc_column_inner width=&#8221;1\/2&#8243;][\/vc_column_inner][\/vc_row_inner][\/vc_column][vc_column width=&#8221;7\/12&#8243;][vc_separator color=&#8221;white&#8221; css=&#8221;.vc_custom_1553788527480{padding-top: 100px !important;}&#8221;][vc_custom_heading text=&#8221;Les avantages de l&#8217;assurance vie priv\u00e9e pour les clients suisses&#8221; font_container=&#8221;tag:h4|text_align:left|color:%23405089&#8243; css=&#8221;.vc_custom_1557790160921{padding-bottom: 10px !important;}&#8221;][vc_column_text]Confidentialit\u00e9 maximale<br \/>\nPlanification successorale facilit\u00e9e et confidentielle<br \/>\nProtection du patrimoine<br \/>\nFlexibilit\u00e9 d\u2019investissement<br \/>\nAvantages fiscaux[\/vc_column_text][vc_text_separator title=&#8221;Vos contacts pour le march\u00e9 Suisse&#8221; color=&#8221;black&#8221; css=&#8221;.vc_custom_1557790192280{padding-bottom: -100px !important;}&#8221;][vc_row_inner el_class=&#8221;row&#8221; css=&#8221;.vc_custom_1556493335412{padding-right: 5% !important;padding-left: 5% !important;}&#8221;][vc_column_inner width=&#8221;1\/2&#8243;][vc_single_image image=&#8221;5117&#8243; img_size=&#8221;&#8221; css=&#8221;&#8221; el_class=&#8221;img-team&#8221;][vc_custom_heading text=&#8221;Andrea Bazzani&#8221; font_container=&#8221;tag:h4|text_align:left|color:%238ab3db&#8221;][vc_column_text]+41 79 948 19 22<br \/>\n<a href=\"mailto:ab@big-brokers.ch\" target=\"_blank\" rel=\"noopener noreferrer\">ab@big-brokers.ch<\/a>[\/vc_column_text][\/vc_column_inner][vc_column_inner width=&#8221;1\/2&#8243;][vc_single_image image=&#8221;5142&#8243; img_size=&#8221;full&#8221; css=&#8221;&#8221; el_class=&#8221;img-team&#8221;][vc_custom_heading text=&#8221;Giuseppe Casalinuovo&#8221; font_container=&#8221;tag:h4|text_align:left|color:%238ab3db&#8221;][vc_column_text]+41 91 228 03 61<br \/>\n+41 79 337 25 71<br \/>\n<a href=\"mailto:gca@big-brokers.ch\" target=\"_blank\" rel=\"noopener noreferrer\">gca@big-brokers.ch<\/a>[\/vc_column_text][\/vc_column_inner][\/vc_row_inner][vc_row_inner el_class=&#8221;row&#8221; css=&#8221;.vc_custom_1556493335412{padding-right: 5% !important;padding-left: 5% !important;}&#8221;][vc_column_inner width=&#8221;1\/2&#8243;][vc_single_image image=&#8221;5123&#8243; img_size=&#8221;&#8221; css=&#8221;&#8221; el_class=&#8221;img-team&#8221;][vc_custom_heading text=&#8221;Massimo Frassanito&#8221; font_container=&#8221;tag:h4|text_align:left|color:%238ab3db&#8221;][vc_column_text]+41 91 2280361<br \/>\n+41 78 2142166<br \/>\n<a href=\"mailto:mf@big-brokers.ch\" target=\"_blank\" rel=\"noopener noreferrer\">mf@big-brokers.ch<\/a>[\/vc_column_text][\/vc_column_inner][vc_column_inner width=&#8221;1\/2&#8243;][\/vc_column_inner][\/vc_row_inner][vc_row_inner disable_element=&#8221;yes&#8221; el_class=&#8221;row&#8221; css=&#8221;.vc_custom_1761139531591{padding-right: 5% !important;padding-left: 5% !important;}&#8221;][vc_column_inner width=&#8221;1\/2&#8243;][vc_single_image image=&#8221;5123&#8243; img_size=&#8221;&#8221; css=&#8221;&#8221; el_class=&#8221;img-team&#8221;][vc_custom_heading text=&#8221;Massimo Frassanito&#8221; font_container=&#8221;tag:h4|text_align:left|color:%238ab3db&#8221;][vc_column_text]+41 91 2280361<br \/>\n+41 78 2142166<br \/>\n<a href=\"mailto:mf@big-brokers.ch\" target=\"_blank\" rel=\"noopener noreferrer\">mf@big-brokers.ch<\/a>[\/vc_column_text][\/vc_column_inner][vc_column_inner width=&#8221;1\/2&#8243;][vc_single_image img_size=&#8221;&#8221; css=&#8221;&#8221; el_class=&#8221;img-team&#8221;][vc_custom_heading text=&#8221;Stefano Basseghini&#8221; font_container=&#8221;tag:h4|text_align:left|color:%238ab3db&#8221; css=&#8221;&#8221;][vc_column_text css=&#8221;&#8221;]+41 91 22803611<br \/>\n+41 79 227 65 34<br \/>\n<a href=\"mailto:sb@big-brokers.ch\" target=\"_blank\" rel=\"noopener noreferrer\">sb@big-brokers.ch<\/a>[\/vc_column_text][\/vc_column_inner][\/vc_row_inner][vc_separator css=&#8221;.vc_custom_1553797408262{padding-top: 10px !important;}&#8221;][vc_custom_heading text=&#8221;Contactez-nous&#8221; font_container=&#8221;tag:h4|text_align:left|color:%238ab3db&#8221;]\n<div class=\"wpcf7 no-js\" id=\"wpcf7-f4207-o1\" lang=\"fr-FR\" dir=\"ltr\" data-wpcf7-id=\"4207\">\n<div class=\"screen-reader-response\"><p role=\"status\" aria-live=\"polite\" aria-atomic=\"true\"><\/p> <ul><\/ul><\/div>\n<form action=\"\/fr\/wp-json\/wp\/v2\/pages\/2867#wpcf7-f4207-o1\" method=\"post\" class=\"wpcf7-form init\" aria-label=\"Formulaire de contact\" novalidate=\"novalidate\" data-status=\"init\">\n<div style=\"display: none;\">\n<input type=\"hidden\" name=\"_wpcf7\" value=\"4207\" \/>\n<input type=\"hidden\" name=\"_wpcf7_version\" value=\"6.0.4\" \/>\n<input type=\"hidden\" name=\"_wpcf7_locale\" value=\"fr_FR\" \/>\n<input type=\"hidden\" name=\"_wpcf7_unit_tag\" value=\"wpcf7-f4207-o1\" \/>\n<input type=\"hidden\" name=\"_wpcf7_container_post\" value=\"0\" \/>\n<input type=\"hidden\" name=\"_wpcf7_posted_data_hash\" value=\"\" \/>\n<input type=\"hidden\" name=\"_wpcf7_recaptcha_response\" value=\"\" \/>\n<\/div>\n<p><label> Votre nom (obligatoire)<br \/>\n<span class=\"wpcf7-form-control-wrap\" data-name=\"your-name\"><input size=\"40\" maxlength=\"400\" class=\"wpcf7-form-control wpcf7-text wpcf7-validates-as-required\" aria-required=\"true\" aria-invalid=\"false\" value=\"\" type=\"text\" name=\"your-name\" \/><\/span> <\/label>\n<\/p>\n<p><label> Votre email (obligatoire)<br \/>\n<span class=\"wpcf7-form-control-wrap\" data-name=\"your-email\"><input size=\"40\" maxlength=\"400\" class=\"wpcf7-form-control wpcf7-email wpcf7-validates-as-required wpcf7-text wpcf7-validates-as-email\" aria-required=\"true\" aria-invalid=\"false\" value=\"\" type=\"email\" name=\"your-email\" \/><\/span> <\/label>\n<\/p>\n<p><label> Votre message<br \/>\n<span class=\"wpcf7-form-control-wrap\" data-name=\"your-message\"><textarea cols=\"40\" rows=\"10\" maxlength=\"2000\" class=\"wpcf7-form-control wpcf7-textarea\" aria-invalid=\"false\" name=\"your-message\"><\/textarea><\/span> <\/label><br \/>\n<span class=\"wpcf7-form-control-wrap\" data-name=\"generic\"><span class=\"wpcf7-form-control wpcf7-acceptance\"><span class=\"wpcf7-list-item\"><label><input type=\"checkbox\" name=\"generic\" value=\"1\" aria-invalid=\"false\" \/><span class=\"wpcf7-list-item-label\">J'accepte le traitement de mes donn\u00e9es personnelles pour recevoir une r\u00e9ponse \u00e0 cette demande de contact<\/span><\/label><\/span><\/span><\/span><br \/>\n<span class=\"wpcf7-form-control-wrap\" data-name=\"newsletter\"><span class=\"wpcf7-form-control wpcf7-acceptance optional\"><span class=\"wpcf7-list-item\"><label><input type=\"checkbox\" name=\"newsletter\" value=\"1\" aria-invalid=\"false\" \/><span class=\"wpcf7-list-item-label\">Je souhaite recevoir des offres sp\u00e9ciales et \u00eatre inform\u00e9 des promotions et nouveaut\u00e9s (optionnel)<\/span><\/label><\/span><\/span><\/span><br \/>\n<input class=\"wpcf7-form-control wpcf7-submit has-spinner\" type=\"submit\" value=\"Envoyer\" \/>\n<\/p>\n<p>Apr\u00e8s avoir lu la <a href=\"\/fr\/privacy-policy\/\">politique de confidentialit\u00e9<\/a>, j'autorise ce site \u00e0 envoyer des communications informatives et promotionnelles par e-mail, y compris la newsletter, faisant r\u00e9f\u00e9rence \u00e0 ses produits et\/ou services propres et\/ou tiers.\n<\/p><div class=\"wpcf7-response-output\" aria-hidden=\"true\"><\/div>\n<\/form>\n<\/div>\n[\/vc_column][\/vc_row][vc_row][vc_column][\/vc_column][\/vc_row]<\/p>\n<\/div>","protected":false},"excerpt":{"rendered":"<p>[vc_row type_row=&#8221;contact&#8221;][vc_column width=&#8221;5\/12&#8243; wap_class=&#8221;wow fadeIn&#8221;][vc_row_inner el_class=&#8221;row&#8221; el_id=&#8221;nopadding&#8221;][vc_column_inner width=&#8221;1\/2&#8243;][vc_custom_heading text=&#8221;Suisse&#8221; font_container=&#8221;tag:h4|text_align:left|color:%238ab3db&#8221;][vc_column_text]Finma Reg. n\u00b0 F01101319[\/vc_column_text][vc_single_image image=&#8221;616&#8243; img_size=&#8221;medium&#8221;][\/vc_column_inner][vc_column_inner width=&#8221;1\/2&#8243;][\/vc_column_inner][\/vc_row_inner][\/vc_column][vc_column width=&#8221;7\/12&#8243;][vc_separator color=&#8221;white&#8221; css=&#8221;.vc_custom_1553788527480{padding-top: 100px !important;}&#8221;][vc_custom_heading text=&#8221;Les avantages de l&#8217;assurance vie priv\u00e9e pour les clients suisses&#8221; font_container=&#8221;tag:h4|text_align:left|color:%23405089&#8243; css=&#8221;.vc_custom_1557790160921{padding-bottom: 10px !important;}&#8221;][vc_column_text]Confidentialit\u00e9 maximale Planification successorale facilit\u00e9e et confidentielle Protection du patrimoine Flexibilit\u00e9 d\u2019investissement Avantages fiscaux[\/vc_column_text][vc_text_separator title=&#8221;Vos contacts pour le march\u00e9 Suisse&#8221; color=&#8221;black&#8221; [&hellip;]<\/p>\n","protected":false},"author":3,"featured_media":0,"parent":0,"menu_order":0,"comment_status":"closed","ping_status":"closed","template":"page-templates\/other-page.php","meta":{"footnotes":""},"class_list":["post-2867","page","type-page","status-publish","hentry"],"yoast_head":"<!-- This site is optimized with the Yoast SEO plugin v25.3.1 - https:\/\/yoast.com\/wordpress\/plugins\/seo\/ -->\n<title>Suisse - BIG Insurance Brokers<\/title>\n<meta name=\"description\" content=\"Des solutions d\u2019assurance et financi\u00e8res sur mesure pour particuliers et entreprises en Suisse. Faites confiance \u00e0 Big Brokers Suisse.\" \/>\n<meta name=\"robots\" content=\"index, follow, max-snippet:-1, max-image-preview:large, max-video-preview:-1\" \/>\n<link rel=\"canonical\" href=\"https:\/\/www.big-brokers.ch\/fr\/suisse\/\" \/>\n<meta property=\"og:locale\" content=\"fr_FR\" \/>\n<meta property=\"og:type\" content=\"article\" \/>\n<meta property=\"og:title\" content=\"Suisse - BIG Insurance Brokers\" \/>\n<meta property=\"og:description\" content=\"Des solutions d\u2019assurance et financi\u00e8res sur mesure pour particuliers et entreprises en Suisse. Faites confiance \u00e0 Big Brokers Suisse.\" \/>\n<meta property=\"og:url\" content=\"https:\/\/www.big-brokers.ch\/fr\/suisse\/\" \/>\n<meta property=\"og:site_name\" content=\"BIG Insurance Brokers\" \/>\n<meta property=\"article:modified_time\" content=\"2025-10-22T13:25:36+00:00\" \/>\n<meta name=\"twitter:card\" content=\"summary_large_image\" \/>\n<meta name=\"twitter:title\" content=\"Suisse - BIG Insurance Brokers\" \/>\n<meta name=\"twitter:description\" content=\"Des solutions d\u2019assurance et financi\u00e8res sur mesure pour particuliers et entreprises en Suisse. Faites confiance \u00e0 Big Brokers Suisse.\" \/>\n<meta name=\"twitter:label1\" content=\"Dur\u00e9e de lecture estim\u00e9e\" \/>\n\t<meta name=\"twitter:data1\" content=\"3 minutes\" \/>\n<script type=\"application\/ld+json\" class=\"yoast-schema-graph\">{\"@context\":\"https:\/\/schema.org\",\"@graph\":[{\"@type\":\"WebPage\",\"@id\":\"https:\/\/www.big-brokers.ch\/fr\/suisse\/\",\"url\":\"https:\/\/www.big-brokers.ch\/fr\/suisse\/\",\"name\":\"Suisse - BIG Insurance Brokers\",\"isPartOf\":{\"@id\":\"https:\/\/big-brokers.ch\/en\/#website\"},\"datePublished\":\"2019-03-28T18:37:01+00:00\",\"dateModified\":\"2025-10-22T13:25:36+00:00\",\"description\":\"Des solutions d\u2019assurance et financi\u00e8res sur mesure pour particuliers et entreprises en Suisse. Faites confiance \u00e0 Big Brokers Suisse.\",\"breadcrumb\":{\"@id\":\"https:\/\/www.big-brokers.ch\/fr\/suisse\/#breadcrumb\"},\"inLanguage\":\"fr-FR\",\"potentialAction\":[{\"@type\":\"ReadAction\",\"target\":[\"https:\/\/www.big-brokers.ch\/fr\/suisse\/\"]}]},{\"@type\":\"BreadcrumbList\",\"@id\":\"https:\/\/www.big-brokers.ch\/fr\/suisse\/#breadcrumb\",\"itemListElement\":[{\"@type\":\"ListItem\",\"position\":1,\"name\":\"Home\",\"item\":\"https:\/\/www.big-brokers.ch\/fr\/\"},{\"@type\":\"ListItem\",\"position\":2,\"name\":\"Suisse\"}]},{\"@type\":\"WebSite\",\"@id\":\"https:\/\/big-brokers.ch\/en\/#website\",\"url\":\"https:\/\/big-brokers.ch\/en\/\",\"name\":\"BIG Insurance Brokers\",\"description\":\"we are your international brokers\",\"publisher\":{\"@id\":\"https:\/\/big-brokers.ch\/en\/#organization\"},\"potentialAction\":[{\"@type\":\"SearchAction\",\"target\":{\"@type\":\"EntryPoint\",\"urlTemplate\":\"https:\/\/big-brokers.ch\/en\/?s={search_term_string}\"},\"query-input\":{\"@type\":\"PropertyValueSpecification\",\"valueRequired\":true,\"valueName\":\"search_term_string\"}}],\"inLanguage\":\"fr-FR\"},{\"@type\":\"Organization\",\"@id\":\"https:\/\/big-brokers.ch\/en\/#organization\",\"name\":\"BIG Insurance Brokers\",\"url\":\"https:\/\/big-brokers.ch\/en\/\",\"logo\":{\"@type\":\"ImageObject\",\"inLanguage\":\"fr-FR\",\"@id\":\"https:\/\/big-brokers.ch\/en\/#\/schema\/logo\/image\/\",\"url\":\"https:\/\/big-brokers.ch\/wp-content\/uploads\/2019\/08\/big-insurance-brokers-logo.png\",\"contentUrl\":\"https:\/\/big-brokers.ch\/wp-content\/uploads\/2019\/08\/big-insurance-brokers-logo.png\",\"width\":300,\"height\":143,\"caption\":\"BIG Insurance Brokers\"},\"image\":{\"@id\":\"https:\/\/big-brokers.ch\/en\/#\/schema\/logo\/image\/\"}}]}<\/script>\n<!-- \/ Yoast SEO plugin. -->","yoast_head_json":{"title":"Suisse - BIG Insurance Brokers","description":"Des solutions d\u2019assurance et financi\u00e8res sur mesure pour particuliers et entreprises en Suisse. Faites confiance \u00e0 Big Brokers Suisse.","robots":{"index":"index","follow":"follow","max-snippet":"max-snippet:-1","max-image-preview":"max-image-preview:large","max-video-preview":"max-video-preview:-1"},"canonical":"https:\/\/www.big-brokers.ch\/fr\/suisse\/","og_locale":"fr_FR","og_type":"article","og_title":"Suisse - BIG Insurance Brokers","og_description":"Des solutions d\u2019assurance et financi\u00e8res sur mesure pour particuliers et entreprises en Suisse. Faites confiance \u00e0 Big Brokers Suisse.","og_url":"https:\/\/www.big-brokers.ch\/fr\/suisse\/","og_site_name":"BIG Insurance Brokers","article_modified_time":"2025-10-22T13:25:36+00:00","twitter_card":"summary_large_image","twitter_title":"Suisse - BIG Insurance Brokers","twitter_description":"Des solutions d\u2019assurance et financi\u00e8res sur mesure pour particuliers et entreprises en Suisse. Faites confiance \u00e0 Big Brokers Suisse.","twitter_misc":{"Dur\u00e9e de lecture estim\u00e9e":"3 minutes"},"schema":{"@context":"https:\/\/schema.org","@graph":[{"@type":"WebPage","@id":"https:\/\/www.big-brokers.ch\/fr\/suisse\/","url":"https:\/\/www.big-brokers.ch\/fr\/suisse\/","name":"Suisse - BIG Insurance Brokers","isPartOf":{"@id":"https:\/\/big-brokers.ch\/en\/#website"},"datePublished":"2019-03-28T18:37:01+00:00","dateModified":"2025-10-22T13:25:36+00:00","description":"Des solutions d\u2019assurance et financi\u00e8res sur mesure pour particuliers et entreprises en Suisse. Faites confiance \u00e0 Big Brokers Suisse.","breadcrumb":{"@id":"https:\/\/www.big-brokers.ch\/fr\/suisse\/#breadcrumb"},"inLanguage":"fr-FR","potentialAction":[{"@type":"ReadAction","target":["https:\/\/www.big-brokers.ch\/fr\/suisse\/"]}]},{"@type":"BreadcrumbList","@id":"https:\/\/www.big-brokers.ch\/fr\/suisse\/#breadcrumb","itemListElement":[{"@type":"ListItem","position":1,"name":"Home","item":"https:\/\/www.big-brokers.ch\/fr\/"},{"@type":"ListItem","position":2,"name":"Suisse"}]},{"@type":"WebSite","@id":"https:\/\/big-brokers.ch\/en\/#website","url":"https:\/\/big-brokers.ch\/en\/","name":"BIG Insurance Brokers","description":"we are your international brokers","publisher":{"@id":"https:\/\/big-brokers.ch\/en\/#organization"},"potentialAction":[{"@type":"SearchAction","target":{"@type":"EntryPoint","urlTemplate":"https:\/\/big-brokers.ch\/en\/?s={search_term_string}"},"query-input":{"@type":"PropertyValueSpecification","valueRequired":true,"valueName":"search_term_string"}}],"inLanguage":"fr-FR"},{"@type":"Organization","@id":"https:\/\/big-brokers.ch\/en\/#organization","name":"BIG Insurance Brokers","url":"https:\/\/big-brokers.ch\/en\/","logo":{"@type":"ImageObject","inLanguage":"fr-FR","@id":"https:\/\/big-brokers.ch\/en\/#\/schema\/logo\/image\/","url":"https:\/\/big-brokers.ch\/wp-content\/uploads\/2019\/08\/big-insurance-brokers-logo.png","contentUrl":"https:\/\/big-brokers.ch\/wp-content\/uploads\/2019\/08\/big-insurance-brokers-logo.png","width":300,"height":143,"caption":"BIG Insurance Brokers"},"image":{"@id":"https:\/\/big-brokers.ch\/en\/#\/schema\/logo\/image\/"}}]}},"_links":{"self":[{"href":"https:\/\/big-brokers.ch\/fr\/wp-json\/wp\/v2\/pages\/2867","targetHints":{"allow":["GET"]}}],"collection":[{"href":"https:\/\/big-brokers.ch\/fr\/wp-json\/wp\/v2\/pages"}],"about":[{"href":"https:\/\/big-brokers.ch\/fr\/wp-json\/wp\/v2\/types\/page"}],"author":[{"embeddable":true,"href":"https:\/\/big-brokers.ch\/fr\/wp-json\/wp\/v2\/users\/3"}],"replies":[{"embeddable":true,"href":"https:\/\/big-brokers.ch\/fr\/wp-json\/wp\/v2\/comments?post=2867"}],"version-history":[{"count":23,"href":"https:\/\/big-brokers.ch\/fr\/wp-json\/wp\/v2\/pages\/2867\/revisions"}],"predecessor-version":[{"id":7196,"href":"https:\/\/big-brokers.ch\/fr\/wp-json\/wp\/v2\/pages\/2867\/revisions\/7196"}],"wp:attachment":[{"href":"https:\/\/big-brokers.ch\/fr\/wp-json\/wp\/v2\/media?parent=2867"}],"curies":[{"name":"wp","href":"https:\/\/api.w.org\/{rel}","templated":true}]}}