{"id":2814,"date":"2019-01-17T11:02:06","date_gmt":"2019-01-17T11:02:06","guid":{"rendered":"https:\/\/www.big-brokers.ch\/area-italia\/"},"modified":"2025-10-22T12:09:21","modified_gmt":"2025-10-22T10:09:21","slug":"italie","status":"publish","type":"page","link":"https:\/\/big-brokers.ch\/fr\/italie\/","title":{"rendered":"Italie"},"content":{"rendered":"<div class=\"wpb-content-wrapper\"><p>[vc_row type_row=&#8221;contact&#8221;][vc_column width=&#8221;5\/12&#8243; wap_class=&#8221;wow fadeIn&#8221;] \n    <section class=\"image-content-box\">\n  <div class=\"container\">\n    <div class=\"row\">\n      <div class=\"col-12 wow fadeIn\">\n        <div class=\"section-title\"> <span>Network<\/span>\n          <h2>Italie<\/h2>\n          <h6>BIG Insurance Brokers est n\u00e9e et se d\u00e9veloppe pour satisfaire les exigences de la client\u00e8le italienne et profite d\u2019un partenariat avec l\u2019un des plus importants experts italiens en mati\u00e8re de produit d\u2019assurance-vie. Au fil des ann\u00e9es, nous avons pu mesurer et traiter avec succ\u00e8s chaque probl\u00e9matique et besoin rencontr\u00e9s par notre client\u00e8le High Net Worth.<\/h6>\n        <\/div>\n        <!-- end section-title --> \n      <\/div>\n      <!-- end col-12 -->\n      <div class=\"col-12\">\n              <div class=\"content-box wow fadeIn\">\n          <figure><img decoding=\"async\" src=\"https:\/\/big-brokers.ch\/wp-content\/uploads\/2019\/03\/image-8.png\" alt=\"Image\"><\/figure>\n          <h4>Notre si\u00e8ge<\/h4>\n          <p>Corso Elvezia, 10CH-6901 Lugano, Switzerland<\/p>\n                  <\/div>\n        <!-- end content-box -->\n                <!-- end content-box --> \n      <\/div>\n      <!-- end col-12 --> \n    <\/div>\n    <!-- end row --> \n  <\/div>\n  <!-- end container --> \n<\/section>\n[vc_row_inner][vc_column_inner width=&#8221;1\/2&#8243;][\/vc_column_inner][vc_column_inner width=&#8221;1\/2&#8243;][\/vc_column_inner][\/vc_row_inner][\/vc_column][vc_column width=&#8221;7\/12&#8243;][vc_separator color=&#8221;white&#8221; css=&#8221;.vc_custom_1553788527480{padding-top: 100px !important;}&#8221;][vc_custom_heading text=&#8221;Les avantages de l&#8217;assurance vie priv\u00e9e pour les clients suisses&#8221; font_container=&#8221;tag:h4|text_align:left|color:%23405089&#8243; css=&#8221;.vc_custom_1632138703496{padding-bottom: 10px !important;}&#8221;][vc_column_text]<strong>Confidentialit\u00e9 maximale<br \/>\n<\/strong><strong>Planification successorale:<br \/>\n<\/strong>transmission du patrimoine facilit\u00e9e et confidentielle.<br \/>\n<strong>Choix des b\u00e9n\u00e9ficiaires:<br \/>\n<\/strong>le contractant \u00e0 la possibilit\u00e9 de nommer ou r\u00e9voquer les b\u00e9n\u00e9ficiaires pendant la dur\u00e9e du contrat, il conserve le contr\u00f4le totale de son patrimoine.<br \/>\n<strong>Protection du patrimoine<br \/>\n<\/strong><strong>Flexibilit\u00e9 d\u2019investissement<br \/>\n<\/strong><strong>Avantages fiscaux<br \/>\n<\/strong><strong>Imp\u00f4ts sur les succession et donations:<br \/>\n<\/strong>en cas de d\u00e9c\u00e8s de l\u2019assur\u00e9, le b\u00e9n\u00e9ficiaire de la police est exempt de droit de succession.<br \/>\n<strong>Report de l\u2019imp\u00f4t sur la plus-value:<br \/>\n<\/strong>l\u2019imp\u00f4t sur la plus-value n\u2019est pay\u00e9 qu\u2019en cas de rachat, ce qui cr\u00e9e un avantage en capitalisation.<br \/>\n<strong>D\u00e9claration fiscale:<br \/>\n<\/strong>le souscripteur n\u2019est pas tenu de remplir le cadre RW si un interm\u00e9diaire r\u00e9sident g\u00e8re le rachat de la police.<br \/>\n<strong>Garantie:<br \/>\n<\/strong>La police peut \u00eatre mise en garantie d\u2019un pr\u00eat.[\/vc_column_text][vc_text_separator title=&#8221;Vos contacts pour le march\u00e9 italien&#8221; color=&#8221;black&#8221; css=&#8221;.vc_custom_1557788111009{padding-bottom: -100px !important;}&#8221;][vc_row_inner el_class=&#8221;row&#8221;][vc_column_inner width=&#8221;1\/2&#8243;][vc_single_image image=&#8221;555&#8243; img_size=&#8221;full&#8221;][vc_custom_heading text=&#8221;Andrea Bazzani&#8221; font_container=&#8221;tag:h4|text_align:left|color:%238ab3db&#8221;][vc_column_text]+41 79 948 19 22<br \/>\n<a href=\"mailto:ab@big-brokers.ch\" target=\"_blank\" rel=\"noopener noreferrer\">ab@big-brokers.ch<\/a>[\/vc_column_text][\/vc_column_inner][vc_column_inner width=&#8221;1\/2&#8243;][vc_single_image image=&#8221;3591&#8243; img_size=&#8221;full&#8221;][vc_custom_heading text=&#8221;Valentina Papeti&#8221; font_container=&#8221;tag:h4|text_align:left|color:%238ab3db&#8221;][vc_column_text]+41 78 829 39 96<br \/>\n<a href=\"mailto:support@big-brokers.ch\" target=\"_blank\" rel=\"noopener noreferrer\">support@big-brokers.ch<\/a>[\/vc_column_text][\/vc_column_inner][\/vc_row_inner][vc_separator css=&#8221;.vc_custom_1553797408262{padding-top: 10px !important;}&#8221;][vc_custom_heading text=&#8221;Contactez-nous&#8221; font_container=&#8221;tag:h4|text_align:left|color:%238ab3db&#8221;]\n<div class=\"wpcf7 no-js\" id=\"wpcf7-f4207-o1\" lang=\"fr-FR\" dir=\"ltr\" data-wpcf7-id=\"4207\">\n<div class=\"screen-reader-response\"><p role=\"status\" aria-live=\"polite\" aria-atomic=\"true\"><\/p> <ul><\/ul><\/div>\n<form action=\"\/fr\/wp-json\/wp\/v2\/pages\/2814#wpcf7-f4207-o1\" method=\"post\" class=\"wpcf7-form init\" aria-label=\"Formulaire de contact\" novalidate=\"novalidate\" data-status=\"init\">\n<div style=\"display: none;\">\n<input type=\"hidden\" name=\"_wpcf7\" value=\"4207\" \/>\n<input type=\"hidden\" name=\"_wpcf7_version\" value=\"6.0.4\" \/>\n<input type=\"hidden\" name=\"_wpcf7_locale\" value=\"fr_FR\" \/>\n<input type=\"hidden\" name=\"_wpcf7_unit_tag\" value=\"wpcf7-f4207-o1\" \/>\n<input type=\"hidden\" name=\"_wpcf7_container_post\" value=\"0\" \/>\n<input type=\"hidden\" name=\"_wpcf7_posted_data_hash\" value=\"\" \/>\n<input type=\"hidden\" name=\"_wpcf7_recaptcha_response\" value=\"\" \/>\n<\/div>\n<p><label> Votre nom (obligatoire)<br \/>\n<span class=\"wpcf7-form-control-wrap\" data-name=\"your-name\"><input size=\"40\" maxlength=\"400\" class=\"wpcf7-form-control wpcf7-text wpcf7-validates-as-required\" aria-required=\"true\" aria-invalid=\"false\" value=\"\" type=\"text\" name=\"your-name\" \/><\/span> <\/label>\n<\/p>\n<p><label> Votre email (obligatoire)<br \/>\n<span class=\"wpcf7-form-control-wrap\" data-name=\"your-email\"><input size=\"40\" maxlength=\"400\" class=\"wpcf7-form-control wpcf7-email wpcf7-validates-as-required wpcf7-text wpcf7-validates-as-email\" aria-required=\"true\" aria-invalid=\"false\" value=\"\" type=\"email\" name=\"your-email\" \/><\/span> <\/label>\n<\/p>\n<p><label> Votre message<br \/>\n<span class=\"wpcf7-form-control-wrap\" data-name=\"your-message\"><textarea cols=\"40\" rows=\"10\" maxlength=\"2000\" class=\"wpcf7-form-control wpcf7-textarea\" aria-invalid=\"false\" name=\"your-message\"><\/textarea><\/span> <\/label><br \/>\n<span class=\"wpcf7-form-control-wrap\" data-name=\"generic\"><span class=\"wpcf7-form-control wpcf7-acceptance\"><span class=\"wpcf7-list-item\"><label><input type=\"checkbox\" name=\"generic\" value=\"1\" aria-invalid=\"false\" \/><span class=\"wpcf7-list-item-label\">J'accepte le traitement de mes donn\u00e9es personnelles pour recevoir une r\u00e9ponse \u00e0 cette demande de contact<\/span><\/label><\/span><\/span><\/span><br \/>\n<span class=\"wpcf7-form-control-wrap\" data-name=\"newsletter\"><span class=\"wpcf7-form-control wpcf7-acceptance optional\"><span class=\"wpcf7-list-item\"><label><input type=\"checkbox\" name=\"newsletter\" value=\"1\" aria-invalid=\"false\" \/><span class=\"wpcf7-list-item-label\">Je souhaite recevoir des offres sp\u00e9ciales et \u00eatre inform\u00e9 des promotions et nouveaut\u00e9s (optionnel)<\/span><\/label><\/span><\/span><\/span><br \/>\n<input class=\"wpcf7-form-control wpcf7-submit has-spinner\" type=\"submit\" value=\"Envoyer\" \/>\n<\/p>\n<p>Apr\u00e8s avoir lu la <a href=\"\/fr\/privacy-policy\/\">politique de confidentialit\u00e9<\/a>, j'autorise ce site \u00e0 envoyer des communications informatives et promotionnelles par e-mail, y compris la newsletter, faisant r\u00e9f\u00e9rence \u00e0 ses produits et\/ou services propres et\/ou tiers.\n<\/p><div class=\"wpcf7-response-output\" aria-hidden=\"true\"><\/div>\n<\/form>\n<\/div>\n[\/vc_column][\/vc_row][vc_row][vc_column][\/vc_column][\/vc_row]<\/p>\n<\/div>","protected":false},"excerpt":{"rendered":"<p>[vc_row type_row=&#8221;contact&#8221;][vc_column width=&#8221;5\/12&#8243; wap_class=&#8221;wow fadeIn&#8221;][vc_row_inner][vc_column_inner width=&#8221;1\/2&#8243;][\/vc_column_inner][vc_column_inner width=&#8221;1\/2&#8243;][\/vc_column_inner][\/vc_row_inner][\/vc_column][vc_column width=&#8221;7\/12&#8243;][vc_separator color=&#8221;white&#8221; css=&#8221;.vc_custom_1553788527480{padding-top: 100px !important;}&#8221;][vc_custom_heading text=&#8221;Les avantages de l&#8217;assurance vie priv\u00e9e pour les clients suisses&#8221; font_container=&#8221;tag:h4|text_align:left|color:%23405089&#8243; css=&#8221;.vc_custom_1632138703496{padding-bottom: 10px !important;}&#8221;][vc_column_text]Confidentialit\u00e9 maximale Planification successorale: transmission du patrimoine facilit\u00e9e et confidentielle. Choix des b\u00e9n\u00e9ficiaires: le contractant \u00e0 la possibilit\u00e9 de nommer ou r\u00e9voquer les b\u00e9n\u00e9ficiaires pendant la dur\u00e9e du contrat, il [&hellip;]<\/p>\n","protected":false},"author":1,"featured_media":0,"parent":0,"menu_order":0,"comment_status":"closed","ping_status":"closed","template":"page-templates\/other-page.php","meta":{"footnotes":""},"class_list":["post-2814","page","type-page","status-publish","hentry"],"yoast_head":"<!-- This site is optimized with the Yoast SEO plugin v25.3.1 - https:\/\/yoast.com\/wordpress\/plugins\/seo\/ -->\n<title>Italie - BIG Insurance Brokers<\/title>\n<meta name=\"description\" content=\"Assurance vie priv\u00e9e pour l\u2019Italie : confidentialit\u00e9, avantages fiscaux et contr\u00f4le total dans la planification successorale\" \/>\n<meta name=\"robots\" content=\"index, follow, max-snippet:-1, max-image-preview:large, max-video-preview:-1\" \/>\n<link rel=\"canonical\" href=\"https:\/\/www.big-brokers.ch\/it\/area-italia\/\" \/>\n<meta property=\"og:locale\" content=\"fr_FR\" \/>\n<meta property=\"og:type\" content=\"article\" \/>\n<meta property=\"og:title\" content=\"Italie - BIG Insurance Brokers\" \/>\n<meta property=\"og:description\" content=\"Assurance vie priv\u00e9e pour l\u2019Italie : confidentialit\u00e9, avantages fiscaux et contr\u00f4le total dans la planification successorale\" \/>\n<meta property=\"og:url\" content=\"https:\/\/www.big-brokers.ch\/it\/area-italia\/\" \/>\n<meta property=\"og:site_name\" content=\"BIG Insurance Brokers\" \/>\n<meta property=\"article:modified_time\" content=\"2025-10-22T10:09:21+00:00\" \/>\n<meta name=\"twitter:card\" content=\"summary_large_image\" \/>\n<meta name=\"twitter:title\" content=\"Italie - BIG Insurance Brokers\" \/>\n<meta name=\"twitter:description\" content=\"Assurance vie priv\u00e9e pour l\u2019Italie : confidentialit\u00e9, avantages fiscaux et contr\u00f4le total dans la planification successorale\" \/>\n<meta name=\"twitter:label1\" content=\"Dur\u00e9e de lecture estim\u00e9e\" \/>\n\t<meta name=\"twitter:data1\" content=\"2 minutes\" \/>\n<script type=\"application\/ld+json\" class=\"yoast-schema-graph\">{\"@context\":\"https:\/\/schema.org\",\"@graph\":[{\"@type\":\"WebPage\",\"@id\":\"https:\/\/www.big-brokers.ch\/it\/area-italia\/\",\"url\":\"https:\/\/www.big-brokers.ch\/it\/area-italia\/\",\"name\":\"Italie - BIG Insurance Brokers\",\"isPartOf\":{\"@id\":\"https:\/\/big-brokers.ch\/fr\/#website\"},\"datePublished\":\"2019-01-17T11:02:06+00:00\",\"dateModified\":\"2025-10-22T10:09:21+00:00\",\"description\":\"Assurance vie priv\u00e9e pour l\u2019Italie : confidentialit\u00e9, avantages fiscaux et contr\u00f4le total dans la planification successorale\",\"breadcrumb\":{\"@id\":\"https:\/\/www.big-brokers.ch\/it\/area-italia\/#breadcrumb\"},\"inLanguage\":\"fr-FR\",\"potentialAction\":[{\"@type\":\"ReadAction\",\"target\":[\"https:\/\/www.big-brokers.ch\/it\/area-italia\/\"]}]},{\"@type\":\"BreadcrumbList\",\"@id\":\"https:\/\/www.big-brokers.ch\/it\/area-italia\/#breadcrumb\",\"itemListElement\":[{\"@type\":\"ListItem\",\"position\":1,\"name\":\"Home\",\"item\":\"https:\/\/www.big-brokers.ch\/fr\/\"},{\"@type\":\"ListItem\",\"position\":2,\"name\":\"Italie\"}]},{\"@type\":\"WebSite\",\"@id\":\"https:\/\/big-brokers.ch\/fr\/#website\",\"url\":\"https:\/\/big-brokers.ch\/fr\/\",\"name\":\"BIG Insurance Brokers\",\"description\":\"we are your international brokers\",\"publisher\":{\"@id\":\"https:\/\/big-brokers.ch\/fr\/#organization\"},\"potentialAction\":[{\"@type\":\"SearchAction\",\"target\":{\"@type\":\"EntryPoint\",\"urlTemplate\":\"https:\/\/big-brokers.ch\/fr\/?s={search_term_string}\"},\"query-input\":{\"@type\":\"PropertyValueSpecification\",\"valueRequired\":true,\"valueName\":\"search_term_string\"}}],\"inLanguage\":\"fr-FR\"},{\"@type\":\"Organization\",\"@id\":\"https:\/\/big-brokers.ch\/fr\/#organization\",\"name\":\"BIG Insurance Brokers\",\"url\":\"https:\/\/big-brokers.ch\/fr\/\",\"logo\":{\"@type\":\"ImageObject\",\"inLanguage\":\"fr-FR\",\"@id\":\"https:\/\/big-brokers.ch\/fr\/#\/schema\/logo\/image\/\",\"url\":\"https:\/\/big-brokers.ch\/wp-content\/uploads\/2019\/08\/big-insurance-brokers-logo.png\",\"contentUrl\":\"https:\/\/big-brokers.ch\/wp-content\/uploads\/2019\/08\/big-insurance-brokers-logo.png\",\"width\":300,\"height\":143,\"caption\":\"BIG Insurance Brokers\"},\"image\":{\"@id\":\"https:\/\/big-brokers.ch\/fr\/#\/schema\/logo\/image\/\"}}]}<\/script>\n<!-- \/ Yoast SEO plugin. -->","yoast_head_json":{"title":"Italie - BIG Insurance Brokers","description":"Assurance vie priv\u00e9e pour l\u2019Italie : confidentialit\u00e9, avantages fiscaux et contr\u00f4le total dans la planification successorale","robots":{"index":"index","follow":"follow","max-snippet":"max-snippet:-1","max-image-preview":"max-image-preview:large","max-video-preview":"max-video-preview:-1"},"canonical":"https:\/\/www.big-brokers.ch\/it\/area-italia\/","og_locale":"fr_FR","og_type":"article","og_title":"Italie - BIG Insurance Brokers","og_description":"Assurance vie priv\u00e9e pour l\u2019Italie : confidentialit\u00e9, avantages fiscaux et contr\u00f4le total dans la planification successorale","og_url":"https:\/\/www.big-brokers.ch\/it\/area-italia\/","og_site_name":"BIG Insurance Brokers","article_modified_time":"2025-10-22T10:09:21+00:00","twitter_card":"summary_large_image","twitter_title":"Italie - BIG Insurance Brokers","twitter_description":"Assurance vie priv\u00e9e pour l\u2019Italie : confidentialit\u00e9, avantages fiscaux et contr\u00f4le total dans la planification successorale","twitter_misc":{"Dur\u00e9e de lecture estim\u00e9e":"2 minutes"},"schema":{"@context":"https:\/\/schema.org","@graph":[{"@type":"WebPage","@id":"https:\/\/www.big-brokers.ch\/it\/area-italia\/","url":"https:\/\/www.big-brokers.ch\/it\/area-italia\/","name":"Italie - BIG Insurance Brokers","isPartOf":{"@id":"https:\/\/big-brokers.ch\/fr\/#website"},"datePublished":"2019-01-17T11:02:06+00:00","dateModified":"2025-10-22T10:09:21+00:00","description":"Assurance vie priv\u00e9e pour l\u2019Italie : confidentialit\u00e9, avantages fiscaux et contr\u00f4le total dans la planification successorale","breadcrumb":{"@id":"https:\/\/www.big-brokers.ch\/it\/area-italia\/#breadcrumb"},"inLanguage":"fr-FR","potentialAction":[{"@type":"ReadAction","target":["https:\/\/www.big-brokers.ch\/it\/area-italia\/"]}]},{"@type":"BreadcrumbList","@id":"https:\/\/www.big-brokers.ch\/it\/area-italia\/#breadcrumb","itemListElement":[{"@type":"ListItem","position":1,"name":"Home","item":"https:\/\/www.big-brokers.ch\/fr\/"},{"@type":"ListItem","position":2,"name":"Italie"}]},{"@type":"WebSite","@id":"https:\/\/big-brokers.ch\/fr\/#website","url":"https:\/\/big-brokers.ch\/fr\/","name":"BIG Insurance Brokers","description":"we are your international brokers","publisher":{"@id":"https:\/\/big-brokers.ch\/fr\/#organization"},"potentialAction":[{"@type":"SearchAction","target":{"@type":"EntryPoint","urlTemplate":"https:\/\/big-brokers.ch\/fr\/?s={search_term_string}"},"query-input":{"@type":"PropertyValueSpecification","valueRequired":true,"valueName":"search_term_string"}}],"inLanguage":"fr-FR"},{"@type":"Organization","@id":"https:\/\/big-brokers.ch\/fr\/#organization","name":"BIG Insurance Brokers","url":"https:\/\/big-brokers.ch\/fr\/","logo":{"@type":"ImageObject","inLanguage":"fr-FR","@id":"https:\/\/big-brokers.ch\/fr\/#\/schema\/logo\/image\/","url":"https:\/\/big-brokers.ch\/wp-content\/uploads\/2019\/08\/big-insurance-brokers-logo.png","contentUrl":"https:\/\/big-brokers.ch\/wp-content\/uploads\/2019\/08\/big-insurance-brokers-logo.png","width":300,"height":143,"caption":"BIG Insurance Brokers"},"image":{"@id":"https:\/\/big-brokers.ch\/fr\/#\/schema\/logo\/image\/"}}]}},"_links":{"self":[{"href":"https:\/\/big-brokers.ch\/fr\/wp-json\/wp\/v2\/pages\/2814","targetHints":{"allow":["GET"]}}],"collection":[{"href":"https:\/\/big-brokers.ch\/fr\/wp-json\/wp\/v2\/pages"}],"about":[{"href":"https:\/\/big-brokers.ch\/fr\/wp-json\/wp\/v2\/types\/page"}],"author":[{"embeddable":true,"href":"https:\/\/big-brokers.ch\/fr\/wp-json\/wp\/v2\/users\/1"}],"replies":[{"embeddable":true,"href":"https:\/\/big-brokers.ch\/fr\/wp-json\/wp\/v2\/comments?post=2814"}],"version-history":[{"count":14,"href":"https:\/\/big-brokers.ch\/fr\/wp-json\/wp\/v2\/pages\/2814\/revisions"}],"predecessor-version":[{"id":7167,"href":"https:\/\/big-brokers.ch\/fr\/wp-json\/wp\/v2\/pages\/2814\/revisions\/7167"}],"wp:attachment":[{"href":"https:\/\/big-brokers.ch\/fr\/wp-json\/wp\/v2\/media?parent=2814"}],"curies":[{"name":"wp","href":"https:\/\/api.w.org\/{rel}","templated":true}]}}