{"id":2766,"date":"2019-03-28T19:51:15","date_gmt":"2019-03-28T18:51:15","guid":{"rendered":"https:\/\/www.big-brokers.ch\/area-francia-e-belgio\/"},"modified":"2025-10-22T15:27:01","modified_gmt":"2025-10-22T13:27:01","slug":"france-monaco","status":"publish","type":"page","link":"https:\/\/big-brokers.ch\/fr\/france-monaco\/","title":{"rendered":"France et Monaco"},"content":{"rendered":"<div class=\"wpb-content-wrapper\"><p>[vc_row type_row=&#8221;contact&#8221;][vc_column width=&#8221;5\/12&#8243; wap_class=&#8221;wow fadeIn&#8221;][vc_empty_space height=&#8221;50px&#8221;] \n    <section class=\"image-content-box\">\n  <div class=\"container\">\n    <div class=\"row\">\n      <div class=\"col-12 wow fadeIn\">\n        <div class=\"section-title\"> <span>Network<\/span>\n          <h2>France et Monaco<\/h2>\n          <h6>Nous croyons en notre croissance et \u00e0 l\u2019\u00e9largissement de notre pr\u00e9sence internationale, gr\u00e2ce \u00e0 notre r\u00e9seau \u00e9tendu dans les principales places financi\u00e8res. L\u2019\u00e9quipe de BIG Insurance Brokers, est compos\u00e9e de professionnels au background tr\u00e8s compl\u00e9mentaire, permettant de satisfaire les exigences de planification de nos clients, peu importe o\u00f9 ils se trouvent. Nous garantissons une pr\u00e9sence directe sur les march\u00e9s de la Principaut\u00e9 de Monaco, Suisse, Italie, France et Nouvelle-Cal\u00e9donie nous maintenons des rapports constants et privil\u00e9gi\u00e9s avec les meilleures compagnies d\u2019assurance op\u00e9rant sur les march\u00e9s.<\/h6>\n        <\/div>\n        <!-- end section-title --> \n      <\/div>\n      <!-- end col-12 -->\n      <div class=\"col-12\">\n              <div class=\"content-box wow fadeIn\">\n          <figure><img decoding=\"async\" src=\"https:\/\/big-brokers.ch\/wp-content\/uploads\/2019\/03\/france-header.jpg\" alt=\"Image\"><\/figure>\n          <h4>Notre si\u00e8ge<\/h4>\n          <p><b>Monaco<\/b> Le Rose de France 17, Boulevard de Suisse 98000 Monaco Principality of Monaco <br><br><b>Menton<\/b> 3 rue de la R\u00e9publique 06500 Menton France<\/p>\n                  <\/div>\n        <!-- end content-box -->\n                <!-- end content-box --> \n      <\/div>\n      <!-- end col-12 --> \n    <\/div>\n    <!-- end row --> \n  <\/div>\n  <!-- end container --> \n<\/section>\n[vc_custom_heading text=&#8221;France&#8221; font_container=&#8221;tag:h4|text_align:left|color:%238ab3db&#8221;][vc_column_text]ORIAS No. 19003116[\/vc_column_text][vc_custom_heading text=&#8221;Monaco&#8221; font_container=&#8221;tag:h4|text_align:left|color:%238ab3db&#8221;][vc_column_text]R.C.I. No. 18S07667[\/vc_column_text][vc_custom_heading text=&#8221;Nouvelle-Cal\u00e9donie&#8221; font_container=&#8221;tag:h4|text_align:left|color:%238ab3db&#8221;][vc_column_text]RIAS No. NC190006[\/vc_column_text][\/vc_column][vc_column width=&#8221;7\/12&#8243;][vc_single_image image=&#8221;4913&#8243; img_size=&#8221;medium&#8221; css_animation=&#8221;bounceIn&#8221;][vc_column_text]Nous sommes le principal distributeur \u00e0 Monaco en termes de fiabilit\u00e9, d&#8217;expertise et d\u2019exp\u00e9rience.\u00a0Sp\u00e9cialiste de l\u2019assurance-vie priv\u00e9e, la pr\u00e9voyance, l\u2019assurance emprunteur et les couvertures sant\u00e9 internationales.[\/vc_column_text][vc_separator color=&#8221;white&#8221;][vc_custom_heading text=&#8221;Les avantages de l&#8217;assurance vie priv\u00e9e pour les clients fran\u00e7ais et mon\u00e9gasque.&#8221; font_container=&#8221;tag:h5|text_align:left|color:%23405089&#8243;][vc_column_text]Confidentialit\u00e9 maximale<br \/>\nPlanification successorale facilit\u00e9e et confidentielle<br \/>\nProtection du patrimoine<br \/>\nFlexibilit\u00e9 d\u2019investissement<br \/>\nAvantages fiscaux[\/vc_column_text][vc_text_separator title=&#8221;France et Monaco&#8221; title_align=&#8221;separator_align_left&#8221; color=&#8221;black&#8221; css=&#8221;.vc_custom_1744964674354{padding-bottom: -100px !important;}&#8221;][vc_row_inner el_class=&#8221;row&#8221;][vc_column_inner width=&#8221;1\/2&#8243;][vc_single_image image=&#8221;5092&#8243; img_size=&#8221;&#8221; css=&#8221;&#8221; el_class=&#8221;img-team&#8221;][vc_custom_heading text=&#8221;Jonathan Blasco&#8221; font_container=&#8221;tag:h4|text_align:left|color:%238ab3db&#8221;][vc_column_text css=&#8221;&#8221;]+33 63 275 10 01<br \/>\n+377 999 08 248<br \/>\n<a href=\"mailto:ab@big-brokers.ch\" target=\"_blank\" rel=\"noopener noreferrer\">jb@big-brokers.ch<\/a>[\/vc_column_text][\/vc_column_inner][vc_column_inner width=&#8221;1\/2&#8243;][vc_single_image image=&#8221;5105&#8243; img_size=&#8221;&#8221; css=&#8221;&#8221; el_class=&#8221;img-team&#8221;][vc_custom_heading text=&#8221;Agathe Blanchin&#8221; font_container=&#8221;tag:h4|text_align:left|color:%238ab3db&#8221; css=&#8221;&#8221;][vc_column_text css=&#8221;&#8221;]+33 67 692 85 14<br \/>\n<a href=\"mailto:abl@big--brokers.mc\" target=\"_blank\" rel=\"noopener noreferrer\">abl@big&#8211;brokers.mc<\/a>[\/vc_column_text][\/vc_column_inner][\/vc_row_inner][vc_row_inner disable_element=&#8221;yes&#8221; el_class=&#8221;row&#8221;][vc_column_inner width=&#8221;1\/2&#8243;][vc_single_image image=&#8221;7185&#8243; img_size=&#8221;&#8221; css=&#8221;&#8221; el_class=&#8221;img-team&#8221;][vc_custom_heading text=&#8221;Carlo Tacchi&#8221; font_container=&#8221;tag:h4|text_align:left|color:%238ab3db&#8221; css=&#8221;&#8221;][vc_column_text css=&#8221;&#8221;]+352 691 627 837<br \/>\n<a href=\"mailto: ct@big-brokers.fr\" target=\"_blank\" rel=\"noopener noreferrer\">ct@big-brokers.fr<\/a>[\/vc_column_text][\/vc_column_inner][vc_column_inner width=&#8221;1\/2&#8243;][\/vc_column_inner][\/vc_row_inner][vc_separator css=&#8221;.vc_custom_1553797408262{padding-top: 10px !important;}&#8221;][vc_custom_heading text=&#8221;Contactez-nous&#8221; font_container=&#8221;tag:h4|text_align:left|color:%238ab3db&#8221;]\n<div class=\"wpcf7 no-js\" id=\"wpcf7-f4207-o1\" lang=\"fr-FR\" dir=\"ltr\" data-wpcf7-id=\"4207\">\n<div class=\"screen-reader-response\"><p role=\"status\" aria-live=\"polite\" aria-atomic=\"true\"><\/p> <ul><\/ul><\/div>\n<form action=\"\/fr\/wp-json\/wp\/v2\/pages\/2766#wpcf7-f4207-o1\" method=\"post\" class=\"wpcf7-form init\" aria-label=\"Formulaire de contact\" novalidate=\"novalidate\" data-status=\"init\">\n<div style=\"display: none;\">\n<input type=\"hidden\" name=\"_wpcf7\" value=\"4207\" \/>\n<input type=\"hidden\" name=\"_wpcf7_version\" value=\"6.0.4\" \/>\n<input type=\"hidden\" name=\"_wpcf7_locale\" value=\"fr_FR\" \/>\n<input type=\"hidden\" name=\"_wpcf7_unit_tag\" value=\"wpcf7-f4207-o1\" \/>\n<input type=\"hidden\" name=\"_wpcf7_container_post\" value=\"0\" \/>\n<input type=\"hidden\" name=\"_wpcf7_posted_data_hash\" value=\"\" \/>\n<input type=\"hidden\" name=\"_wpcf7_recaptcha_response\" value=\"\" \/>\n<\/div>\n<p><label> Votre nom (obligatoire)<br \/>\n<span class=\"wpcf7-form-control-wrap\" data-name=\"your-name\"><input size=\"40\" maxlength=\"400\" class=\"wpcf7-form-control wpcf7-text wpcf7-validates-as-required\" aria-required=\"true\" aria-invalid=\"false\" value=\"\" type=\"text\" name=\"your-name\" \/><\/span> <\/label>\n<\/p>\n<p><label> Votre email (obligatoire)<br \/>\n<span class=\"wpcf7-form-control-wrap\" data-name=\"your-email\"><input size=\"40\" maxlength=\"400\" class=\"wpcf7-form-control wpcf7-email wpcf7-validates-as-required wpcf7-text wpcf7-validates-as-email\" aria-required=\"true\" aria-invalid=\"false\" value=\"\" type=\"email\" name=\"your-email\" \/><\/span> <\/label>\n<\/p>\n<p><label> Votre message<br \/>\n<span class=\"wpcf7-form-control-wrap\" data-name=\"your-message\"><textarea cols=\"40\" rows=\"10\" maxlength=\"2000\" class=\"wpcf7-form-control wpcf7-textarea\" aria-invalid=\"false\" name=\"your-message\"><\/textarea><\/span> <\/label><br \/>\n<span class=\"wpcf7-form-control-wrap\" data-name=\"generic\"><span class=\"wpcf7-form-control wpcf7-acceptance\"><span class=\"wpcf7-list-item\"><label><input type=\"checkbox\" name=\"generic\" value=\"1\" aria-invalid=\"false\" \/><span class=\"wpcf7-list-item-label\">J'accepte le traitement de mes donn\u00e9es personnelles pour recevoir une r\u00e9ponse \u00e0 cette demande de contact<\/span><\/label><\/span><\/span><\/span><br \/>\n<span class=\"wpcf7-form-control-wrap\" data-name=\"newsletter\"><span class=\"wpcf7-form-control wpcf7-acceptance optional\"><span class=\"wpcf7-list-item\"><label><input type=\"checkbox\" name=\"newsletter\" value=\"1\" aria-invalid=\"false\" \/><span class=\"wpcf7-list-item-label\">Je souhaite recevoir des offres sp\u00e9ciales et \u00eatre inform\u00e9 des promotions et nouveaut\u00e9s (optionnel)<\/span><\/label><\/span><\/span><\/span><br \/>\n<input class=\"wpcf7-form-control wpcf7-submit has-spinner\" type=\"submit\" value=\"Envoyer\" \/>\n<\/p>\n<p>Apr\u00e8s avoir lu la <a href=\"\/fr\/privacy-policy\/\">politique de confidentialit\u00e9<\/a>, j'autorise ce site \u00e0 envoyer des communications informatives et promotionnelles par e-mail, y compris la newsletter, faisant r\u00e9f\u00e9rence \u00e0 ses produits et\/ou services propres et\/ou tiers.\n<\/p><div class=\"wpcf7-response-output\" aria-hidden=\"true\"><\/div>\n<\/form>\n<\/div>\n[\/vc_column][\/vc_row][vc_row][vc_column][\/vc_column][\/vc_row]<\/p>\n<\/div>","protected":false},"excerpt":{"rendered":"<p>[vc_row type_row=&#8221;contact&#8221;][vc_column width=&#8221;5\/12&#8243; wap_class=&#8221;wow fadeIn&#8221;][vc_empty_space height=&#8221;50px&#8221;][vc_custom_heading text=&#8221;France&#8221; font_container=&#8221;tag:h4|text_align:left|color:%238ab3db&#8221;][vc_column_text]ORIAS No. 19003116[\/vc_column_text][vc_custom_heading text=&#8221;Monaco&#8221; font_container=&#8221;tag:h4|text_align:left|color:%238ab3db&#8221;][vc_column_text]R.C.I. No. 18S07667[\/vc_column_text][vc_custom_heading text=&#8221;Nouvelle-Cal\u00e9donie&#8221; font_container=&#8221;tag:h4|text_align:left|color:%238ab3db&#8221;][vc_column_text]RIAS No. NC190006[\/vc_column_text][\/vc_column][vc_column width=&#8221;7\/12&#8243;][vc_single_image image=&#8221;4913&#8243; img_size=&#8221;medium&#8221; css_animation=&#8221;bounceIn&#8221;][vc_column_text]Nous sommes le principal distributeur \u00e0 Monaco en termes de fiabilit\u00e9, d&#8217;expertise et d\u2019exp\u00e9rience.\u00a0Sp\u00e9cialiste de l\u2019assurance-vie priv\u00e9e, la pr\u00e9voyance, l\u2019assurance emprunteur et les couvertures sant\u00e9 internationales.[\/vc_column_text][vc_separator color=&#8221;white&#8221;][vc_custom_heading text=&#8221;Les avantages de l&#8217;assurance vie priv\u00e9e pour [&hellip;]<\/p>\n","protected":false},"author":3,"featured_media":0,"parent":0,"menu_order":0,"comment_status":"closed","ping_status":"closed","template":"page-templates\/other-page.php","meta":{"footnotes":""},"class_list":["post-2766","page","type-page","status-publish","hentry"],"yoast_head":"<!-- This site is optimized with the Yoast SEO plugin v25.3.1 - https:\/\/yoast.com\/wordpress\/plugins\/seo\/ -->\n<title>France et Monaco - BIG Insurance Brokers<\/title>\n<meta name=\"description\" content=\"Prot\u00e9gez et valorisez votre patrimoine en France et \u00e0 Monaco avec des solutions d\u2019assurance vie priv\u00e9e sur mesure.\" \/>\n<meta name=\"robots\" content=\"index, follow, max-snippet:-1, max-image-preview:large, max-video-preview:-1\" \/>\n<link rel=\"canonical\" href=\"https:\/\/big-brokers.ch\/fr\/france-monaco\/\" \/>\n<meta property=\"og:locale\" content=\"fr_FR\" \/>\n<meta property=\"og:type\" content=\"article\" \/>\n<meta property=\"og:title\" content=\"France et Monaco - BIG Insurance Brokers\" \/>\n<meta property=\"og:description\" content=\"Prot\u00e9gez et valorisez votre patrimoine en France et \u00e0 Monaco avec des solutions d\u2019assurance vie priv\u00e9e sur mesure.\" \/>\n<meta property=\"og:url\" content=\"https:\/\/big-brokers.ch\/fr\/france-monaco\/\" \/>\n<meta property=\"og:site_name\" content=\"BIG Insurance Brokers\" \/>\n<meta property=\"article:modified_time\" content=\"2025-10-22T13:27:01+00:00\" \/>\n<meta name=\"twitter:card\" content=\"summary_large_image\" \/>\n<meta name=\"twitter:label1\" content=\"Dur\u00e9e de lecture estim\u00e9e\" \/>\n\t<meta name=\"twitter:data1\" content=\"2 minutes\" \/>\n<script type=\"application\/ld+json\" class=\"yoast-schema-graph\">{\"@context\":\"https:\/\/schema.org\",\"@graph\":[{\"@type\":\"WebPage\",\"@id\":\"https:\/\/big-brokers.ch\/fr\/france-monaco\/\",\"url\":\"https:\/\/big-brokers.ch\/fr\/france-monaco\/\",\"name\":\"France et Monaco - BIG Insurance Brokers\",\"isPartOf\":{\"@id\":\"https:\/\/www.big-brokers.ch\/fr\/#website\"},\"datePublished\":\"2019-03-28T18:51:15+00:00\",\"dateModified\":\"2025-10-22T13:27:01+00:00\",\"description\":\"Prot\u00e9gez et valorisez votre patrimoine en France et \u00e0 Monaco avec des solutions d\u2019assurance vie priv\u00e9e sur mesure.\",\"breadcrumb\":{\"@id\":\"https:\/\/big-brokers.ch\/fr\/france-monaco\/#breadcrumb\"},\"inLanguage\":\"fr-FR\",\"potentialAction\":[{\"@type\":\"ReadAction\",\"target\":[\"https:\/\/big-brokers.ch\/fr\/france-monaco\/\"]}]},{\"@type\":\"BreadcrumbList\",\"@id\":\"https:\/\/big-brokers.ch\/fr\/france-monaco\/#breadcrumb\",\"itemListElement\":[{\"@type\":\"ListItem\",\"position\":1,\"name\":\"Home\",\"item\":\"https:\/\/www.big-brokers.ch\/fr\/\"},{\"@type\":\"ListItem\",\"position\":2,\"name\":\"France et Monaco\"}]},{\"@type\":\"WebSite\",\"@id\":\"https:\/\/www.big-brokers.ch\/fr\/#website\",\"url\":\"https:\/\/www.big-brokers.ch\/fr\/\",\"name\":\"BIG Insurance Brokers\",\"description\":\"we are your international brokers\",\"publisher\":{\"@id\":\"https:\/\/www.big-brokers.ch\/fr\/#organization\"},\"potentialAction\":[{\"@type\":\"SearchAction\",\"target\":{\"@type\":\"EntryPoint\",\"urlTemplate\":\"https:\/\/www.big-brokers.ch\/fr\/?s={search_term_string}\"},\"query-input\":{\"@type\":\"PropertyValueSpecification\",\"valueRequired\":true,\"valueName\":\"search_term_string\"}}],\"inLanguage\":\"fr-FR\"},{\"@type\":\"Organization\",\"@id\":\"https:\/\/www.big-brokers.ch\/fr\/#organization\",\"name\":\"BIG Insurance Brokers\",\"url\":\"https:\/\/www.big-brokers.ch\/fr\/\",\"logo\":{\"@type\":\"ImageObject\",\"inLanguage\":\"fr-FR\",\"@id\":\"https:\/\/www.big-brokers.ch\/fr\/#\/schema\/logo\/image\/\",\"url\":\"https:\/\/big-brokers.ch\/wp-content\/uploads\/2019\/08\/big-insurance-brokers-logo.png\",\"contentUrl\":\"https:\/\/big-brokers.ch\/wp-content\/uploads\/2019\/08\/big-insurance-brokers-logo.png\",\"width\":300,\"height\":143,\"caption\":\"BIG Insurance Brokers\"},\"image\":{\"@id\":\"https:\/\/www.big-brokers.ch\/fr\/#\/schema\/logo\/image\/\"}}]}<\/script>\n<!-- \/ Yoast SEO plugin. -->","yoast_head_json":{"title":"France et Monaco - BIG Insurance Brokers","description":"Prot\u00e9gez et valorisez votre patrimoine en France et \u00e0 Monaco avec des solutions d\u2019assurance vie priv\u00e9e sur mesure.","robots":{"index":"index","follow":"follow","max-snippet":"max-snippet:-1","max-image-preview":"max-image-preview:large","max-video-preview":"max-video-preview:-1"},"canonical":"https:\/\/big-brokers.ch\/fr\/france-monaco\/","og_locale":"fr_FR","og_type":"article","og_title":"France et Monaco - BIG Insurance Brokers","og_description":"Prot\u00e9gez et valorisez votre patrimoine en France et \u00e0 Monaco avec des solutions d\u2019assurance vie priv\u00e9e sur mesure.","og_url":"https:\/\/big-brokers.ch\/fr\/france-monaco\/","og_site_name":"BIG Insurance Brokers","article_modified_time":"2025-10-22T13:27:01+00:00","twitter_card":"summary_large_image","twitter_misc":{"Dur\u00e9e de lecture estim\u00e9e":"2 minutes"},"schema":{"@context":"https:\/\/schema.org","@graph":[{"@type":"WebPage","@id":"https:\/\/big-brokers.ch\/fr\/france-monaco\/","url":"https:\/\/big-brokers.ch\/fr\/france-monaco\/","name":"France et Monaco - BIG Insurance Brokers","isPartOf":{"@id":"https:\/\/www.big-brokers.ch\/fr\/#website"},"datePublished":"2019-03-28T18:51:15+00:00","dateModified":"2025-10-22T13:27:01+00:00","description":"Prot\u00e9gez et valorisez votre patrimoine en France et \u00e0 Monaco avec des solutions d\u2019assurance vie priv\u00e9e sur mesure.","breadcrumb":{"@id":"https:\/\/big-brokers.ch\/fr\/france-monaco\/#breadcrumb"},"inLanguage":"fr-FR","potentialAction":[{"@type":"ReadAction","target":["https:\/\/big-brokers.ch\/fr\/france-monaco\/"]}]},{"@type":"BreadcrumbList","@id":"https:\/\/big-brokers.ch\/fr\/france-monaco\/#breadcrumb","itemListElement":[{"@type":"ListItem","position":1,"name":"Home","item":"https:\/\/www.big-brokers.ch\/fr\/"},{"@type":"ListItem","position":2,"name":"France et Monaco"}]},{"@type":"WebSite","@id":"https:\/\/www.big-brokers.ch\/fr\/#website","url":"https:\/\/www.big-brokers.ch\/fr\/","name":"BIG Insurance Brokers","description":"we are your international brokers","publisher":{"@id":"https:\/\/www.big-brokers.ch\/fr\/#organization"},"potentialAction":[{"@type":"SearchAction","target":{"@type":"EntryPoint","urlTemplate":"https:\/\/www.big-brokers.ch\/fr\/?s={search_term_string}"},"query-input":{"@type":"PropertyValueSpecification","valueRequired":true,"valueName":"search_term_string"}}],"inLanguage":"fr-FR"},{"@type":"Organization","@id":"https:\/\/www.big-brokers.ch\/fr\/#organization","name":"BIG Insurance Brokers","url":"https:\/\/www.big-brokers.ch\/fr\/","logo":{"@type":"ImageObject","inLanguage":"fr-FR","@id":"https:\/\/www.big-brokers.ch\/fr\/#\/schema\/logo\/image\/","url":"https:\/\/big-brokers.ch\/wp-content\/uploads\/2019\/08\/big-insurance-brokers-logo.png","contentUrl":"https:\/\/big-brokers.ch\/wp-content\/uploads\/2019\/08\/big-insurance-brokers-logo.png","width":300,"height":143,"caption":"BIG Insurance Brokers"},"image":{"@id":"https:\/\/www.big-brokers.ch\/fr\/#\/schema\/logo\/image\/"}}]}},"_links":{"self":[{"href":"https:\/\/big-brokers.ch\/fr\/wp-json\/wp\/v2\/pages\/2766","targetHints":{"allow":["GET"]}}],"collection":[{"href":"https:\/\/big-brokers.ch\/fr\/wp-json\/wp\/v2\/pages"}],"about":[{"href":"https:\/\/big-brokers.ch\/fr\/wp-json\/wp\/v2\/types\/page"}],"author":[{"embeddable":true,"href":"https:\/\/big-brokers.ch\/fr\/wp-json\/wp\/v2\/users\/3"}],"replies":[{"embeddable":true,"href":"https:\/\/big-brokers.ch\/fr\/wp-json\/wp\/v2\/comments?post=2766"}],"version-history":[{"count":34,"href":"https:\/\/big-brokers.ch\/fr\/wp-json\/wp\/v2\/pages\/2766\/revisions"}],"predecessor-version":[{"id":7197,"href":"https:\/\/big-brokers.ch\/fr\/wp-json\/wp\/v2\/pages\/2766\/revisions\/7197"}],"wp:attachment":[{"href":"https:\/\/big-brokers.ch\/fr\/wp-json\/wp\/v2\/media?parent=2766"}],"curies":[{"name":"wp","href":"https:\/\/api.w.org\/{rel}","templated":true}]}}