{"id":2941,"date":"2019-03-28T23:53:53","date_gmt":"2019-03-28T22:53:53","guid":{"rendered":"https:\/\/www.big-brokers.ch\/cose-il-private-life-insurance\/"},"modified":"2025-10-22T11:55:40","modified_gmt":"2025-10-22T09:55:40","slug":"what-is-private-life-insurance","status":"publish","type":"page","link":"https:\/\/big-brokers.ch\/en\/what-is-private-life-insurance\/","title":{"rendered":"What is Private Life Insurance?"},"content":{"rendered":"<div class=\"wpb-content-wrapper\"><p>[vc_row full_width=&#8221;stretch_row&#8221;][vc_column][vc_row_inner content_placement=&#8221;middle&#8221; wrap_container=&#8221;yes&#8221; el_class=&#8221;row&#8221; css=&#8221;.vc_custom_1646043916545{padding-right: 5% !important;padding-left: 5% !important;}&#8221;][vc_column_inner width=&#8221;1\/2&#8243;][\/vc_column_inner][vc_column_inner width=&#8221;1\/4&#8243; css=&#8221;.vc_custom_1646043384555{border-top-width: 2px !important;border-right-width: 2px !important;border-bottom-width: 2px !important;border-left-width: 2px !important;padding-left: 20px !important;border-left-color: #ffffff !important;border-left-style: double !important;border-right-color: #ffffff !important;border-right-style: double !important;border-top-color: #ffffff !important;border-top-style: double !important;border-bottom-color: #ffffff !important;border-bottom-style: double !important;border-radius: 5px !important;}&#8221;][vc_single_image image=&#8221;4912&#8243; img_size=&#8221;medium&#8221; css_animation=&#8221;bounceIn&#8221;][vc_column_text css_animation=&#8221;bounceIn&#8221;]We are the largest placement agents in Monaco for seriousness, competence and experience. Specialized in <strong>Private Life Insurance<\/strong>, TCM and International Healthcare.[\/vc_column_text][\/vc_column_inner][vc_column_inner width=&#8221;1\/4&#8243;][\/vc_column_inner][\/vc_row_inner][\/vc_column][\/vc_row][vc_row css=&#8221;.vc_custom_1646044056333{margin-top: -50px !important;}&#8221;][vc_column] \n    <section class=\"content\">\n  <div class=\"container\">\n    <div class=\"row\">\n      <div class=\"col-12\">\n        <div class=\"section-title\"> <span><\/span>\n          <h2>Private Life Insurance: the safe and flexible solution<\/h2>\n          <h6>Precisione, affidabilit\u00e0 e massima discrezione sono parte della nostra identit\u00e0.<\/h6>\n        <\/div>\n        <!-- end section-title -->\n      <\/div>\n      <!-- end col-12 -->\n      <div class=\"col-12\">\n        <p class=\"lead\">L\u2019estrema incertezza dei mercati finanziari ha spinto gli investitori privati ad adottare strategie pi\u00f9 protettive nei confronti del patrimonio, a discapito di investimenti con alte performance associati a rischi elevati. L\u2019assicurazione vita si sta confermando tra i prodotti pi\u00f9 adatti a soddisfare questi obiettivi. <\/p><br>\n      <\/div>\n      <!-- end col-12 -->\n      <div class=\"col-lg-6\">\n        \n        <p>Il Private Life Insurance a livello contrattuale e fiscale \u00e8 una polizza a vita intera che permette di assecondare le esigenze di gestione patrimoniale di individui High Net Worth, societ\u00e0 e trust; integra i sofisticati servizi di private banking e di gestione degli investimenti con i vantaggi offerti dagli strumenti assicurativi - ottimizzazione fiscale, pianificazione successoria, protezione degli attivi, pluralit\u00e0 di supporto e riservatezza \u2013 in conformit\u00e0 con le normative vigenti nel proprio Paese di residenza.<\/p>\n      <\/div>\n      <!-- end col-col-6 -->\n      <div class=\"col-lg-6\">\n        <p>\u00c8 un prodotto innovativo, che garantisce una grande flessibilit\u00e0 nella stesura dei contratti e nella gestione degli attivi patrimoniali, caratterizzato da una perfetta neutralit\u00e0 fiscale e da una riservatezza garantita per legge. Queste qualit\u00e0 rendono il Private Life Insurance funzionale ai bisogni della clientela: protezione della famiglia e dei valori personali, degli immobili, delle partecipazioni, gestione del passaggio generazionale del patrimonio, consentendo la massima flessibilit\u00e0 nella scelta dei singoli strumenti finanziari che andranno a costituire il capitale investito.  <\/p>\n        <br>\n                 <div class=\"progress-infos\"><small><strong><\/strong><\/small> \n         <small class=\"pull-right\"><\/small> <\/div>\n          <!-- end progress-infos -->\n          <div class=\"progress\">\n            <div class=\"progress-bar wow progress-one\" style=\"width:  !important;\"> <\/div>\n            <!-- end progress-bar --> \n          <\/div>\n          <!-- end progress -->\n                      <!-- end progress-bar --> \n          <\/div>\n          <!-- end progress -->\n      <\/div>\n      <!-- end col-6 -->\n    <\/div>\n    <!-- end row -->\n  <\/div>\n  <!-- end container -->\n<\/section>\n[\/vc_column][\/vc_row][vc_row full_width=&#8221;stretch_row_content_no_spaces&#8221;][vc_column] \n    <section class=\"icon-content-box \">\n  <div class=\"container\">\n    <div class=\"row\">\n      <div class=\"col-12 wow fadeIn\">\n               <div class=\"section-title\"> <span>Precise in every detail<\/span>\n       \n          <h2>I nostri plus<\/h2>\n        \n        \n          <h6>BIG Insurance Brokers offers private banking customers highly personalized and independent consultancy services aimed at increasing the distribution strength and quality of insurance portfolio management. From the introductory meeting to the signing of the contract, each step is managed in an optimal and punctual manner, in order to obtain a perfect combination between the customer&#039;s needs and the insurance proposal. To maintain complete independence and autonomy, BIG Insurance Brokers has always preferred to focus exclusively on the insurance part and, unlike direct competitors, does not deal with financial management.<\/h6>\n        <\/div>\n                <!-- end section-title --> \n      <\/div>\n      <!-- end col-12 -->\n      \n      <div class=\"col-12\">\n              <div class=\"content-box wow fadeIn\">\n          <div class=\"flip-box\" data-flip-direction=\"horizontal-to-left\" data-h_text_align=\"left\" data-v_text_align=\"center\">\n            <div class=\"flip-box-front\" data-bg-overlay=\"true\" data-text-color=\"light\">\n              <div class=\"inner\"> <span><\/span>\n                <h4>BENEFICI FISCALI<\/h4>\n                <figure> <img decoding=\"async\" src=\"https:\/\/big-brokers.ch\/wp-content\/uploads\/2019\/05\/TITANUS_benefici_fiscali_icona.png\" alt=\"Image\"> <\/figure>\n              <\/div>\n              <!-- end inner --> \n            <\/div>\n            <!-- end flip-box-front -->\n            <div class=\"flip-box-back\">\n              <div class=\"inner\">\n                  <h4>BENEFICI FISCALI<\/h4>\n                  <p>La tassazione, parziale o totale, sulla plusvalenza avviene solo al momento dell\u2019eventuale riscatto.<\/p>\n              <\/div>\n              <!-- end inner --> \n            <\/div>\n            <!-- end end flip-box-back --> \n          <\/div>\n          <!-- end flip-box --> \n        <\/div>\n        <!-- end content-box -->\n                <div class=\"content-box wow fadeIn\">\n          <div class=\"flip-box\" data-flip-direction=\"horizontal-to-left\" data-h_text_align=\"left\" data-v_text_align=\"center\">\n            <div class=\"flip-box-front\" data-bg-overlay=\"true\" data-text-color=\"light\">\n              <div class=\"inner\"> <span><\/span>\n                <h4>PIANIFICAZIONE SUCCESSORIA SEMPLICE, FLESSIBILE ED EFFICIENTE<\/h4>\n                <figure> <img decoding=\"async\" src=\"https:\/\/big-brokers.ch\/wp-content\/uploads\/2019\/05\/TITANUS_pianificazione_successoria_icona.png\" alt=\"Image\"> <\/figure>\n              <\/div>\n              <!-- end inner --> \n            <\/div>\n            <!-- end flip-box-front -->\n            <div class=\"flip-box-back\">\n              <div class=\"inner\">\n                  <h4>PIANIFICAZIONE SUCCESSORIA SEMPLICE, FLESSIBILE ED EFFICIENTE<\/h4>\n                  <p>La polizza non rientra nell\u2019asse ereditario e permette la scelta sia dei beneficiari, sia della destinazione delle quote del patrimonio. I nominativi dei beneficiari possono essere modificati o revocati in ogni momento.<\/p>\n              <\/div>\n              <!-- end inner --> \n            <\/div>\n            <!-- end end flip-box-back --> \n          <\/div>\n          <!-- end flip-box --> \n        <\/div>\n        <!-- end content-box -->\n                <!-- end content-box --> \n      <\/div>\n      <!-- end col-12 --> \n    <\/div>\n    <!-- end row --> \n  <\/div>\n  <!-- end container --> \n<\/section>\n \n    <section class=\"icon-content-box nopadding\">\n  <div class=\"container\">\n    <div class=\"row\">\n      <div class=\"col-12 wow fadeIn\">\n               <!-- end section-title --> \n      <\/div>\n      <!-- end col-12 -->\n      \n      <div class=\"col-12\">\n              <div class=\"content-box wow fadeIn\">\n          <div class=\"flip-box\" data-flip-direction=\"horizontal-to-left\" data-h_text_align=\"left\" data-v_text_align=\"center\">\n            <div class=\"flip-box-front\" data-bg-overlay=\"true\" data-text-color=\"light\">\n              <div class=\"inner\"> <span><\/span>\n                <h4>MASSIMO LIVELLO DI SICUREZZA<\/h4>\n                <figure> <img decoding=\"async\" src=\"https:\/\/big-brokers.ch\/wp-content\/uploads\/2019\/05\/TITANUS_sicurezza_icona.png\" alt=\"Image\"> <\/figure>\n              <\/div>\n              <!-- end inner --> \n            <\/div>\n            <!-- end flip-box-front -->\n            <div class=\"flip-box-back\">\n              <div class=\"inner\">\n                  <h4>MASSIMO LIVELLO DI SICUREZZA<\/h4>\n                  <p>Grande riservatezza da parte delle compagnie assicurative, che non hanno alcun obbligo di rendere noti i nominativi dei beneficiari e gli importi in ambito successorio.<\/p>\n              <\/div>\n              <!-- end inner --> \n            <\/div>\n            <!-- end end flip-box-back --> \n          <\/div>\n          <!-- end flip-box --> \n        <\/div>\n        <!-- end content-box -->\n                <div class=\"content-box wow fadeIn\">\n          <div class=\"flip-box\" data-flip-direction=\"horizontal-to-left\" data-h_text_align=\"left\" data-v_text_align=\"center\">\n            <div class=\"flip-box-front\" data-bg-overlay=\"true\" data-text-color=\"light\">\n              <div class=\"inner\"> <span><\/span>\n                <h4>PROTEZIONE E CONTROLLO DEL PATRIMONIO<\/h4>\n                <figure> <img decoding=\"async\" src=\"https:\/\/big-brokers.ch\/wp-content\/uploads\/2019\/05\/TITANUS_pianificazione_successoria_icona.png\" alt=\"Image\"> <\/figure>\n              <\/div>\n              <!-- end inner --> \n            <\/div>\n            <!-- end flip-box-front -->\n            <div class=\"flip-box-back\">\n              <div class=\"inner\">\n                  <h4>PROTEZIONE E CONTROLLO DEL PATRIMONIO<\/h4>\n                  <p>Impignorabilit\u00e0 e insequestrabilit\u00e0 del patrimonio, possibilit\u00e0 di ottenere storni parziali o totali senza particolari vincoli in caso di riscatto del contratto.<\/p>\n              <\/div>\n              <!-- end inner --> \n            <\/div>\n            <!-- end end flip-box-back --> \n          <\/div>\n          <!-- end flip-box --> \n        <\/div>\n        <!-- end content-box -->\n                <div class=\"content-box wow fadeIn\">\n          <div class=\"flip-box\" data-flip-direction=\"horizontal-to-left\" data-h_text_align=\"left\" data-v_text_align=\"center\">\n            <div class=\"flip-box-front\" data-bg-overlay=\"true\" data-text-color=\"light\">\n              <div class=\"inner\"> <span><\/span>\n                <h4>PEGNO<\/h4>\n                <figure> <img decoding=\"async\" src=\"https:\/\/big-brokers.ch\/wp-content\/uploads\/2019\/05\/TITANUS_pegno_icona.png\" alt=\"Image\"> <\/figure>\n              <\/div>\n              <!-- end inner --> \n            <\/div>\n            <!-- end flip-box-front -->\n            <div class=\"flip-box-back\">\n              <div class=\"inner\">\n                  <h4>PEGNO<\/h4>\n                  <p>La polizza pu\u00f2 essere offerta a garanzia di un prestito richiesto attraverso un pegno.<\/p>\n              <\/div>\n              <!-- end inner --> \n            <\/div>\n            <!-- end end flip-box-back --> \n          <\/div>\n          <!-- end flip-box --> \n        <\/div>\n        <!-- end content-box -->\n                <!-- end content-box --> \n      <\/div>\n      <!-- end col-12 --> \n    <\/div>\n    <!-- end row --> \n  <\/div>\n  <!-- end container --> \n<\/section>\n[vc_empty_space height=&#8221;60&#8243;][\/vc_column][\/vc_row][vc_row full_width=&#8221;stretch_row_content_no_spaces&#8221; el_class=&#8221;nopadding&#8221;][vc_column] \n    <section class=\"side-image-content\" id=\"counter\">\n  <div class=\"sides bg-image wow fadeIn\" data-background=\"https:\/\/big-brokers.ch\/wp-content\/uploads\/2019\/03\/glasses.jpg\"> <\/div>\n  <!-- end sides -->\n  <div class=\"sides bg-color wow fadeIn\" data-background=\"#405089\">\n    <div class=\"inner\">\n      <div class=\"section-title light\"> <span>Network<\/span>\n        <h2>A direct presence in all major markets.<\/h2>\n        <h6>BIG Insurance Brokers operates in full compliance with the European IDD (Insurance Directive Distribution), which regulates the activity of placement, assistance, consultancy and, in general, any action having as its object an insurance contract and as its subject a risk located in a European country.<\/h6>\n      <\/div>\n      <!-- end section-title -->\n      <p>In addition to the countries where we have a direct presence (Switzerland, Monaco and France), we are active in the main European markets and have proven experience with Russian, Israeli, Turkish and various South American clients. We are the only broker specialized in PPLI with a full local license and presence in Monaco, New Caledonia and Switzerland. A real guarantee for clients and partners in terms of quality of service and compliance with the legal framework in which we operate.<\/p>\n<p>In addition to the operations offered by the two offices, there is the support of over 10 collaborators who move every day within an extensive network of legal and tax professionals. A flexible and highly dynamic structure capable of providing solutions and answers aimed at High Net Worth individuals, their family offices around the world and the private banking sector.<\/p>\n      <img decoding=\"async\" src=\"https:\/\/big-brokers.ch\/wp-content\/uploads\/2019\/07\/BIG-Insurance-Brokers-white.png\" alt=\"Image\"> <\/div>\n    <!-- end inner --> \n  <\/div>\n  <!-- end sides --> \n<\/section>\n[\/vc_column][\/vc_row][vc_row full_width=&#8221;stretch_row_content_no_spaces&#8221; content_placement=&#8221;middle&#8221;][vc_column] \n    <section class=\"image-content-box\">\n  <div class=\"container\">\n    <div class=\"row\">\n      <div class=\"col-12 wow fadeIn\">\n        <div class=\"section-title\"> <span><\/span>\n          <h2>Are you interested in Private Life Insurance, contact us<\/h2>\n          <h6>Personalised information and consultancy throughout the world.<\/h6>\n        <\/div>\n        <!-- end section-title --> \n      <\/div>\n      <!-- end col-12 -->\n      <div class=\"col-12\">\n              <div class=\"content-box wow fadeIn\">\n          <figure><img decoding=\"async\" src=\"\" alt=\"Image\"><\/figure>\n          <h4><\/h4>\n          <p><\/p>\n                  <\/div>\n        <!-- end content-box -->\n                <!-- end content-box --> \n      <\/div>\n      <!-- end col-12 --> \n    <\/div>\n    <!-- end row --> \n  <\/div>\n  <!-- end container --> \n<\/section>\n[\/vc_column][\/vc_row]<\/p>\n<\/div>","protected":false},"excerpt":{"rendered":"<p>[vc_row full_width=&#8221;stretch_row&#8221;][vc_column][vc_row_inner content_placement=&#8221;middle&#8221; wrap_container=&#8221;yes&#8221; el_class=&#8221;row&#8221; css=&#8221;.vc_custom_1646043916545{padding-right: 5% !important;padding-left: 5% !important;}&#8221;][vc_column_inner width=&#8221;1\/2&#8243;][\/vc_column_inner][vc_column_inner width=&#8221;1\/4&#8243; css=&#8221;.vc_custom_1646043384555{border-top-width: 2px !important;border-right-width: 2px !important;border-bottom-width: 2px !important;border-left-width: 2px !important;padding-left: 20px !important;border-left-color: #ffffff !important;border-left-style: double !important;border-right-color: #ffffff !important;border-right-style: double !important;border-top-color: #ffffff !important;border-top-style: double !important;border-bottom-color: #ffffff !important;border-bottom-style: double !important;border-radius: 5px !important;}&#8221;][vc_single_image image=&#8221;4912&#8243; img_size=&#8221;medium&#8221; css_animation=&#8221;bounceIn&#8221;][vc_column_text css_animation=&#8221;bounceIn&#8221;]We are the largest placement agents in Monaco for seriousness, competence [&hellip;]<\/p>\n","protected":false},"author":3,"featured_media":0,"parent":0,"menu_order":0,"comment_status":"closed","ping_status":"closed","template":"page-templates\/other-page.php","meta":{"footnotes":""},"class_list":["post-2941","page","type-page","status-publish","hentry"],"yoast_head":"<!-- This site is optimized with the Yoast SEO plugin v25.3.1 - https:\/\/yoast.com\/wordpress\/plugins\/seo\/ -->\n<title>What is Private Life Insurance? - BIG Insurance Brokers<\/title>\n<meta name=\"description\" content=\"Learn what Private Life Insurance is: a discreet and flexible wealth planning tool designed for long-term asset protection and succession.\" \/>\n<meta name=\"robots\" content=\"index, follow, max-snippet:-1, max-image-preview:large, max-video-preview:-1\" \/>\n<link rel=\"canonical\" href=\"https:\/\/www.big-brokers.ch\/en\/what-is-private-life-insurance\/\" \/>\n<meta property=\"og:locale\" content=\"en_US\" \/>\n<meta property=\"og:type\" content=\"article\" \/>\n<meta property=\"og:title\" content=\"What is Private Life Insurance? - BIG Insurance Brokers\" \/>\n<meta property=\"og:description\" content=\"Learn what Private Life Insurance is: a discreet and flexible wealth planning tool designed for long-term asset protection and succession.\" \/>\n<meta property=\"og:url\" content=\"https:\/\/www.big-brokers.ch\/en\/what-is-private-life-insurance\/\" \/>\n<meta property=\"og:site_name\" content=\"BIG Insurance Brokers\" \/>\n<meta property=\"article:modified_time\" content=\"2025-10-22T09:55:40+00:00\" \/>\n<meta name=\"twitter:card\" content=\"summary_large_image\" \/>\n<meta name=\"twitter:title\" content=\"What is Private Life Insurance? - BIG Insurance Brokers\" \/>\n<meta name=\"twitter:description\" content=\"Learn what Private Life Insurance is: a discreet and flexible wealth planning tool designed for long-term asset protection and succession.\" \/>\n<meta name=\"twitter:label1\" content=\"Est. reading time\" \/>\n\t<meta name=\"twitter:data1\" content=\"4 minutes\" \/>\n<script type=\"application\/ld+json\" class=\"yoast-schema-graph\">{\"@context\":\"https:\/\/schema.org\",\"@graph\":[{\"@type\":\"WebPage\",\"@id\":\"https:\/\/www.big-brokers.ch\/en\/what-is-private-life-insurance\/\",\"url\":\"https:\/\/www.big-brokers.ch\/en\/what-is-private-life-insurance\/\",\"name\":\"What is Private Life Insurance? - BIG Insurance Brokers\",\"isPartOf\":{\"@id\":\"https:\/\/www.big-brokers.ch\/fr\/#website\"},\"datePublished\":\"2019-03-28T22:53:53+00:00\",\"dateModified\":\"2025-10-22T09:55:40+00:00\",\"description\":\"Learn what Private Life Insurance is: a discreet and flexible wealth planning tool designed for long-term asset protection and succession.\",\"breadcrumb\":{\"@id\":\"https:\/\/www.big-brokers.ch\/en\/what-is-private-life-insurance\/#breadcrumb\"},\"inLanguage\":\"en-US\",\"potentialAction\":[{\"@type\":\"ReadAction\",\"target\":[\"https:\/\/www.big-brokers.ch\/en\/what-is-private-life-insurance\/\"]}]},{\"@type\":\"BreadcrumbList\",\"@id\":\"https:\/\/www.big-brokers.ch\/en\/what-is-private-life-insurance\/#breadcrumb\",\"itemListElement\":[{\"@type\":\"ListItem\",\"position\":1,\"name\":\"Home\",\"item\":\"https:\/\/www.big-brokers.ch\/en\/\"},{\"@type\":\"ListItem\",\"position\":2,\"name\":\"What is Private Life Insurance?\"}]},{\"@type\":\"WebSite\",\"@id\":\"https:\/\/www.big-brokers.ch\/fr\/#website\",\"url\":\"https:\/\/www.big-brokers.ch\/fr\/\",\"name\":\"BIG Insurance Brokers\",\"description\":\"we are your international brokers\",\"publisher\":{\"@id\":\"https:\/\/www.big-brokers.ch\/fr\/#organization\"},\"potentialAction\":[{\"@type\":\"SearchAction\",\"target\":{\"@type\":\"EntryPoint\",\"urlTemplate\":\"https:\/\/www.big-brokers.ch\/fr\/?s={search_term_string}\"},\"query-input\":{\"@type\":\"PropertyValueSpecification\",\"valueRequired\":true,\"valueName\":\"search_term_string\"}}],\"inLanguage\":\"en-US\"},{\"@type\":\"Organization\",\"@id\":\"https:\/\/www.big-brokers.ch\/fr\/#organization\",\"name\":\"BIG Insurance Brokers\",\"url\":\"https:\/\/www.big-brokers.ch\/fr\/\",\"logo\":{\"@type\":\"ImageObject\",\"inLanguage\":\"en-US\",\"@id\":\"https:\/\/www.big-brokers.ch\/fr\/#\/schema\/logo\/image\/\",\"url\":\"https:\/\/big-brokers.ch\/wp-content\/uploads\/2019\/08\/big-insurance-brokers-logo.png\",\"contentUrl\":\"https:\/\/big-brokers.ch\/wp-content\/uploads\/2019\/08\/big-insurance-brokers-logo.png\",\"width\":300,\"height\":143,\"caption\":\"BIG Insurance Brokers\"},\"image\":{\"@id\":\"https:\/\/www.big-brokers.ch\/fr\/#\/schema\/logo\/image\/\"}}]}<\/script>\n<!-- \/ Yoast SEO plugin. -->","yoast_head_json":{"title":"What is Private Life Insurance? - BIG Insurance Brokers","description":"Learn what Private Life Insurance is: a discreet and flexible wealth planning tool designed for long-term asset protection and succession.","robots":{"index":"index","follow":"follow","max-snippet":"max-snippet:-1","max-image-preview":"max-image-preview:large","max-video-preview":"max-video-preview:-1"},"canonical":"https:\/\/www.big-brokers.ch\/en\/what-is-private-life-insurance\/","og_locale":"en_US","og_type":"article","og_title":"What is Private Life Insurance? - BIG Insurance Brokers","og_description":"Learn what Private Life Insurance is: a discreet and flexible wealth planning tool designed for long-term asset protection and succession.","og_url":"https:\/\/www.big-brokers.ch\/en\/what-is-private-life-insurance\/","og_site_name":"BIG Insurance Brokers","article_modified_time":"2025-10-22T09:55:40+00:00","twitter_card":"summary_large_image","twitter_title":"What is Private Life Insurance? - BIG Insurance Brokers","twitter_description":"Learn what Private Life Insurance is: a discreet and flexible wealth planning tool designed for long-term asset protection and succession.","twitter_misc":{"Est. reading time":"4 minutes"},"schema":{"@context":"https:\/\/schema.org","@graph":[{"@type":"WebPage","@id":"https:\/\/www.big-brokers.ch\/en\/what-is-private-life-insurance\/","url":"https:\/\/www.big-brokers.ch\/en\/what-is-private-life-insurance\/","name":"What is Private Life Insurance? - BIG Insurance Brokers","isPartOf":{"@id":"https:\/\/www.big-brokers.ch\/fr\/#website"},"datePublished":"2019-03-28T22:53:53+00:00","dateModified":"2025-10-22T09:55:40+00:00","description":"Learn what Private Life Insurance is: a discreet and flexible wealth planning tool designed for long-term asset protection and succession.","breadcrumb":{"@id":"https:\/\/www.big-brokers.ch\/en\/what-is-private-life-insurance\/#breadcrumb"},"inLanguage":"en-US","potentialAction":[{"@type":"ReadAction","target":["https:\/\/www.big-brokers.ch\/en\/what-is-private-life-insurance\/"]}]},{"@type":"BreadcrumbList","@id":"https:\/\/www.big-brokers.ch\/en\/what-is-private-life-insurance\/#breadcrumb","itemListElement":[{"@type":"ListItem","position":1,"name":"Home","item":"https:\/\/www.big-brokers.ch\/en\/"},{"@type":"ListItem","position":2,"name":"What is Private Life Insurance?"}]},{"@type":"WebSite","@id":"https:\/\/www.big-brokers.ch\/fr\/#website","url":"https:\/\/www.big-brokers.ch\/fr\/","name":"BIG Insurance Brokers","description":"we are your international brokers","publisher":{"@id":"https:\/\/www.big-brokers.ch\/fr\/#organization"},"potentialAction":[{"@type":"SearchAction","target":{"@type":"EntryPoint","urlTemplate":"https:\/\/www.big-brokers.ch\/fr\/?s={search_term_string}"},"query-input":{"@type":"PropertyValueSpecification","valueRequired":true,"valueName":"search_term_string"}}],"inLanguage":"en-US"},{"@type":"Organization","@id":"https:\/\/www.big-brokers.ch\/fr\/#organization","name":"BIG Insurance Brokers","url":"https:\/\/www.big-brokers.ch\/fr\/","logo":{"@type":"ImageObject","inLanguage":"en-US","@id":"https:\/\/www.big-brokers.ch\/fr\/#\/schema\/logo\/image\/","url":"https:\/\/big-brokers.ch\/wp-content\/uploads\/2019\/08\/big-insurance-brokers-logo.png","contentUrl":"https:\/\/big-brokers.ch\/wp-content\/uploads\/2019\/08\/big-insurance-brokers-logo.png","width":300,"height":143,"caption":"BIG Insurance Brokers"},"image":{"@id":"https:\/\/www.big-brokers.ch\/fr\/#\/schema\/logo\/image\/"}}]}},"_links":{"self":[{"href":"https:\/\/big-brokers.ch\/en\/wp-json\/wp\/v2\/pages\/2941","targetHints":{"allow":["GET"]}}],"collection":[{"href":"https:\/\/big-brokers.ch\/en\/wp-json\/wp\/v2\/pages"}],"about":[{"href":"https:\/\/big-brokers.ch\/en\/wp-json\/wp\/v2\/types\/page"}],"author":[{"embeddable":true,"href":"https:\/\/big-brokers.ch\/en\/wp-json\/wp\/v2\/users\/3"}],"replies":[{"embeddable":true,"href":"https:\/\/big-brokers.ch\/en\/wp-json\/wp\/v2\/comments?post=2941"}],"version-history":[{"count":23,"href":"https:\/\/big-brokers.ch\/en\/wp-json\/wp\/v2\/pages\/2941\/revisions"}],"predecessor-version":[{"id":7161,"href":"https:\/\/big-brokers.ch\/en\/wp-json\/wp\/v2\/pages\/2941\/revisions\/7161"}],"wp:attachment":[{"href":"https:\/\/big-brokers.ch\/en\/wp-json\/wp\/v2\/media?parent=2941"}],"curies":[{"name":"wp","href":"https:\/\/api.w.org\/{rel}","templated":true}]}}